{"id":48157,"date":"2021-10-11T08:18:30","date_gmt":"2021-10-11T12:18:30","guid":{"rendered":"https:\/\/www.menudrive.com\/cupones\/"},"modified":"2022-03-09T16:54:57","modified_gmt":"2022-03-09T21:54:57","slug":"cupones","status":"publish","type":"page","link":"https:\/\/www.menudrive.com\/mx\/cupones\/","title":{"rendered":"Cupones de Menudrive"},"content":{"rendered":"\n<div class=\"wp-block-ugb-columns ugb-columns ugb-19618a8 ugb-columns--design-plain ugb-columns--columns-2 ugb-main-block\"><style>@media screen and (min-width:768px){.ugb-19618a8.ugb-columns{margin-left:30px !important;padding-right:111px !important;padding-left:111px !important}}<\/style><div class=\"ugb-inner-block\"><div class=\"ugb-block-content\"><div class=\"ugb-columns__item ugb-19618a8-content-wrapper\">\n<div class=\"wp-block-ugb-column ugb-column ugb-b6b7157 ugb-column--design-plain ugb-main-block\"><div class=\"ugb-inner-block\"><div class=\"ugb-block-content\"><div class=\"ugb-column__item ugb-b6b7157-column-wrapper\"><div class=\"ugb-column__content-wrapper\">\n<div class=\"wp-block-ugb-heading ugb-heading ugb-69c7f07 ugb-main-block\"><style>.ugb-69c7f07 .ugb-heading__title{font-family:\"Open Sans\",Sans-serif !important;font-size:57px !important;font-weight:200 !important}.ugb-69c7f07 .ugb-heading__subtitle{font-family:\"Open Sans\",Sans-serif !important;font-size:19px !important;color:var(--stk-global-color-10230,#000000)}@media screen and (max-width:1025px){.ugb-69c7f07 .ugb-heading__title{font-size:50px !important}}<\/style><div class=\"ugb-inner-block\"><div class=\"ugb-block-content\"><h1 class=\"ugb-heading__title\"><span class=\"ugb-highlight\">Cup\u00f3n<\/span> <span class=\"ugb-highlight\">Generador<\/span><\/h1><p class=\"ugb-heading__subtitle\">Impulse las ventas y atraiga a nuevos clientes con descuentos y cupones integrados que puede personalizar. Utiliza los cupones para:<\/p><\/div><\/div><\/div>\n\n\n\n<div class=\"wp-block-ugb-icon-list ugb-icon-list ugb-bbc1b93 ugb-icon-list--v2 ugb-main-block\"><style>.ugb-bbc1b93 li{font-family:\"Open Sans\",Sans-serif !important;color:var(--stk-global-color-10230,#000000)}.ugb-bbc1b93 li::before{background-image:url('data:image\/svg+xml;base64,PHN2ZyBkYXRhLXByZWZpeD0iZmFzIiBkYXRhLWljb249ImFycm93LXJpZ2h0IiBjbGFzcz0ic3ZnLWlubGluZS0tZmEgZmEtYXJyb3ctcmlnaHQgZmEtdy0xNCIgcm9sZT0iaW1nIiB4bWxucz0iaHR0cDovL3d3dy53My5vcmcvMjAwMC9zdmciIHZpZXdCb3g9IjAgMCA0NDggNTEyIiBzdHlsZT0iZmlsbDogI2Y1ODAyNSAhaW1wb3J0YW50OyBjb2xvcjogI2Y1ODAyNSAhaW1wb3J0YW50Ij48cGF0aCBmaWxsPSIjZjU4MDI1IiBkPSJNMTkwLjUgNjYuOWwyMi4yLTIyLjJjOS40LTkuNCAyNC42LTkuNCAzMy45IDBMNDQxIDIzOWM5LjQgOS40IDkuNCAyNC42IDAgMzMuOUwyNDYuNiA0NjcuM2MtOS40IDkuNC0yNC42IDkuNC0zMy45IDBsLTIyLjItMjIuMmMtOS41LTkuNS05LjMtMjUgLjQtMzQuM0wzMTEuNCAyOTZIMjRjLTEzLjMgMC0yNC0xMC43LTI0LTI0di0zMmMwLTEzLjMgMTAuNy0yNCAyNC0yNGgyODcuNEwxOTAuOSAxMDEuMmMtOS44LTkuMy0xMC0yNC44LS40LTM0LjN6IiBzdHJva2U9IiNmNTgwMjUiIHN0eWxlPSJmaWxsOiByZ2IoMjQ1LCAxMjgsIDM3KTsgc3Ryb2tlOiByZ2IoMjQ1LCAxMjgsIDM3KTsiLz48L3N2Zz4=')}.ugb-bbc1b93.ugb-icon-list ul{columns:1}<\/style><div class=\"ugb-inner-block\"><div class=\"ugb-block-content\"><ul><li>Personalizar la promoci\u00f3n de los productos  <\/li><li>Da las gracias a tus clientes habituales<\/li><li>Impulsar los pedidos de nuevos art\u00edculos del men\u00fa<\/li><\/ul><\/div><\/div><\/div>\n\n\n\n<div class=\"wp-block-ugb-button ugb-button-wrapper ugb-58dc94b ugb-main-block\"><style>.ugb-58dc94b .ugb-block-content{justify-content:flex-start !important}.ugb-58dc94b .ugb-button1{background-color:var(--stk-global-color-15085,#f58025)}.ugb-58dc94b .ugb-button1 .ugb-button--inner,.ugb-58dc94b .ugb-button1 svg:not(.ugb-custom-icon){color:var(--stk-global-color-47760,#ffffff) !important}.ugb-58dc94b .ugb-inner-block{text-align:left}<\/style><div class=\"ugb-inner-block\"><div class=\"ugb-block-content\"><div class=\"ugb-button-container\"><a class=\"ugb-button1 ugb-button ugb-button--size-normal\" href=\"https:\/\/www.menudrive.com\/mx\/menudrive_spanish\" rel=\"\" title=\"\"><span class=\"ugb-button--inner\">Empieza ya<\/span><\/a><\/div><\/div><\/div><\/div>\n\n\n\n<p class=\"eplus-543Li1\" data-block-type=\"core\"><\/p>\n<\/div><\/div><\/div><\/div><\/div>\n\n\n\n<div class=\"wp-block-ugb-column ugb-column ugb-186ed2f ugb-column--design-plain ugb-main-block\"><div class=\"ugb-inner-block\"><div class=\"ugb-block-content\"><div class=\"ugb-column__item ugb-186ed2f-column-wrapper\"><div class=\"ugb-column__content-wrapper\">\n<div class=\"wp-block-ugb-image-box ugb-image-box ugb-615234d ugb-image-box--v4 ugb-image-box--columns-1 ugb-image-box--design-basic ugb-main-block ugb--hide-mobile\"><style>.ugb-615234d .ugb-image-box__item{height:400px !important}.ugb-615234d .ugb-image-box__item1 .ugb-image-box__image{background-image:url(https:\/\/www.menudrive.com\/wp-content\/uploads\/2021\/09\/Artboard-8-1024x1024.png)}@media screen and (min-width:768px) and (max-width:1025px){.ugb-615234d .ugb-image-box__item{height:300px !important}}@media screen and (max-width:768px){.ugb-615234d .ugb-image-box__item{height:300px !important}}<\/style><div class=\"ugb-inner-block\"><div class=\"ugb-block-content\"><div class=\"ugb-image-box__item ugb-image-box__item1 ugb-image-box__box ugb--shadow-0\"><div class=\"ugb-image-box__box ugb-image-box__image-wrapper\"><div class=\"ugb-image-box__box ugb-image-box__image\"><\/div><\/div><div class=\"ugb-image-box__content\"><\/div><\/div><\/div><\/div><\/div>\n<\/div><\/div><\/div><\/div><\/div>\n<\/div><\/div><\/div><\/div>\n\n\n\n<div class=\"alignfull wp-block-ugb-text ugb-text ugb-6ed4fbc ugb-text--design-plain ugb-text--columns-1 ugb-main-block ugb-main-block--inner-center ugb--has-block-background\"><style>.ugb-6ed4fbc .ugb-text__title{color:var(--stk-global-color-10230,#000000);font-family:\"Open Sans\",Sans-serif !important;font-size:24px !important;text-align:left}.ugb-6ed4fbc .ugb-text__text p{font-family:\"Open Sans\",Sans-serif !important;color:var(--stk-global-color-10230,#000000)}.ugb-6ed4fbc.ugb-text{background-color:#fff7f1}.ugb-6ed4fbc.ugb-text:before{background-color:#fff7f1}@media screen and (min-width:768px){.ugb-6ed4fbc.ugb-text{padding-right:40px !important;padding-left:40px !important}}<\/style><div class=\"ugb-inner-block ugb-inner-block--center\"><div class=\"ugb-block-content\"><div class=\"ugb-text__title-wrapper\"><h3 class=\"ugb-text__title\">Aumente sus ingresos con los cupones<\/h3><\/div><div class=\"ugb-text__text-wrapper\"><div class=\"ugb-text__text\"><p class=\"ugb-text__text-1\">Un cup\u00f3n es una herramienta de marketing que se puede canjear por un descuento econ\u00f3mico. Los comerciantes de MenuDrive pueden crear cupones personalizados directamente desde el ACP (Panel de Control Administrativo). Existen numerosas opciones, como por ejemplo c\u00f3mo y cu\u00e1ndo utilizarlas y cu\u00e1nto tiempo mantenerlas en funcionamiento. Los cupones son uno de los favoritos de los clientes y una gran forma de mejorar la repetici\u00f3n de la compra. Pruebe a d\u00e1rselos a los clientes que vienen por primera vez y ver\u00e1 c\u00f3mo muchos vuelven a por m\u00e1s.<\/p><\/div><\/div><\/div><\/div><\/div>\n\n\n\n<div class=\"aligncenter wp-block-ugb-cta ugb-cta ugb-7289bcf ugb-cta ugb-cta--v2 ugb-cta--design-plain ugb-main-block\"><style>.ugb-7289bcf .ugb-button{background-color:var(--stk-global-color-15085,#f58025)}.ugb-7289bcf .ugb-button .ugb-button--inner,.ugb-7289bcf .ugb-button svg:not(.ugb-custom-icon){color:var(--stk-global-color-47760,#ffffff) !important}<\/style><div class=\"ugb-inner-block\"><div class=\"ugb-block-content\"><div class=\"ugb-cta__item\"><div class=\"ugb-button-container\"><a class=\"ugb-button ugb-button--size-normal\" href=\"https:\/\/www.menudrive.com\/mx\/menudrive_spanish\" rel=\"\" title=\"\"><span class=\"ugb-button--inner\">Empieza ya<\/span><\/a><\/div><\/div><\/div><\/div><\/div>\n\n\n\n<div class=\"wp-block-ugb-feature-grid ugb-feature-grid ugb-1477cab ugb-feature-grid--v2 ugb-feature-grid--columns-4 ugb-feature-grid--design-plain ugb-main-block\"><style>.ugb-1477cab .ugb-feature-grid__title{color:var(--stk-global-color-10230,#000000);font-size:20px !important}.ugb-1477cab .ugb-feature-grid__description{color:var(--stk-global-color-10230,#000000)}.ugb-1477cab .ugb-block-title{font-size:32px !important;color:var(--stk-global-color-10230,#000000);text-align:center}<\/style><div class=\"ugb-inner-block\"><h3 class=\"ugb-block-title\">Cree cupones basados en metas que impulsen sus objetivos empresariales<\/h3><div class=\"ugb-block-content\"><div class=\"ugb-feature-grid__item ugb-feature-grid__item1\"><div class=\"ugb-feature-grid__content\"><h4 class=\"ugb-feature-grid__title\">Nuevos clientes<\/h4><p class=\"ugb-feature-grid__description\">Env\u00ede un cup\u00f3n personalizado tras el primer pedido de un cliente en funci\u00f3n de lo que haya comprado.<\/p><\/div><\/div><div class=\"ugb-feature-grid__item ugb-feature-grid__item2\"><div class=\"ugb-feature-grid__content\"><h4 class=\"ugb-feature-grid__title\">Bolet\u00edn de noticias<\/h4><p class=\"ugb-feature-grid__description\">Aumente la comunidad de su bolet\u00edn de noticias ofreciendo un descuento especial en su pr\u00f3xima compra a cambio de las inscripciones por correo electr\u00f3nico.<\/p><\/div><\/div><div class=\"ugb-feature-grid__item ugb-feature-grid__item3\"><div class=\"ugb-feature-grid__content\"><h4 class=\"ugb-feature-grid__title\">Ocasiones especiales<\/h4><p class=\"ugb-feature-grid__description\">Env\u00ede cupones personalizados a sus clientes en sus aniversarios. La automatizaci\u00f3n le permite mantener el piloto autom\u00e1tico<\/p><\/div><\/div><div class=\"ugb-feature-grid__item ugb-feature-grid__item4\"><div class=\"ugb-feature-grid__content\"><h4 class=\"ugb-feature-grid__title\">Descuentos por cumplea\u00f1os<\/h4><p class=\"ugb-feature-grid__description\">Fomente la relaci\u00f3n con sus clientes ofreci\u00e9ndoles autom\u00e1ticamente un descuento en su cumplea\u00f1os.<\/p><\/div><\/div><\/div><\/div><\/div>\n\n\n\n<div class=\"aligncenter wp-block-ugb-cta ugb-cta ugb-dc93e9e ugb-cta ugb-cta--v2 ugb-cta--design-plain ugb-main-block\"><style>.ugb-dc93e9e .ugb-button{background-color:var(--stk-global-color-15085,#f58025)}.ugb-dc93e9e .ugb-button .ugb-button--inner,.ugb-dc93e9e .ugb-button svg:not(.ugb-custom-icon){color:var(--stk-global-color-47760,#ffffff) !important}<\/style><div class=\"ugb-inner-block\"><div class=\"ugb-block-content\"><div class=\"ugb-cta__item\"><div class=\"ugb-button-container\"><a class=\"ugb-button ugb-button--size-normal\" href=\"https:\/\/orderstart.com\/self_signon\/step1\" rel=\"\" title=\"\"><span class=\"ugb-button--inner\">Pru\u00e9balo ahora!<\/span><\/a><\/div><\/div><\/div><\/div><\/div>\n\n\n\n<div class=\"wp-block-ugb-container ugb-container ugb-ba6dd54 ugb-container--v2 ugb-container--design-basic ugb-main-block\"><div class=\"ugb-inner-block\"><div class=\"ugb-block-content\"><div class=\"ugb-container__wrapper ugb-ba6dd54-wrapper\"><div class=\"ugb-container__side\"><div class=\"ugb-container__content-wrapper ugb-ba6dd54-content-wrapper\">\n<div class=\"wp-block-ugb-heading ugb-heading ugb-bf039e2 ugb-main-block\"><style>.ugb-bf039e2 .ugb-heading__title{color:var(--stk-global-color-10230,#000000);font-size:24px !important;text-align:center}<\/style><div class=\"ugb-inner-block\"><div class=\"ugb-block-content\"><h2 class=\"ugb-heading__title\"><strong><span class=\"ugb-highlight\"><em>LOGAN&#8217;S BAR &amp; GRILL<\/em><\/span><\/strong><\/h2><\/div><\/div><\/div>\n\n\n\n<div class=\"wp-block-ugb-columns ugb-columns ugb-5400b8c ugb-columns--design-plain ugb-columns--columns-3 ugb-main-block\"><div class=\"ugb-inner-block\"><div class=\"ugb-block-content\"><div class=\"ugb-columns__item ugb-5400b8c-content-wrapper\">\n<div class=\"wp-block-ugb-column ugb-column ugb-40ffc26 ugb-column--design-plain ugb-main-block\"><div class=\"ugb-inner-block\"><div class=\"ugb-block-content\"><div class=\"ugb-column__item ugb-40ffc26-column-wrapper\"><div class=\"ugb-column__content-wrapper\">\n<div class=\"wp-block-ugb-text ugb-text ugb-b4ac87f ugb-text--design-plain ugb-text--columns-1 ugb-main-block\"><style>.ugb-b4ac87f .ugb-text__title{color:var(--stk-global-color-72853,#003f5f);font-size:25px !important;text-align:center}.ugb-b4ac87f .ugb-text__text p{color:var(--stk-global-color-10230,#000000)}.ugb-b4ac87f .ugb-inner-block{text-align:center}<\/style><div class=\"ugb-inner-block\"><div class=\"ugb-block-content\"><div class=\"ugb-text__title-wrapper\"><h2 class=\"ugb-text__title\"><strong>ANTES<\/strong><\/h2><\/div><div class=\"ugb-text__text-wrapper\"><div class=\"ugb-text__text\"><p class=\"ugb-text__text-1\">Prob\u00e9 los cupones de los peri\u00f3dicos, los env\u00edos por correo y las ofertas de los recibos. Descubrimos que los clientes suelen tirar los recibos, que los correos se reciclan y que el n\u00famero de lectores de los peri\u00f3dicos ha bajado.<\/p><\/div><\/div><\/div><\/div><\/div>\n<\/div><\/div><\/div><\/div><\/div>\n\n\n\n<div class=\"wp-block-ugb-column ugb-column ugb-cd3793f ugb-column--design-plain ugb-main-block\"><div class=\"ugb-inner-block\"><div class=\"ugb-block-content\"><div class=\"ugb-column__item ugb-cd3793f-column-wrapper\"><div class=\"ugb-column__content-wrapper\">\n<div class=\"wp-block-image eplus-3GoiMq\" data-block-type=\"core\"><figure class=\"aligncenter size-full is-resized\"><img loading=\"lazy\" src=\"https:\/\/www.menudrive.com\/wp-content\/uploads\/2021\/10\/5A527403-48F7-479C-89F5-20A8D0297AD2.jpeg\" alt=\"\" class=\"wp-image-48051\" width=\"151\" height=\"151\" srcset=\"https:\/\/www.menudrive.com\/wp-content\/uploads\/2021\/10\/5A527403-48F7-479C-89F5-20A8D0297AD2.jpeg 500w, https:\/\/www.menudrive.com\/wp-content\/uploads\/2021\/10\/5A527403-48F7-479C-89F5-20A8D0297AD2-300x300.jpeg 300w, https:\/\/www.menudrive.com\/wp-content\/uploads\/2021\/10\/5A527403-48F7-479C-89F5-20A8D0297AD2-150x150.jpeg 150w, https:\/\/www.menudrive.com\/wp-content\/uploads\/2021\/10\/5A527403-48F7-479C-89F5-20A8D0297AD2-100x100.jpeg 100w\" sizes=\"(max-width: 151px) 100vw, 151px\" \/><\/figure><\/div>\n<\/div><\/div><\/div><\/div><\/div>\n\n\n\n<div class=\"wp-block-ugb-column ugb-column ugb-c5d9e48 ugb-column--design-plain ugb-main-block\"><div class=\"ugb-inner-block\"><div class=\"ugb-block-content\"><div class=\"ugb-column__item ugb-c5d9e48-column-wrapper\"><div class=\"ugb-column__content-wrapper\">\n<div class=\"wp-block-ugb-text ugb-text ugb-ba12be0 ugb-text--design-plain ugb-text--columns-1 ugb-main-block\"><style>.ugb-ba12be0 .ugb-text__title{color:var(--stk-global-color-72853,#003f5f);font-size:25px !important;text-align:center}.ugb-ba12be0 .ugb-text__text p{color:var(--stk-global-color-10230,#000000)}.ugb-ba12be0 .ugb-inner-block{text-align:center}<\/style><div class=\"ugb-inner-block\"><div class=\"ugb-block-content\"><div class=\"ugb-text__title-wrapper\"><h2 class=\"ugb-text__title\"><strong>DESPU\u00c9S DE<\/strong><\/h2><\/div><div class=\"ugb-text__text-wrapper\"><div class=\"ugb-text__text\"><p class=\"ugb-text__text-1\">En pocas semanas, una sola oferta de cup\u00f3n tuvo un retorno de la inversi\u00f3n (ROI) del 264% y 11.000 d\u00f3lares de beneficio.<\/p><\/div><\/div><\/div><\/div><\/div>\n<\/div><\/div><\/div><\/div><\/div>\n<\/div><\/div><\/div><\/div>\n\n\n\n<div class=\"wp-block-ugb-feature-grid ugb-feature-grid ugb-d68fc00 ugb-feature-grid--v2 ugb-feature-grid--columns-4 ugb-feature-grid--design-plain ugb-main-block\"><style>.ugb-d68fc00 .ugb-feature-grid__title{color:var(--stk-global-color-72853,#003f5f);font-size:48px !important;font-weight:300 !important}.ugb-d68fc00 .ugb-feature-grid__description{color:var(--stk-global-color-10230,#000000)}.ugb-d68fc00 .ugb-block-title{font-size:25px !important;color:var(--stk-global-color-10230,#000000);text-align:center}<\/style><div class=\"ugb-inner-block\"><h3 class=\"ugb-block-title\">RESULTADOS DE LOS CUPONES DE LOGAN<\/h3><div class=\"ugb-block-content\"><div class=\"ugb-feature-grid__item ugb-feature-grid__item1\"><div class=\"ugb-feature-grid__content\"><h3 class=\"ugb-feature-grid__title\">645<\/h3><p class=\"ugb-feature-grid__description\">Ofertas redimidas<\/p><\/div><\/div><div class=\"ugb-feature-grid__item ugb-feature-grid__item2\"><div class=\"ugb-feature-grid__content\"><h3 class=\"ugb-feature-grid__title\">$14,927.44<\/h3><p class=\"ugb-feature-grid__description\">Valor de la transacci\u00f3n<\/p><\/div><\/div><div class=\"ugb-feature-grid__item ugb-feature-grid__item3\"><div class=\"ugb-feature-grid__content\"><h3 class=\"ugb-feature-grid__title\">$11,707.44<\/h3><p class=\"ugb-feature-grid__description\">Beneficios<\/p><\/div><\/div><div class=\"ugb-feature-grid__item ugb-feature-grid__item4\"><div class=\"ugb-feature-grid__content\"><h3 class=\"ugb-feature-grid__title\">264%<\/h3><p class=\"ugb-feature-grid__description\">ROI<\/p><\/div><\/div><\/div><\/div><\/div>\n\n\n\n<div class=\"wp-block-ugb-button ugb-button-wrapper ugb-05c952f ugb-main-block\"><style>.ugb-05c952f .ugb-button1{background-color:var(--stk-global-color-15085,#f58025)}.ugb-05c952f .ugb-button1 .ugb-button--inner,.ugb-05c952f .ugb-button1 svg:not(.ugb-custom-icon){color:var(--stk-global-color-47760,#ffffff) !important}<\/style><div class=\"ugb-inner-block\"><div class=\"ugb-block-content\"><div class=\"ugb-button-container\"><a class=\"ugb-button1 ugb-button ugb-button--size-normal\" href=\"https:\/\/www.menudrive.com\/mx\/exito-con-clientes-como-logans-bar-grill-aumento-las-ventas-un-20\/\" rel=\"\" title=\"\"><span class=\"ugb-button--inner\">Leer estudio de caso  <\/span><\/a><\/div><\/div><\/div><\/div>\n<\/div><\/div><\/div><\/div><\/div><\/div>\n\n\n\n<div class=\"alignfull wp-block-ugb-cta ugb-cta ugb-1cbda14 ugb-cta ugb-cta--v2 ugb-cta--design-plain ugb-main-block ugb-main-block--inner-center ugb--has-block-background\"><style>.ugb-1cbda14 .ugb-cta__title{font-size:24px !important;color:var(--stk-global-color-10230,#000000)}.ugb-1cbda14 .ugb-cta__description{font-size:20px !important;color:var(--stk-global-color-10230,#000000)}.ugb-1cbda14 .ugb-button{background-color:var(--stk-global-color-15085,#f58025)}.ugb-1cbda14 .ugb-button .ugb-button--inner,.ugb-1cbda14 .ugb-button svg:not(.ugb-custom-icon){color:var(--stk-global-color-47760,#ffffff) !important}.ugb-1cbda14.ugb-cta{background-color:#f6f6f6}.ugb-1cbda14.ugb-cta:before{background-color:#f6f6f6}<\/style><div class=\"ugb-inner-block ugb-inner-block--center\"><div class=\"ugb-block-content\"><div class=\"ugb-cta__item\"><h2 class=\"ugb-cta__title\">Reg\u00edstrese para una prueba gratuita de 90 d\u00edas<\/h2><p class=\"ugb-cta__description\">Empiece a hacer crecer su negocio de restauraci\u00f3n hoy mismo. Consiga m\u00e1s pedidos y comercialice su restaurante a una base de clientes m\u00e1s amplia.<\/p><div class=\"ugb-button-container\"><a class=\"ugb-button ugb-button--size-normal\" href=\"https:\/\/www.menudrive.com\/mx\/menudrive_spanish\" rel=\"\" title=\"\"><span class=\"ugb-button--inner\">Empieza ya<\/span><\/a><\/div><\/div><\/div><\/div><\/div>\n","protected":false},"excerpt":{"rendered":"<p>Cup\u00f3n Generador Impulse las ventas y atraiga a nuevos clientes con descuentos y cupones integrados que puede personalizar. Utiliza los cupones para: Personalizar la promoci\u00f3n de los productos Da las gracias a tus clientes habituales Impulsar los pedidos de nuevos art\u00edculos del men\u00fa Empieza ya Aumente sus ingresos con los cupones Un cup\u00f3n es una &hellip;<\/p>\n<p class=\"read-more\"> <a class=\"\" href=\"https:\/\/www.menudrive.com\/mx\/cupones\/\"> <span class=\"screen-reader-text\">Cupones de Menudrive<\/span> Read More \u00bb<\/a><\/p>\n","protected":false},"author":15,"featured_media":0,"parent":0,"menu_order":0,"comment_status":"closed","ping_status":"closed","template":"","meta":{"editor_plus_custom_animation_option_css":"{}","om_disable_all_campaigns":false,"editor_plus_custom_css":"{\"1d053230-8a9b-483a-8b45-14f0401e64a5\":\".eplus-3GoiMq { \\n\\n}\",\"979abc2b-da65-465f-b4a6-28af0a2f6a05\":\".eplus-543Li1 { \\n\\n}\"}","editor_plus_custom_css_file_version":"latest-880","editor_plus_custom_styling_options_file_version":"latest-4170","editor_plus_custom_styling_options_css":"{\"1d053230-8a9b-483a-8b45-14f0401e64a5\":\"\",\"979abc2b-da65-465f-b4a6-28af0a2f6a05\":\"\"}","editor_plus_copied_stylings":"{}","editor_plus_extended_blocks_css":"{}","editor_plus_post_options":"{}"},"categories":[],"tags":[],"featured_image_urls":{"full":""},"post_excerpt_stackable":"<p>Cup\u00f3n GeneradorImpulse las ventas y atraiga a nuevos clientes con descuentos y cupones integrados que puede personalizar. Utiliza los cupones para: Personalizar la promoci\u00f3n de los productos Da las gracias a tus clientes habitualesImpulsar los pedidos de nuevos art\u00edculos del men\u00fa Empieza ya Aumente sus ingresos con los cuponesUn cup\u00f3n es una herramienta de marketing que se puede canjear por un descuento econ\u00f3mico. Los comerciantes de MenuDrive pueden crear cupones personalizados directamente desde el ACP (Panel de Control Administrativo). Existen numerosas opciones, como por ejemplo c\u00f3mo y cu\u00e1ndo utilizarlas y cu\u00e1nto tiempo mantenerlas en funcionamiento. Los cupones son uno de&hellip;<\/p>\n","category_list":"Sin categor\u00eda","author_info":{"name":"Sristi","url":"https:\/\/www.menudrive.com\/mx\/author\/sristi\/"},"comments_num":"0 comments","featured_image_urls_v2":{"full":"","thumbnail":"","medium":"","medium_large":"","large":"","1536x1536":"","2048x2048":"","ab-block-post-grid-landscape":"","ab-block-post-grid-square":"","gb-block-post-grid-landscape":"","gb-block-post-grid-square":""},"post_excerpt_stackable_v2":"<p>Cup\u00f3n GeneradorImpulse las ventas y atraiga a nuevos clientes con descuentos y cupones integrados que puede personalizar. Utiliza los cupones para: Personalizar la promoci\u00f3n de los productos Da las gracias a tus clientes habitualesImpulsar los pedidos de nuevos art\u00edculos del men\u00fa Empieza ya Aumente sus ingresos con los cuponesUn cup\u00f3n es una herramienta de marketing que se puede canjear por un descuento econ\u00f3mico. Los comerciantes de MenuDrive pueden crear cupones personalizados directamente desde el ACP (Panel de Control Administrativo). Existen numerosas opciones, como por ejemplo c\u00f3mo y cu\u00e1ndo utilizarlas y cu\u00e1nto tiempo mantenerlas en funcionamiento. Los cupones son uno de&hellip;<\/p>\n","category_list_v2":"Sin categor\u00eda","author_info_v2":{"name":"Sristi","url":"https:\/\/www.menudrive.com\/mx\/author\/sristi\/"},"comments_num_v2":"0 comments","featured_image_src":null,"featured_image_src_square":null,"uagb_featured_image_src":{"full":false,"thumbnail":false,"medium":false,"medium_large":false,"large":false,"1536x1536":false,"2048x2048":false,"ab-block-post-grid-landscape":false,"ab-block-post-grid-square":false,"gb-block-post-grid-landscape":false,"gb-block-post-grid-square":false},"uagb_author_info":{"display_name":"Sristi","author_link":"https:\/\/www.menudrive.com\/mx\/author\/sristi\/"},"uagb_comment_info":0,"uagb_excerpt":"Cup\u00f3n Generador Impulse las ventas y atraiga a nuevos clientes con descuentos y cupones integrados que puede personalizar. Utiliza los cupones para: Personalizar la promoci\u00f3n de los productos Da las gracias a tus clientes habituales Impulsar los pedidos de nuevos art\u00edculos del men\u00fa Empieza ya Aumente sus ingresos con los cupones Un cup\u00f3n es una&hellip;","_links":{"self":[{"href":"https:\/\/www.menudrive.com\/mx\/wp-json\/wp\/v2\/pages\/48157"}],"collection":[{"href":"https:\/\/www.menudrive.com\/mx\/wp-json\/wp\/v2\/pages"}],"about":[{"href":"https:\/\/www.menudrive.com\/mx\/wp-json\/wp\/v2\/types\/page"}],"author":[{"embeddable":true,"href":"https:\/\/www.menudrive.com\/mx\/wp-json\/wp\/v2\/users\/15"}],"replies":[{"embeddable":true,"href":"https:\/\/www.menudrive.com\/mx\/wp-json\/wp\/v2\/comments?post=48157"}],"version-history":[{"count":0,"href":"https:\/\/www.menudrive.com\/mx\/wp-json\/wp\/v2\/pages\/48157\/revisions"}],"wp:attachment":[{"href":"https:\/\/www.menudrive.com\/mx\/wp-json\/wp\/v2\/media?parent=48157"}],"wp:term":[{"taxonomy":"category","embeddable":true,"href":"https:\/\/www.menudrive.com\/mx\/wp-json\/wp\/v2\/categories?post=48157"},{"taxonomy":"post_tag","embeddable":true,"href":"https:\/\/www.menudrive.com\/mx\/wp-json\/wp\/v2\/tags?post=48157"}],"curies":[{"name":"wp","href":"https:\/\/api.w.org\/{rel}","templated":true}]}}