{"id":48148,"date":"2021-10-11T07:11:51","date_gmt":"2021-10-11T11:11:51","guid":{"rendered":"https:\/\/www.menudrive.com\/?page_id=48148"},"modified":"2022-03-09T16:51:56","modified_gmt":"2022-03-09T21:51:56","slug":"informes-de-ventas-y-clientes","status":"publish","type":"page","link":"https:\/\/www.menudrive.com\/mx\/informes-de-ventas-y-clientes\/","title":{"rendered":"Sales and Customer Reporting"},"content":{"rendered":"\n<div class=\"wp-block-ugb-columns ugb-columns ugb-19618a8 ugb-columns--design-plain ugb-columns--columns-2 ugb-main-block\"><style>@media screen and (min-width:768px){.ugb-19618a8.ugb-columns{margin-left:30px !important;padding-right:111px !important;padding-left:111px !important}}<\/style><div class=\"ugb-inner-block\"><div class=\"ugb-block-content\"><div class=\"ugb-columns__item ugb-19618a8-content-wrapper\">\n<div class=\"wp-block-ugb-column ugb-column ugb-b6b7157 ugb-column--design-plain ugb-main-block\"><div class=\"ugb-inner-block\"><div class=\"ugb-block-content\"><div class=\"ugb-column__item ugb-b6b7157-column-wrapper\"><div class=\"ugb-column__content-wrapper\">\n<div class=\"wp-block-ugb-heading ugb-heading ugb-6ee2814 ugb-main-block\"><style>.ugb-6ee2814 .ugb-heading__title{font-family:\"Open Sans\",Sans-serif !important;font-size:57px !important;font-weight:200 !important}.ugb-6ee2814 .ugb-heading__subtitle{font-size:19px !important;color:var(--stk-global-color-10230,#000000)}@media screen and (max-width:1025px){.ugb-6ee2814 .ugb-heading__title{font-size:50px !important}}<\/style><div class=\"ugb-inner-block\"><div class=\"ugb-block-content\"><h1 class=\"ugb-heading__title\"><span class=\"ugb-highlight\">Informes de ventas y clientes<\/span><\/h1><p class=\"ugb-heading__subtitle\">La funci\u00f3n de informes de MenuDrive proporciona informaci\u00f3n clave sobre el historial de pedidos, los promedios de cheques, el volumen de ventas y las ventas de clientes individuales. Utilice los datos de los informes para:<\/p><\/div><\/div><\/div>\n\n\n\n<div class=\"wp-block-ugb-icon-list ugb-icon-list ugb-1990512 ugb-icon-list--v2 ugb-main-block\"><style>.ugb-1990512 li{color:var(--stk-global-color-10230,#000000)}.ugb-1990512 li::before{background-image:url('data:image\/svg+xml;base64,PHN2ZyBkYXRhLXByZWZpeD0iZmFzIiBkYXRhLWljb249ImFycm93LXJpZ2h0IiBjbGFzcz0ic3ZnLWlubGluZS0tZmEgZmEtYXJyb3ctcmlnaHQgZmEtdy0xNCIgcm9sZT0iaW1nIiB4bWxucz0iaHR0cDovL3d3dy53My5vcmcvMjAwMC9zdmciIHZpZXdCb3g9IjAgMCA0NDggNTEyIiBzdHlsZT0iZmlsbDogI2Y1ODAyNSAhaW1wb3J0YW50OyBjb2xvcjogI2Y1ODAyNSAhaW1wb3J0YW50Ij48cGF0aCBmaWxsPSIjZjU4MDI1IiBkPSJNMTkwLjUgNjYuOWwyMi4yLTIyLjJjOS40LTkuNCAyNC42LTkuNCAzMy45IDBMNDQxIDIzOWM5LjQgOS40IDkuNCAyNC42IDAgMzMuOUwyNDYuNiA0NjcuM2MtOS40IDkuNC0yNC42IDkuNC0zMy45IDBsLTIyLjItMjIuMmMtOS41LTkuNS05LjMtMjUgLjQtMzQuM0wzMTEuNCAyOTZIMjRjLTEzLjMgMC0yNC0xMC43LTI0LTI0di0zMmMwLTEzLjMgMTAuNy0yNCAyNC0yNGgyODcuNEwxOTAuOSAxMDEuMmMtOS44LTkuMy0xMC0yNC44LS40LTM0LjN6IiBzdHJva2U9IiNmNTgwMjUiIHN0eWxlPSJmaWxsOiByZ2IoMjQ1LCAxMjgsIDM3KTsgc3Ryb2tlOiByZ2IoMjQ1LCAxMjgsIDM3KTsiLz48L3N2Zz4=')}.ugb-1990512.ugb-icon-list ul{columns:1}<\/style><div class=\"ugb-inner-block\"><div class=\"ugb-block-content\"><ul><li>Vigilar el volumen de ventas<\/li><li>Obtenga datos centralizados y en tiempo real<\/li><li>Comprender el comportamiento de los clientes<\/li><\/ul><\/div><\/div><\/div>\n\n\n\n<div class=\"wp-block-ugb-button ugb-button-wrapper ugb-58dc94b ugb-main-block\"><style>.ugb-58dc94b .ugb-block-content{justify-content:flex-start !important}.ugb-58dc94b .ugb-button1{background-color:var(--stk-global-color-15085,#f58025)}.ugb-58dc94b .ugb-button1 .ugb-button--inner,.ugb-58dc94b .ugb-button1 svg:not(.ugb-custom-icon){color:var(--stk-global-color-47760,#ffffff) !important}.ugb-58dc94b .ugb-inner-block{text-align:left}<\/style><div class=\"ugb-inner-block\"><div class=\"ugb-block-content\"><div class=\"ugb-button-container\"><a class=\"ugb-button1 ugb-button ugb-button--size-normal\" href=\"https:\/\/orderstart.com\/self_signon\/step1\" rel=\"\" title=\"\"><span class=\"ugb-button--inner\">Empieza ya<\/span><\/a><\/div><\/div><\/div><\/div>\n<\/div><\/div><\/div><\/div><\/div>\n\n\n\n<div class=\"wp-block-ugb-column ugb-column ugb-186ed2f ugb-column--design-plain ugb-main-block ugb--hide-mobile\"><div class=\"ugb-inner-block\"><div class=\"ugb-block-content\"><div class=\"ugb-column__item ugb-186ed2f-column-wrapper\"><div class=\"ugb-column__content-wrapper\">\n<div class=\"wp-block-ugb-image-box ugb-image-box ugb-9324caf ugb-image-box--v4 ugb-image-box--columns-1 ugb-image-box--design-basic ugb-main-block\"><style>.ugb-9324caf .ugb-image-box__item{height:400px !important}.ugb-9324caf .ugb-image-box__item1 .ugb-image-box__image{background-image:url(https:\/\/www.menudrive.com\/wp-content\/uploads\/2021\/10\/Artboard-12-1024x1024.png)}@media screen and (min-width:768px) and (max-width:1025px){.ugb-9324caf .ugb-image-box__item{height:300px !important}}@media screen and (max-width:768px){.ugb-9324caf .ugb-image-box__item{height:300px !important}}<\/style><div class=\"ugb-inner-block\"><div class=\"ugb-block-content\"><div class=\"ugb-image-box__item ugb-image-box__item1 ugb-image-box__box ugb--shadow-0\"><div class=\"ugb-image-box__box ugb-image-box__image-wrapper\"><div class=\"ugb-image-box__box ugb-image-box__image\"><\/div><\/div><div class=\"ugb-image-box__content\"><\/div><\/div><\/div><\/div><\/div>\n<\/div><\/div><\/div><\/div><\/div>\n<\/div><\/div><\/div><\/div>\n\n\n\n<div class=\"alignfull wp-block-ugb-text ugb-text ugb-c4dba88 ugb-text--design-plain ugb-text--columns-1 ugb-main-block ugb-main-block--inner-center ugb--has-block-background\"><style>.ugb-c4dba88 .ugb-text__title{color:var(--stk-global-color-10230,#000000);font-size:24px !important}.ugb-c4dba88 .ugb-text__text p{font-family:\"Open Sans\",Sans-serif !important;color:var(--stk-global-color-10230,#000000)}.ugb-c4dba88.ugb-text{background-color:#fff7f1}.ugb-c4dba88.ugb-text:before{background-color:#fff7f1}<\/style><div class=\"ugb-inner-block ugb-inner-block--center\"><div class=\"ugb-block-content\"><div class=\"ugb-text__title-wrapper\"><h3 class=\"ugb-text__title\">Conozca el rendimiento de su empresa en tiempo real<\/h3><\/div><div class=\"ugb-text__text-wrapper\"><div class=\"ugb-text__text\"><p class=\"ugb-text__text-1\">Los informes de MenuDrive le ayudan a vigilar los detalles de sus pedidos. Haga un seguimiento de los gastos de entrega, el importe medio de los cheques, la informaci\u00f3n sobre las propinas y mucho m\u00e1s. Analice la entrega frente a la recogida o incluso el volumen de ventas a nivel de art\u00edculo. Los an\u00e1lisis detallados le ayudan a comprender el comportamiento de los clientes y le mantienen al d\u00eda sobre las formas de mejorar el rendimiento de su sitio de pedidos en l\u00ednea.<\/p><\/div><\/div><\/div><\/div><\/div>\n\n\n\n<div class=\"aligncenter wp-block-ugb-cta ugb-cta ugb-28b5a9a ugb-cta ugb-cta--v2 ugb-cta--design-plain ugb-main-block\"><style>.ugb-28b5a9a .ugb-button{background-color:var(--stk-global-color-15085,#f58025)}.ugb-28b5a9a .ugb-button .ugb-button--inner,.ugb-28b5a9a .ugb-button svg:not(.ugb-custom-icon){color:var(--stk-global-color-47760,#ffffff) !important}<\/style><div class=\"ugb-inner-block\"><div class=\"ugb-block-content\"><div class=\"ugb-cta__item\"><div class=\"ugb-button-container\"><a class=\"ugb-button ugb-button--size-normal\" href=\"https:\/\/www.menudrive.com\/mx\/menudrive_spanish\" target=\"_blank\" rel=\"noopener noreferrer\" title=\"\"><span class=\"ugb-button--inner\">Empieza ya<\/span><\/a><\/div><\/div><\/div><\/div><\/div>\n\n\n\n<div class=\"wp-block-ugb-container ugb-container ugb-d0d7fcf ugb-container--v2 ugb-container--design-basic ugb-main-block\"><div class=\"ugb-inner-block\"><div class=\"ugb-block-content\"><div class=\"ugb-container__wrapper ugb-d0d7fcf-wrapper\"><div class=\"ugb-container__side\"><div class=\"ugb-container__content-wrapper ugb-d0d7fcf-content-wrapper\">\n<div class=\"wp-block-ugb-heading ugb-heading ugb-bf039e2 ugb-main-block\"><style>.ugb-bf039e2 .ugb-heading__title{color:var(--stk-global-color-10230,#000000);font-size:24px !important;text-align:center}<\/style><div class=\"ugb-inner-block\"><div class=\"ugb-block-content\"><h2 class=\"ugb-heading__title\"><strong><span class=\"ugb-highlight\"><em>LOGAN\u2019S BAR &amp; GRILL<\/em><\/span><\/strong><\/h2><\/div><\/div><\/div>\n\n\n\n<div class=\"wp-block-ugb-text ugb-text ugb-c442ef4 ugb-text--design-plain ugb-text--columns-1 ugb-main-block\"><style>.ugb-c442ef4 .ugb-inner-block{text-align:center}<\/style><div class=\"ugb-inner-block\"><div class=\"ugb-block-content\"><div class=\"ugb-text__text-wrapper\"><div class=\"ugb-text__text\"><p class=\"ugb-text__text-1\"> El marketing puede suponer una gran diferencia para un restaurante, pero muchos no se molestan en hacer mucho. MenuDrive ofrece m\u00e1s funciones de marketing que cualquier otra plataforma del mercado y puede ayudarle a obtener los beneficios, \u00a1como hizo Michelle en Logan&#8217;s! Lea el caso de estudio para saber c\u00f3mo puede ver n\u00fameros como este.<\/p><\/div><\/div><\/div><\/div><\/div>\n\n\n\n<div class=\"wp-block-ugb-feature-grid ugb-feature-grid ugb-b26faa5 ugb-feature-grid--v2 ugb-feature-grid--columns-4 ugb-feature-grid--design-plain ugb-main-block\"><style>.ugb-b26faa5 .ugb-feature-grid__title{color:var(--stk-global-color-72853,#003f5f);font-size:48px !important;font-weight:300 !important;text-align:center}.ugb-b26faa5 .ugb-feature-grid__description{color:var(--stk-global-color-10230,#000000);text-align:center}@media screen and (min-width:768px){.ugb-b26faa5.ugb-feature-grid{margin-bottom:15px !important}}<\/style><div class=\"ugb-inner-block\"><div class=\"ugb-block-content\"><div class=\"ugb-feature-grid__item ugb-feature-grid__item1\"><div class=\"ugb-feature-grid__content\"><h3 class=\"ugb-feature-grid__title\">645<\/h3><p class=\"ugb-feature-grid__description\">Ofertas redimidas<\/p><\/div><\/div><div class=\"ugb-feature-grid__item ugb-feature-grid__item2\"><div class=\"ugb-feature-grid__content\"><h3 class=\"ugb-feature-grid__title\">$14,927.44<\/h3><p class=\"ugb-feature-grid__description\">Valor de la transacci\u00f3n<\/p><\/div><\/div><div class=\"ugb-feature-grid__item ugb-feature-grid__item3\"><div class=\"ugb-feature-grid__content\"><h3 class=\"ugb-feature-grid__title\">$11,707.44<\/h3><p class=\"ugb-feature-grid__description\">Beneficios<\/p><\/div><\/div><div class=\"ugb-feature-grid__item ugb-feature-grid__item4\"><div class=\"ugb-feature-grid__content\"><h3 class=\"ugb-feature-grid__title\">264%<\/h3><p class=\"ugb-feature-grid__description\">Retorno de la inversi\u00f3n<\/p><\/div><\/div><\/div><\/div><\/div>\n\n\n\n<div class=\"wp-block-ugb-button ugb-button-wrapper ugb-6b63544 ugb-main-block\"><style>.ugb-6b63544 .ugb-button1{background-color:var(--stk-global-color-15085,#f58025)}.ugb-6b63544 .ugb-button1 .ugb-button--inner,.ugb-6b63544 .ugb-button1 svg:not(.ugb-custom-icon){color:var(--stk-global-color-47760,#ffffff) !important}<\/style><div class=\"ugb-inner-block\"><div class=\"ugb-block-content\"><div class=\"ugb-button-container\"><a class=\"ugb-button1 ugb-button ugb-button--size-normal\" href=\"https:\/\/www.menudrive.com\/customer-success-logansbarandgrill\/\" rel=\"\" title=\"\"><span class=\"ugb-button--inner\">Leer estudio de caso<\/span><\/a><\/div><\/div><\/div><\/div>\n<\/div><\/div><\/div><\/div><\/div><\/div>\n\n\n\n<div class=\"alignfull wp-block-ugb-cta ugb-cta ugb-1cbda14 ugb-cta ugb-cta--v2 ugb-cta--design-plain ugb-main-block ugb-main-block--inner-center ugb--has-block-background\"><style>.ugb-1cbda14 .ugb-cta__title{font-size:24px !important;color:var(--stk-global-color-10230,#000000)}.ugb-1cbda14 .ugb-cta__description{font-size:20px !important;color:var(--stk-global-color-10230,#000000)}.ugb-1cbda14 .ugb-button{background-color:var(--stk-global-color-15085,#f58025)}.ugb-1cbda14 .ugb-button .ugb-button--inner,.ugb-1cbda14 .ugb-button svg:not(.ugb-custom-icon){color:var(--stk-global-color-47760,#ffffff) !important}.ugb-1cbda14.ugb-cta{background-color:#f6f6f6}.ugb-1cbda14.ugb-cta:before{background-color:#f6f6f6}<\/style><div class=\"ugb-inner-block ugb-inner-block--center\"><div class=\"ugb-block-content\"><div class=\"ugb-cta__item\"><h3 class=\"ugb-cta__title\">Reg\u00edstrese para una prueba gratuita de 90 d\u00edas<\/h3><p class=\"ugb-cta__description\">Empiece a hacer crecer su negocio de restauraci\u00f3n hoy mismo. Consiga m\u00e1s pedidos y comercialice su restaurante a una base de clientes m\u00e1s amplia.<\/p><div class=\"ugb-button-container\"><a class=\"ugb-button ugb-button--size-normal\" href=\"https:\/\/www.menudrive.com\/mx\/menudrive_spanish\" target=\"_blank\" rel=\"noopener noreferrer\" title=\"\"><span class=\"ugb-button--inner\">Empieza ya<\/span><\/a><\/div><\/div><\/div><\/div><\/div>\n","protected":false},"excerpt":{"rendered":"<p>Informes de ventas y clientes La funci\u00f3n de informes de MenuDrive proporciona informaci\u00f3n clave sobre el historial de pedidos, los promedios de cheques, el volumen de ventas y las ventas de clientes individuales. Utilice los datos de los informes para: Vigilar el volumen de ventas Obtenga datos centralizados y en tiempo real Comprender el comportamiento &hellip;<\/p>\n<p class=\"read-more\"> <a class=\"\" href=\"https:\/\/www.menudrive.com\/mx\/informes-de-ventas-y-clientes\/\"> <span class=\"screen-reader-text\">Sales and Customer Reporting<\/span> Read More \u00bb<\/a><\/p>\n","protected":false},"author":15,"featured_media":0,"parent":0,"menu_order":0,"comment_status":"closed","ping_status":"closed","template":"","meta":{"editor_plus_custom_animation_option_css":"{}","om_disable_all_campaigns":false,"editor_plus_custom_css":"{}","editor_plus_custom_css_file_version":"initial","editor_plus_custom_styling_options_file_version":"initial","editor_plus_custom_styling_options_css":"{}","editor_plus_copied_stylings":"{}","editor_plus_extended_blocks_css":"{}","editor_plus_post_options":"{}"},"categories":[],"tags":[],"featured_image_urls":{"full":""},"post_excerpt_stackable":"<p>Informes de ventas y clientesLa funci\u00f3n de informes de MenuDrive proporciona informaci\u00f3n clave sobre el historial de pedidos, los promedios de cheques, el volumen de ventas y las ventas de clientes individuales. Utilice los datos de los informes para: Vigilar el volumen de ventasObtenga datos centralizados y en tiempo realComprender el comportamiento de los clientes Empieza ya Conozca el rendimiento de su empresa en tiempo realLos informes de MenuDrive le ayudan a vigilar los detalles de sus pedidos. Haga un seguimiento de los gastos de entrega, el importe medio de los cheques, la informaci\u00f3n sobre las propinas y mucho m\u00e1s.&hellip;<\/p>\n","category_list":"Sin categor\u00eda","author_info":{"name":"Sristi","url":"https:\/\/www.menudrive.com\/mx\/author\/sristi\/"},"comments_num":"0 comments","featured_image_urls_v2":{"full":"","thumbnail":"","medium":"","medium_large":"","large":"","1536x1536":"","2048x2048":"","ab-block-post-grid-landscape":"","ab-block-post-grid-square":"","gb-block-post-grid-landscape":"","gb-block-post-grid-square":""},"post_excerpt_stackable_v2":"<p>Informes de ventas y clientesLa funci\u00f3n de informes de MenuDrive proporciona informaci\u00f3n clave sobre el historial de pedidos, los promedios de cheques, el volumen de ventas y las ventas de clientes individuales. Utilice los datos de los informes para: Vigilar el volumen de ventasObtenga datos centralizados y en tiempo realComprender el comportamiento de los clientes Empieza ya Conozca el rendimiento de su empresa en tiempo realLos informes de MenuDrive le ayudan a vigilar los detalles de sus pedidos. Haga un seguimiento de los gastos de entrega, el importe medio de los cheques, la informaci\u00f3n sobre las propinas y mucho m\u00e1s.&hellip;<\/p>\n","category_list_v2":"Sin categor\u00eda","author_info_v2":{"name":"Sristi","url":"https:\/\/www.menudrive.com\/mx\/author\/sristi\/"},"comments_num_v2":"0 comments","featured_image_src":null,"featured_image_src_square":null,"uagb_featured_image_src":{"full":false,"thumbnail":false,"medium":false,"medium_large":false,"large":false,"1536x1536":false,"2048x2048":false,"ab-block-post-grid-landscape":false,"ab-block-post-grid-square":false,"gb-block-post-grid-landscape":false,"gb-block-post-grid-square":false},"uagb_author_info":{"display_name":"Sristi","author_link":"https:\/\/www.menudrive.com\/mx\/author\/sristi\/"},"uagb_comment_info":0,"uagb_excerpt":"Informes de ventas y clientes La funci\u00f3n de informes de MenuDrive proporciona informaci\u00f3n clave sobre el historial de pedidos, los promedios de cheques, el volumen de ventas y las ventas de clientes individuales. Utilice los datos de los informes para: Vigilar el volumen de ventas Obtenga datos centralizados y en tiempo real Comprender el comportamiento&hellip;","_links":{"self":[{"href":"https:\/\/www.menudrive.com\/mx\/wp-json\/wp\/v2\/pages\/48148"}],"collection":[{"href":"https:\/\/www.menudrive.com\/mx\/wp-json\/wp\/v2\/pages"}],"about":[{"href":"https:\/\/www.menudrive.com\/mx\/wp-json\/wp\/v2\/types\/page"}],"author":[{"embeddable":true,"href":"https:\/\/www.menudrive.com\/mx\/wp-json\/wp\/v2\/users\/15"}],"replies":[{"embeddable":true,"href":"https:\/\/www.menudrive.com\/mx\/wp-json\/wp\/v2\/comments?post=48148"}],"version-history":[{"count":0,"href":"https:\/\/www.menudrive.com\/mx\/wp-json\/wp\/v2\/pages\/48148\/revisions"}],"wp:attachment":[{"href":"https:\/\/www.menudrive.com\/mx\/wp-json\/wp\/v2\/media?parent=48148"}],"wp:term":[{"taxonomy":"category","embeddable":true,"href":"https:\/\/www.menudrive.com\/mx\/wp-json\/wp\/v2\/categories?post=48148"},{"taxonomy":"post_tag","embeddable":true,"href":"https:\/\/www.menudrive.com\/mx\/wp-json\/wp\/v2\/tags?post=48148"}],"curies":[{"name":"wp","href":"https:\/\/api.w.org\/{rel}","templated":true}]}}