{"id":47864,"date":"2021-09-30T10:22:14","date_gmt":"2021-09-30T14:22:14","guid":{"rendered":"https:\/\/www.menudrive.com\/?page_id=47864"},"modified":"2021-09-30T12:45:59","modified_gmt":"2021-09-30T16:45:59","slug":"paleta-de-colores","status":"publish","type":"page","link":"https:\/\/www.menudrive.com\/mx\/paleta-de-colores\/","title":{"rendered":"Paleta-de-colores"},"content":{"rendered":"\n<div class=\"wp-block-ugb-columns ugb-columns ugb-19618a8 ugb-columns--design-plain ugb-columns--columns-2 ugb-main-block\"><style>@media screen and (min-width:768px){.ugb-19618a8.ugb-columns{margin-left:30px !important;padding-right:111px !important;padding-left:111px !important}}<\/style><div class=\"ugb-inner-block\"><div class=\"ugb-block-content\"><div class=\"ugb-columns__item ugb-19618a8-content-wrapper\">\n<div class=\"wp-block-ugb-column ugb-column ugb-b6b7157 ugb-column--design-plain ugb-main-block\"><div class=\"ugb-inner-block\"><div class=\"ugb-block-content\"><div class=\"ugb-column__item ugb-b6b7157-column-wrapper\"><div class=\"ugb-column__content-wrapper\">\n<div class=\"wp-block-ugb-heading ugb-heading ugb-d5edee8 ugb-main-block\"><style>.ugb-d5edee8 .ugb-heading__title{text-align:left}.ugb-d5edee8 .ugb-heading__subtitle{font-size:15px !important;font-weight:400 !important;color:var(u002du002dstk-global-color-10230,#000000)}.ugb-d5edee8 .ugb-inner-block{text-align:left}<\/style><div class=\"ugb-inner-block\"><div class=\"ugb-block-content\"><h1 class=\"ugb-heading__title\"><span style=\"color: var(--stk-global-color-10230, #000000);\" class=\"ugb-highlight\">Paleta<\/span><span style=\"color: var(--stk-global-color-15085, #f58025);\" class=\"ugb-highlight\"> de colores<\/span><\/h1><p class=\"ugb-heading__subtitle\">Crea diferentes paletas de colores que complementen tu logotipo, reforzando tu marca, haci\u00e9ndola m\u00e1s memorable y f\u00e1cil de recordar para tus clientes en el futuro adem\u00e1s mejora el posicionamiento de tu negocio y la tasa de conversi\u00f3n.<\/p><\/div><\/div><\/div>\n\n\n\n<div class=\"wp-block-ugb-button ugb-button-wrapper ugb-5121d62 ugb-main-block\"><style>.ugb-5121d62 .ugb-block-content{justify-content:flex-start !important}.ugb-5121d62 .ugb-button1{background-color:var(--stk-global-color-15085,#f58025)}.ugb-5121d62 .ugb-button1 .ugb-button--inner,.ugb-5121d62 .ugb-button1 svg:not(.ugb-custom-icon){color:var(--stk-global-color-47760,#ffffff) !important}.ugb-5121d62 .ugb-inner-block{text-align:left}<\/style><div class=\"ugb-inner-block\"><div class=\"ugb-block-content\"><div class=\"ugb-button-container\"><a class=\"ugb-button1 ugb-button ugb-button--size-normal\" href=\"https:\/\/menudrivelabs.com\/mx\/colorpalette\" rel=\"\" title=\"\"><span class=\"ugb-button--inner\">Genera tu paleta de colores<\/span><\/a><\/div><\/div><\/div><\/div>\n<\/div><\/div><\/div><\/div><\/div>\n\n\n\n<div class=\"wp-block-ugb-column ugb-column ugb-186ed2f ugb-column--design-plain ugb-main-block\"><div class=\"ugb-inner-block\"><div class=\"ugb-block-content\"><div class=\"ugb-column__item ugb-186ed2f-column-wrapper\"><div class=\"ugb-column__content-wrapper\">\n<div class=\"wp-block-image eplus-WvK1tA is-style-default\" data-block-type=\"core\"><figure class=\"aligncenter size-large\"><img loading=\"lazy\" width=\"640\" height=\"431\" src=\"https:\/\/www.menudrive.com\/wp-content\/uploads\/2021\/08\/aa.jpg\" alt=\"\" class=\"wp-image-46936\" srcset=\"https:\/\/www.menudrive.com\/wp-content\/uploads\/2021\/08\/aa.jpg 640w, https:\/\/www.menudrive.com\/wp-content\/uploads\/2021\/08\/aa-300x202.jpg 300w, https:\/\/www.menudrive.com\/wp-content\/uploads\/2021\/08\/aa-223x150.jpg 223w, https:\/\/www.menudrive.com\/wp-content\/uploads\/2021\/08\/aa-500x337.jpg 500w\" sizes=\"(max-width: 640px) 100vw, 640px\" \/><\/figure><\/div>\n<\/div><\/div><\/div><\/div><\/div>\n<\/div><\/div><\/div><\/div>\n\n\n\n<div class=\"wp-container-2 wp-block-columns eplus-ER0LGr\" data-block-type=\"core\">\n<div class=\"wp-container-1 wp-block-column eplus-mj7KgV\" style=\"flex-basis:100%\" data-block-type=\"core\">\n<h3 class=\"eplus-UO07MN\" id=\"h-crea-tu-propia-paleta-de-colores-personalizada\" data-block-type=\"core\"><strong>Crea tu propia paleta de colores personalizada<\/strong><\/h3>\n\n\n\n<p class=\"eplus-RhSM3D\" data-block-type=\"core\">Cualquier imagen que refleje los colores primarios de tu marca como: tu sitio web, tu logotipo o hasta una foto de tu restaurante se podran utilizar para crear f\u00e1cilmente una paleta de colores que te brinde una armon\u00eda visual del restaurante.<\/p>\n<\/div>\n<\/div>\n","protected":false},"excerpt":{"rendered":"<p>Paleta de colores Crea diferentes paletas de colores que complementen tu logotipo, reforzando tu marca, haci\u00e9ndola m\u00e1s memorable y f\u00e1cil de recordar para tus clientes en el futuro adem\u00e1s mejora el posicionamiento de tu negocio y la tasa de conversi\u00f3n. Genera tu paleta de colores Crea tu propia paleta de colores personalizada Cualquier imagen que &hellip;<\/p>\n<p class=\"read-more\"> <a class=\"\" href=\"https:\/\/www.menudrive.com\/mx\/paleta-de-colores\/\"> <span class=\"screen-reader-text\">Paleta-de-colores<\/span> Read More \u00bb<\/a><\/p>\n","protected":false},"author":15,"featured_media":0,"parent":0,"menu_order":0,"comment_status":"closed","ping_status":"closed","template":"","meta":{"editor_plus_custom_animation_option_css":"{}","om_disable_all_campaigns":false,"editor_plus_custom_css":"{\"d0b598ba-83ad-4d79-82f7-8b8dbc0763e9\":\".eplus-WvK1tA.is-style-default { \\n\\n}\",\"45612949-b0f1-45f3-8c23-8ba334cdb322\":\".eplus-UO07MN { \\n\\n}\",\"6dd8d497-147c-4a6e-92a3-38b23f815ea3\":\".eplus-RhSM3D { \\n\\n}\",\"90181b91-c5ab-451c-841d-5e79da9a85d7\":\".eplus-mj7KgV { \\n\\n}\",\"de5b9e16-9ceb-48cf-bc9c-2251df6b1c28\":\".eplus-ER0LGr { \\n\\n}\"}","editor_plus_custom_css_file_version":"latest-297","editor_plus_custom_styling_options_file_version":"latest-8306","editor_plus_custom_styling_options_css":"{\"d0b598ba-83ad-4d79-82f7-8b8dbc0763e9\":\"\",\"45612949-b0f1-45f3-8c23-8ba334cdb322\":\"\",\"6dd8d497-147c-4a6e-92a3-38b23f815ea3\":\"\",\"90181b91-c5ab-451c-841d-5e79da9a85d7\":\".eplus_styles .eplus-mj7KgV {\\n                position: relative;\\n                padding-top: 30px !important;\\npadding-right: 30px !important;\\npadding-bottom: 30px !important;\\npadding-left: 30px !important;\\nbackground-image: linear-gradient(rgba(255, 247, 241, 1), rgba(255, 247, 241, 1));\\n            }\",\"de5b9e16-9ceb-48cf-bc9c-2251df6b1c28\":\"\"}","editor_plus_copied_stylings":"{}","editor_plus_extended_blocks_css":"{}","editor_plus_post_options":"{}"},"categories":[],"tags":[],"featured_image_urls":{"full":""},"post_excerpt_stackable":"<p>Paleta de coloresCrea diferentes paletas de colores que complementen tu logotipo, reforzando tu marca, haci\u00e9ndola m\u00e1s memorable y f\u00e1cil de recordar para tus clientes en el futuro adem\u00e1s mejora el posicionamiento de tu negocio y la tasa de conversi\u00f3n. Genera tu paleta de colores Crea tu propia paleta de colores personalizada Cualquier imagen que refleje los colores primarios de tu marca como: tu sitio web, tu logotipo o hasta una foto de tu restaurante se podran utilizar para crear f\u00e1cilmente una paleta de colores que te brinde una armon\u00eda visual del restaurante.<\/p>\n","category_list":"Sin categor\u00eda","author_info":{"name":"Sristi","url":"https:\/\/www.menudrive.com\/mx\/author\/sristi\/"},"comments_num":"0 comments","featured_image_urls_v2":{"full":"","thumbnail":"","medium":"","medium_large":"","large":"","1536x1536":"","2048x2048":"","ab-block-post-grid-landscape":"","ab-block-post-grid-square":"","gb-block-post-grid-landscape":"","gb-block-post-grid-square":""},"post_excerpt_stackable_v2":"<p>Paleta de coloresCrea diferentes paletas de colores que complementen tu logotipo, reforzando tu marca, haci\u00e9ndola m\u00e1s memorable y f\u00e1cil de recordar para tus clientes en el futuro adem\u00e1s mejora el posicionamiento de tu negocio y la tasa de conversi\u00f3n. Genera tu paleta de colores Crea tu propia paleta de colores personalizada Cualquier imagen que refleje los colores primarios de tu marca como: tu sitio web, tu logotipo o hasta una foto de tu restaurante se podran utilizar para crear f\u00e1cilmente una paleta de colores que te brinde una armon\u00eda visual del restaurante.<\/p>\n","category_list_v2":"Sin categor\u00eda","author_info_v2":{"name":"Sristi","url":"https:\/\/www.menudrive.com\/mx\/author\/sristi\/"},"comments_num_v2":"0 comments","featured_image_src":null,"featured_image_src_square":null,"uagb_featured_image_src":{"full":false,"thumbnail":false,"medium":false,"medium_large":false,"large":false,"1536x1536":false,"2048x2048":false,"ab-block-post-grid-landscape":false,"ab-block-post-grid-square":false,"gb-block-post-grid-landscape":false,"gb-block-post-grid-square":false},"uagb_author_info":{"display_name":"Sristi","author_link":"https:\/\/www.menudrive.com\/mx\/author\/sristi\/"},"uagb_comment_info":0,"uagb_excerpt":"Paleta de colores Crea diferentes paletas de colores que complementen tu logotipo, reforzando tu marca, haci\u00e9ndola m\u00e1s memorable y f\u00e1cil de recordar para tus clientes en el futuro adem\u00e1s mejora el posicionamiento de tu negocio y la tasa de conversi\u00f3n. Genera tu paleta de colores Crea tu propia paleta de colores personalizada Cualquier imagen que&hellip;","_links":{"self":[{"href":"https:\/\/www.menudrive.com\/mx\/wp-json\/wp\/v2\/pages\/47864"}],"collection":[{"href":"https:\/\/www.menudrive.com\/mx\/wp-json\/wp\/v2\/pages"}],"about":[{"href":"https:\/\/www.menudrive.com\/mx\/wp-json\/wp\/v2\/types\/page"}],"author":[{"embeddable":true,"href":"https:\/\/www.menudrive.com\/mx\/wp-json\/wp\/v2\/users\/15"}],"replies":[{"embeddable":true,"href":"https:\/\/www.menudrive.com\/mx\/wp-json\/wp\/v2\/comments?post=47864"}],"version-history":[{"count":0,"href":"https:\/\/www.menudrive.com\/mx\/wp-json\/wp\/v2\/pages\/47864\/revisions"}],"wp:attachment":[{"href":"https:\/\/www.menudrive.com\/mx\/wp-json\/wp\/v2\/media?parent=47864"}],"wp:term":[{"taxonomy":"category","embeddable":true,"href":"https:\/\/www.menudrive.com\/mx\/wp-json\/wp\/v2\/categories?post=47864"},{"taxonomy":"post_tag","embeddable":true,"href":"https:\/\/www.menudrive.com\/mx\/wp-json\/wp\/v2\/tags?post=47864"}],"curies":[{"name":"wp","href":"https:\/\/api.w.org\/{rel}","templated":true}]}}