{"id":47846,"date":"2021-09-30T10:09:01","date_gmt":"2021-09-30T14:09:01","guid":{"rendered":"https:\/\/www.menudrive.com\/?page_id=47846"},"modified":"2021-09-30T10:12:59","modified_gmt":"2021-09-30T14:12:59","slug":"generador-de-codigos-qr","status":"publish","type":"page","link":"https:\/\/www.menudrive.com\/mx\/generador-de-codigos-qr\/","title":{"rendered":"Generador de codigos QR"},"content":{"rendered":"\n<div class=\"wp-block-ugb-columns ugb-columns ugb-19618a8 ugb-columns--design-plain ugb-columns--columns-2 ugb-main-block\"><style>@media screen and (min-width:768px){.ugb-19618a8.ugb-columns{padding-right:111px !important;padding-left:111px !important}}<\/style><div class=\"ugb-inner-block\"><div class=\"ugb-block-content\"><div class=\"ugb-columns__item ugb-19618a8-content-wrapper\">\n<div class=\"wp-block-ugb-column ugb-column ugb-b6b7157 ugb-column--design-plain ugb-main-block\"><div class=\"ugb-inner-block\"><div class=\"ugb-block-content\"><div class=\"ugb-column__item ugb-b6b7157-column-wrapper\"><div class=\"ugb-column__content-wrapper\">\n<div class=\"wp-block-ugb-heading ugb-heading ugb-d5edee8 ugb-main-block\"><style>.ugb-d5edee8 .ugb-heading__title{text-align:left}.ugb-d5edee8 .ugb-heading__subtitle{font-size:15px !important;font-weight:400 !important;color:var(u002du002dstk-global-color-10230,#000000)}.ugb-d5edee8 .ugb-inner-block{text-align:left}<\/style><div class=\"ugb-inner-block\"><div class=\"ugb-block-content\"><h1 class=\"ugb-heading__title\"><span style=\"color: var(--stk-global-color-10230, #000000);\" class=\"ugb-highlight\">Generador de<\/span><span style=\"color: var(--stk-global-color-15085, #f58025);\" class=\"ugb-highlight\"> codigos QR<\/span><\/h1><p class=\"ugb-heading__subtitle\">Si los c\u00f3digos QR no forman parte de la estrategia de marketing de su restaurante, es posible que est\u00e9 perdiendo pedidos. Utilice los c\u00f3digos QR para generar el inter\u00e9s de los clientes, dirigir el tr\u00e1fico y aumentar las ventas a trav\u00e9s de la impresi\u00f3n, en l\u00ednea o por correo electr\u00f3nico.<\/p><\/div><\/div><\/div>\n\n\n\n<div class=\"wp-block-ugb-button ugb-button-wrapper ugb-3f29a9e ugb-main-block\"><style>.ugb-3f29a9e .ugb-block-content{justify-content:flex-start !important}.ugb-3f29a9e .ugb-button1{background-color:var(--stk-global-color-15085,#f58025)}.ugb-3f29a9e .ugb-button1 .ugb-button--inner,.ugb-3f29a9e .ugb-button1 svg:not(.ugb-custom-icon){color:var(--stk-global-color-47760,#ffffff) !important}.ugb-3f29a9e .ugb-inner-block{text-align:left}<\/style><div class=\"ugb-inner-block\"><div class=\"ugb-block-content\"><div class=\"ugb-button-container\"><a class=\"ugb-button1 ugb-button ugb-button--size-normal\" href=\"https:\/\/menudrivelabs.com\/mx\/qrcode\" rel=\"\" title=\"\"><span class=\"ugb-button--inner\">Generar c\u00f3digo QR<\/span><\/a><\/div><\/div><\/div><\/div>\n<\/div><\/div><\/div><\/div><\/div>\n\n\n\n<div class=\"wp-block-ugb-column ugb-column ugb-186ed2f ugb-column--design-plain ugb-main-block\"><div class=\"ugb-inner-block\"><div class=\"ugb-block-content\"><div class=\"ugb-column__item ugb-186ed2f-column-wrapper\"><div class=\"ugb-column__content-wrapper\">\n<div class=\"wp-block-image eplus-WvK1tA is-style-default\" data-block-type=\"core\"><figure class=\"aligncenter size-large is-resized\"><img loading=\"lazy\" src=\"https:\/\/www.menudrive.com\/wp-content\/uploads\/2021\/08\/bb.jpg\" alt=\"\" class=\"wp-image-46940\" width=\"533\" height=\"382\" srcset=\"https:\/\/www.menudrive.com\/wp-content\/uploads\/2021\/08\/bb.jpg 533w, https:\/\/www.menudrive.com\/wp-content\/uploads\/2021\/08\/bb-300x215.jpg 300w, https:\/\/www.menudrive.com\/wp-content\/uploads\/2021\/08\/bb-209x150.jpg 209w, https:\/\/www.menudrive.com\/wp-content\/uploads\/2021\/08\/bb-500x358.jpg 500w\" sizes=\"(max-width: 533px) 100vw, 533px\" \/><\/figure><\/div>\n<\/div><\/div><\/div><\/div><\/div>\n<\/div><\/div><\/div><\/div>\n\n\n\n<div class=\"wp-container-2 wp-block-columns eplus-ER0LGr\" data-block-type=\"core\">\n<div class=\"wp-container-1 wp-block-column eplus-mj7KgV\" style=\"flex-basis:100%\" data-block-type=\"core\">\n<h3 class=\"eplus-UO07MN\" id=\"h-design-qr-codes-with-one-click\" data-block-type=\"core\"><strong>Design QR codes with one click<\/strong><\/h3>\n\n\n\n<p class=\"eplus-RhSM3D\" data-block-type=\"core\">El generador de c\u00f3digos QR de MenuDrive le permite introducir cualquier URL web, n\u00famero de tel\u00e9fono, SMS o texto plano. Con un solo clic, nuestra herramienta crea un c\u00f3digo QR que puede utilizar en cualquier lugar que desee. Piensa en cupones, rese\u00f1as, conocimiento de las redes sociales y participaci\u00f3n en concursos.<\/p>\n<\/div>\n<\/div>\n\n\n\n<div class=\"wp-block-ugb-columns ugb-columns ugb-2bc5d1f ugb-columns--design-plain ugb-columns--columns-3 ugb-main-block\"><style>.ugb-2bc5d1f > .ugb-inner-block > .ugb-block-content > .ugb-columns__item{grid-template-columns:0.75fr 1.50fr 0.75fr !important}<\/style><div class=\"ugb-inner-block\"><div class=\"ugb-block-content\"><div class=\"ugb-columns__item ugb-2bc5d1f-content-wrapper\">\n<div class=\"wp-block-ugb-column ugb-column ugb-6aac24f ugb-column--design-plain ugb-main-block\"><div class=\"ugb-inner-block\"><div class=\"ugb-block-content\"><div class=\"ugb-column__item ugb-6aac24f-column-wrapper\"><div class=\"ugb-column__content-wrapper\"><\/div><\/div><\/div><\/div><\/div>\n\n\n\n<div class=\"wp-block-ugb-column ugb-column ugb-c12b002 ugb-column--design-plain ugb-main-block\"><div class=\"ugb-inner-block\"><div class=\"ugb-block-content\"><div class=\"ugb-column__item ugb-c12b002-column-wrapper\"><div class=\"ugb-column__content-wrapper\">\n<h1 class=\"has-text-align-center eplus-lGRoQy\" id=\"h-preguntas-frecuentes\" style=\"font-size:45px\" data-block-type=\"core\"><strong>Preguntas frecuentes<\/strong><\/h1>\n\n\n\n<p class=\"eplus-Wcg1RC\" data-block-type=\"core\"><strong>\u00bfQu\u00e9 es un c\u00f3digo QR?<\/strong><\/p>\n\n\n\n<p class=\"eplus-ojGO9p\" data-block-type=\"core\">Los c\u00f3digos QR son c\u00f3digos de barras bidimensionales formados por patrones de p\u00edxeles en blanco y negro. &#8220;QR&#8221; significa &#8220;Quick Response&#8221; (respuesta r\u00e1pida), que se refiere al acceso instant\u00e1neo a la informaci\u00f3n del c\u00f3digo.<\/p>\n\n\n\n<p class=\"eplus-papP5h\" data-block-type=\"core\"><strong>\u00bfCu\u00e1nto cuesta el uso de su creador de c\u00f3digos QR?<\/strong><\/p>\n\n\n\n<p class=\"eplus-6CllLw\" data-block-type=\"core\">Cualquiera puede utilizar nuestro generador de c\u00f3digos QR porque es un servicio gratuito. Si\u00e9ntase libre de utilizarlo tanto como quiera, compartirlo con sus amigos o enviarlo por correo electr\u00f3nico a un colega.<\/p>\n\n\n\n<p class=\"eplus-M3xHT6\" data-block-type=\"core\"><strong>\u00bfTengo que inscribirme en MenuDrive para utilizarlo?<\/strong><\/p>\n\n\n\n<p class=\"eplus-xeyqTc\" data-block-type=\"core\">No. El creador de c\u00f3digos QR es de uso gratuito para cualquiera, y no es s\u00f3lo para los comerciantes de MenuDrive.<\/p>\n\n\n\n<p class=\"eplus-zg2r9p\" data-block-type=\"core\"><strong>\u00bfCu\u00e1les son las ventajas de utilizar los c\u00f3digos QR?<\/strong><\/p>\n\n\n\n<p class=\"eplus-nJQWsI\" data-block-type=\"core\">Los c\u00f3digos QR est\u00e1n ganando popularidad por su versatilidad. Puede utilizarlos para recabar opiniones para mejorar sus productos o servicios, aumentar la participaci\u00f3n de los clientes e incluso promocionar su negocio mediante eventos y cupones. Todo ello puede lograrse con un solo escaneo.<\/p>\n\n\n\n<p class=\"eplus-9cS2tz\" data-block-type=\"core\"><strong>\u00bfC\u00f3mo se escanean los c\u00f3digos QR?<\/strong><\/p>\n\n\n\n<p class=\"eplus-qwDYQy\" data-block-type=\"core\">Puede tener ya un lector o esc\u00e1ner de c\u00f3digos QR incorporado en su dispositivo. Abre la aplicaci\u00f3n de la c\u00e1mara de tu tel\u00e9fono y mantenla sobre un c\u00f3digo durante unos segundos hasta que aparezca una ventana emergente. Si esto no ocurre, comprueba la configuraci\u00f3n y comprueba si el escaneo de c\u00f3digos QR est\u00e1 activado.<\/p>\n<\/div><\/div><\/div><\/div><\/div>\n\n\n\n<div class=\"wp-block-ugb-column ugb-column ugb-5564d69 ugb-column--design-plain ugb-main-block\"><div class=\"ugb-inner-block\"><div class=\"ugb-block-content\"><div class=\"ugb-column__item ugb-5564d69-column-wrapper\"><div class=\"ugb-column__content-wrapper\"><\/div><\/div><\/div><\/div><\/div>\n<\/div><\/div><\/div><\/div>\n","protected":false},"excerpt":{"rendered":"<p>Generador de codigos QR Si los c\u00f3digos QR no forman parte de la estrategia de marketing de su restaurante, es posible que est\u00e9 perdiendo pedidos. Utilice los c\u00f3digos QR para generar el inter\u00e9s de los clientes, dirigir el tr\u00e1fico y aumentar las ventas a trav\u00e9s de la impresi\u00f3n, en l\u00ednea o por correo electr\u00f3nico. Generar &hellip;<\/p>\n<p class=\"read-more\"> <a class=\"\" href=\"https:\/\/www.menudrive.com\/mx\/generador-de-codigos-qr\/\"> <span class=\"screen-reader-text\">Generador de codigos QR<\/span> Read More \u00bb<\/a><\/p>\n","protected":false},"author":15,"featured_media":0,"parent":0,"menu_order":0,"comment_status":"closed","ping_status":"closed","template":"","meta":{"editor_plus_custom_animation_option_css":"{}","om_disable_all_campaigns":false,"editor_plus_custom_css":"{\"76de8c17-04c1-4289-bcde-c91e23103001\":\".eplus-WvK1tA.is-style-default { \\n\\n}\",\"73c6a1dc-5d6d-4a32-9f3b-1c2e534aa59f\":\".eplus-UO07MN { \\n\\n}\",\"9ae87816-ca74-46c2-bcaa-e9aa72988d0d\":\".eplus-RhSM3D { \\n\\n}\",\"b6aa3d99-b98b-4dae-a0f3-15f1a650b2ea\":\".eplus-mj7KgV { \\n\\n}\",\"c450d4c9-b499-4ba6-a60c-3631c471127e\":\".eplus-ER0LGr { \\n\\n}\",\"a8086092-6313-48f7-ba49-fb1afcc0f198\":\".eplus-lGRoQy { \\n\\n}\",\"addb72e6-a716-46ee-ba25-ade07002c51f\":\".eplus-Wcg1RC { \\n\\n}\",\"15ec28a7-42f8-4228-8c7c-b7e7ff881881\":\".eplus-ojGO9p { \\n\\n}\",\"40791fea-97e8-4063-a0f3-665c2b1156f1\":\".eplus-papP5h { \\n\\n}\",\"607a23d7-0ae6-4cf4-90c0-fb33f52e618c\":\".eplus-6CllLw { \\n\\n}\",\"5f4c2fa3-ee9a-4b37-b976-4cbdf6c811a4\":\".eplus-M3xHT6 { \\n\\n}\",\"9a572951-c997-4e34-82ae-aa84f5a390cc\":\".eplus-xeyqTc { \\n\\n}\",\"2ccc64fd-c7ac-463b-81a4-fdc3853076eb\":\".eplus-zg2r9p { \\n\\n}\",\"8dc31955-14f5-4014-8d5a-ee212475b0eb\":\".eplus-nJQWsI { \\n\\n}\",\"e3e3ddb5-dcbf-4fc1-9d4c-1c063794aaaa\":\".eplus-9cS2tz { \\n\\n}\",\"43b44409-9c89-471e-9ca4-a7a4e91f3405\":\".eplus-qwDYQy { \\n\\n}\"}","editor_plus_custom_css_file_version":"latest-58","editor_plus_custom_styling_options_file_version":"latest-8603","editor_plus_custom_styling_options_css":"{\"76de8c17-04c1-4289-bcde-c91e23103001\":\"\",\"73c6a1dc-5d6d-4a32-9f3b-1c2e534aa59f\":\"\",\"9ae87816-ca74-46c2-bcaa-e9aa72988d0d\":\"\",\"b6aa3d99-b98b-4dae-a0f3-15f1a650b2ea\":\".eplus_styles .eplus-mj7KgV {\\n                position: relative;\\n                padding-top: 30px !important;\\npadding-right: 30px !important;\\npadding-bottom: 30px !important;\\npadding-left: 30px !important;\\nbackground-image: linear-gradient(rgba(255, 247, 241, 1), rgba(255, 247, 241, 1));\\n            }\",\"c450d4c9-b499-4ba6-a60c-3631c471127e\":\"\",\"a8086092-6313-48f7-ba49-fb1afcc0f198\":\"\",\"addb72e6-a716-46ee-ba25-ade07002c51f\":\"\",\"15ec28a7-42f8-4228-8c7c-b7e7ff881881\":\"\",\"40791fea-97e8-4063-a0f3-665c2b1156f1\":\"\",\"607a23d7-0ae6-4cf4-90c0-fb33f52e618c\":\"\",\"5f4c2fa3-ee9a-4b37-b976-4cbdf6c811a4\":\"\",\"9a572951-c997-4e34-82ae-aa84f5a390cc\":\"\",\"2ccc64fd-c7ac-463b-81a4-fdc3853076eb\":\"\",\"8dc31955-14f5-4014-8d5a-ee212475b0eb\":\"\",\"e3e3ddb5-dcbf-4fc1-9d4c-1c063794aaaa\":\"\",\"43b44409-9c89-471e-9ca4-a7a4e91f3405\":\"\"}","editor_plus_copied_stylings":"{}","editor_plus_extended_blocks_css":"{}","editor_plus_post_options":"{}"},"categories":[],"tags":[],"featured_image_urls":{"full":""},"post_excerpt_stackable":"<p>Generador de codigos QRSi los c\u00f3digos QR no forman parte de la estrategia de marketing de su restaurante, es posible que est\u00e9 perdiendo pedidos. Utilice los c\u00f3digos QR para generar el inter\u00e9s de los clientes, dirigir el tr\u00e1fico y aumentar las ventas a trav\u00e9s de la impresi\u00f3n, en l\u00ednea o por correo electr\u00f3nico. Generar c\u00f3digo QR Design QR codes with one click El generador de c\u00f3digos QR de MenuDrive le permite introducir cualquier URL web, n\u00famero de tel\u00e9fono, SMS o texto plano. Con un solo clic, nuestra herramienta crea un c\u00f3digo QR que puede utilizar en cualquier lugar que desee.&hellip;<\/p>\n","category_list":"Sin categor\u00eda","author_info":{"name":"Sristi","url":"https:\/\/www.menudrive.com\/mx\/author\/sristi\/"},"comments_num":"0 comments","featured_image_urls_v2":{"full":"","thumbnail":"","medium":"","medium_large":"","large":"","1536x1536":"","2048x2048":"","ab-block-post-grid-landscape":"","ab-block-post-grid-square":"","gb-block-post-grid-landscape":"","gb-block-post-grid-square":""},"post_excerpt_stackable_v2":"<p>Generador de codigos QRSi los c\u00f3digos QR no forman parte de la estrategia de marketing de su restaurante, es posible que est\u00e9 perdiendo pedidos. Utilice los c\u00f3digos QR para generar el inter\u00e9s de los clientes, dirigir el tr\u00e1fico y aumentar las ventas a trav\u00e9s de la impresi\u00f3n, en l\u00ednea o por correo electr\u00f3nico. Generar c\u00f3digo QR Design QR codes with one click El generador de c\u00f3digos QR de MenuDrive le permite introducir cualquier URL web, n\u00famero de tel\u00e9fono, SMS o texto plano. Con un solo clic, nuestra herramienta crea un c\u00f3digo QR que puede utilizar en cualquier lugar que desee.&hellip;<\/p>\n","category_list_v2":"Sin categor\u00eda","author_info_v2":{"name":"Sristi","url":"https:\/\/www.menudrive.com\/mx\/author\/sristi\/"},"comments_num_v2":"0 comments","featured_image_src":null,"featured_image_src_square":null,"uagb_featured_image_src":{"full":false,"thumbnail":false,"medium":false,"medium_large":false,"large":false,"1536x1536":false,"2048x2048":false,"ab-block-post-grid-landscape":false,"ab-block-post-grid-square":false,"gb-block-post-grid-landscape":false,"gb-block-post-grid-square":false},"uagb_author_info":{"display_name":"Sristi","author_link":"https:\/\/www.menudrive.com\/mx\/author\/sristi\/"},"uagb_comment_info":0,"uagb_excerpt":"Generador de codigos QR Si los c\u00f3digos QR no forman parte de la estrategia de marketing de su restaurante, es posible que est\u00e9 perdiendo pedidos. Utilice los c\u00f3digos QR para generar el inter\u00e9s de los clientes, dirigir el tr\u00e1fico y aumentar las ventas a trav\u00e9s de la impresi\u00f3n, en l\u00ednea o por correo electr\u00f3nico. Generar&hellip;","_links":{"self":[{"href":"https:\/\/www.menudrive.com\/mx\/wp-json\/wp\/v2\/pages\/47846"}],"collection":[{"href":"https:\/\/www.menudrive.com\/mx\/wp-json\/wp\/v2\/pages"}],"about":[{"href":"https:\/\/www.menudrive.com\/mx\/wp-json\/wp\/v2\/types\/page"}],"author":[{"embeddable":true,"href":"https:\/\/www.menudrive.com\/mx\/wp-json\/wp\/v2\/users\/15"}],"replies":[{"embeddable":true,"href":"https:\/\/www.menudrive.com\/mx\/wp-json\/wp\/v2\/comments?post=47846"}],"version-history":[{"count":0,"href":"https:\/\/www.menudrive.com\/mx\/wp-json\/wp\/v2\/pages\/47846\/revisions"}],"wp:attachment":[{"href":"https:\/\/www.menudrive.com\/mx\/wp-json\/wp\/v2\/media?parent=47846"}],"wp:term":[{"taxonomy":"category","embeddable":true,"href":"https:\/\/www.menudrive.com\/mx\/wp-json\/wp\/v2\/categories?post=47846"},{"taxonomy":"post_tag","embeddable":true,"href":"https:\/\/www.menudrive.com\/mx\/wp-json\/wp\/v2\/tags?post=47846"}],"curies":[{"name":"wp","href":"https:\/\/api.w.org\/{rel}","templated":true}]}}