{"id":47823,"date":"2021-09-30T09:42:14","date_gmt":"2021-09-30T13:42:14","guid":{"rendered":"https:\/\/www.menudrive.com\/?page_id=47823"},"modified":"2022-03-09T16:47:44","modified_gmt":"2022-03-09T21:47:44","slug":"creador-de-avisos","status":"publish","type":"page","link":"https:\/\/www.menudrive.com\/mx\/creador-de-avisos\/","title":{"rendered":"Creador-de-avisos"},"content":{"rendered":"\n<div class=\"wp-block-ugb-columns ugb-columns ugb-19618a8 ugb-columns--design-plain ugb-columns--columns-2 ugb-main-block\"><style>@media screen and (min-width:768px){.ugb-19618a8.ugb-columns{padding-right:111px !important;padding-left:111px !important}}<\/style><div class=\"ugb-inner-block\"><div class=\"ugb-block-content\"><div class=\"ugb-columns__item ugb-19618a8-content-wrapper\">\n<div class=\"wp-block-ugb-column ugb-column ugb-b6b7157 ugb-column--design-plain ugb-main-block\"><div class=\"ugb-inner-block\"><div class=\"ugb-block-content\"><div class=\"ugb-column__item ugb-b6b7157-column-wrapper\"><div class=\"ugb-column__content-wrapper\">\n<div class=\"wp-block-ugb-heading ugb-heading ugb-d5edee8 ugb-main-block\"><style>.ugb-d5edee8 .ugb-heading__title{text-align:left}.ugb-d5edee8 .ugb-heading__subtitle{font-size:15px !important;font-weight:400 !important;color:var(u002du002dstk-global-color-10230,#000000)}.ugb-d5edee8 .ugb-inner-block{text-align:left}<\/style><div class=\"ugb-inner-block\"><div class=\"ugb-block-content\"><h1 class=\"ugb-heading__title\"><span class=\"ugb-highlight\">Creador-de-avisos<\/span><\/h1><p class=\"ugb-heading__subtitle\">\u00bfTiene noticias que compartir? \u00bfDesea promocionar un men\u00fa especial? \u00bfO simplemente quieres a\u00f1adir elementos visuales llamativos al escaparate de tu restaurante? Utilice nuestro creador de carteles gratuito para crear un cartel para su restaurante que destaque.<\/p><\/div><\/div><\/div>\n\n\n\n<div class=\"wp-block-ugb-button ugb-button-wrapper ugb-bee03d7 ugb-main-block\"><style>.ugb-bee03d7 .ugb-block-content{justify-content:flex-start !important}.ugb-bee03d7 .ugb-button1{background-color:var(--stk-global-color-15085,#f58025)}.ugb-bee03d7 .ugb-button1 .ugb-button--inner,.ugb-bee03d7 .ugb-button1 svg:not(.ugb-custom-icon){color:var(--stk-global-color-47760,#ffffff) !important}.ugb-bee03d7 .ugb-inner-block{text-align:left}<\/style><div class=\"ugb-inner-block\"><div class=\"ugb-block-content\"><div class=\"ugb-button-container\"><a class=\"ugb-button1 ugb-button ugb-button--size-normal\" href=\"https:\/\/menudrivelabs.com\/mx\/signagemaker\" rel=\"\" title=\"\"><span class=\"ugb-button--inner\">Empezar a dise\u00f1ar<\/span><\/a><\/div><\/div><\/div><\/div>\n<\/div><\/div><\/div><\/div><\/div>\n\n\n\n<div class=\"wp-block-ugb-column ugb-column ugb-186ed2f ugb-column--design-plain ugb-main-block\"><div class=\"ugb-inner-block\"><div class=\"ugb-block-content\"><div class=\"ugb-column__item ugb-186ed2f-column-wrapper\"><div class=\"ugb-column__content-wrapper\">\n<div class=\"wp-block-image eplus-WvK1tA is-style-default\" data-block-type=\"core\"><figure class=\"aligncenter size-large\"><img loading=\"lazy\" width=\"462\" height=\"396\" src=\"https:\/\/www.menudrive.com\/wp-content\/uploads\/2021\/08\/oral.jpg\" alt=\"\" class=\"wp-image-46959\" srcset=\"https:\/\/www.menudrive.com\/wp-content\/uploads\/2021\/08\/oral.jpg 462w, https:\/\/www.menudrive.com\/wp-content\/uploads\/2021\/08\/oral-300x257.jpg 300w, https:\/\/www.menudrive.com\/wp-content\/uploads\/2021\/08\/oral-175x150.jpg 175w\" sizes=\"(max-width: 462px) 100vw, 462px\" \/><\/figure><\/div>\n<\/div><\/div><\/div><\/div><\/div>\n<\/div><\/div><\/div><\/div>\n\n\n\n<div class=\"alignfull wp-block-ugb-columns ugb-columns ugb-2dbb938 ugb-columns--design-plain ugb-columns--columns-3 ugb-main-block ugb-main-block--inner-center ugb--has-block-background\"><style>.ugb-2dbb938.ugb-columns{background-color:#f6fcff}.ugb-2dbb938.ugb-columns:before{background-color:#f6fcff}<\/style><div class=\"ugb-inner-block ugb-inner-block--center\"><div class=\"ugb-block-content\"><div class=\"ugb-columns__item ugb-2dbb938-content-wrapper\">\n<div class=\"wp-block-ugb-column ugb-column ugb-30622d9 ugb-column--design-plain ugb-main-block\"><div class=\"ugb-inner-block\"><div class=\"ugb-block-content\"><div class=\"ugb-column__item ugb-30622d9-column-wrapper\"><div class=\"ugb-column__content-wrapper\">\n<div class=\"wp-block-uagb-info-box uagb-infobox__outer-wrap uagb-block-fae5b17c\"><div class=\"uagb-infobox__content-wrap uagb-infobox uagb-infobox-has-image uagb-infobox-icon-above-title uagb-infobox-image-valign-top uagb-infobox-enable-border-radius \"><div class=\"uagb-ifb-left-right-wrap\"><div class=\"uagb-ifb-content\"><div class=\"uagb-ifb-image-icon-content uagb-ifb-imgicon-wrap\"><div class=\"uagb-ifb-image\"><div class=\"uagb-ifb-image-content\"><img class=\"uagb-ifb-img-src\" src=\"https:\/\/www.menudrive.com\/wp-content\/uploads\/2021\/08\/dd.jpg\" alt=\"\" \/><\/div><\/div><\/div><div class=\"uagb-ifb-title-wrap\"><h3 class=\"uagb-ifb-title\">1. Elige una plantilla<\/h3><\/div><div class=\"uagb-ifb-separator-parent\"><div class=\"uagb-ifb-separator\"><\/div><\/div><div class=\"uagb-ifb-text-wrap\"><p class=\"uagb-ifb-desc\">Elija entre una biblioteca de plantillas de dise\u00f1o para la se\u00f1alizaci\u00f3n de escaparates de restaurantes.<\/p><\/div><\/div><\/div><\/div><\/div>\n<\/div><\/div><\/div><\/div><\/div>\n\n\n\n<div class=\"wp-block-ugb-column ugb-column ugb-23d52fb ugb-column--design-plain ugb-main-block\"><div class=\"ugb-inner-block\"><div class=\"ugb-block-content\"><div class=\"ugb-column__item ugb-23d52fb-column-wrapper\"><div class=\"ugb-column__content-wrapper\">\n<div class=\"wp-block-uagb-info-box uagb-infobox__outer-wrap uagb-block-39a1277d\"><div class=\"uagb-infobox__content-wrap uagb-infobox uagb-infobox-has-image uagb-infobox-icon-above-title uagb-infobox-image-valign-top uagb-infobox-enable-border-radius \"><div class=\"uagb-ifb-left-right-wrap\"><div class=\"uagb-ifb-content\"><div class=\"uagb-ifb-image-icon-content uagb-ifb-imgicon-wrap\"><div class=\"uagb-ifb-image\"><div class=\"uagb-ifb-image-content\"><img class=\"uagb-ifb-img-src\" src=\"https:\/\/www.menudrive.com\/wp-content\/uploads\/2021\/08\/ee.jpg\" alt=\"\" \/><\/div><\/div><\/div><div class=\"uagb-ifb-title-wrap\"><h3 class=\"uagb-ifb-title\">2. Personalice su mensaje<\/h3><\/div><div class=\"uagb-ifb-separator-parent\"><div class=\"uagb-ifb-separator\"><\/div><\/div><div class=\"uagb-ifb-text-wrap\"><p class=\"uagb-ifb-desc\">Comparta noticias, ofertas especiales o simplemente un recordatorio de lo que hace que su restaurante sea el mejor para visitar.<\/p><\/div><\/div><\/div><\/div><\/div>\n<\/div><\/div><\/div><\/div><\/div>\n\n\n\n<div class=\"wp-block-ugb-column ugb-column ugb-7e560bb ugb-column--design-plain ugb-main-block\"><div class=\"ugb-inner-block\"><div class=\"ugb-block-content\"><div class=\"ugb-column__item ugb-7e560bb-column-wrapper\"><div class=\"ugb-column__content-wrapper\">\n<div class=\"wp-block-uagb-info-box uagb-infobox__outer-wrap uagb-block-068f9816\"><div class=\"uagb-infobox__content-wrap uagb-infobox uagb-infobox-has-image uagb-infobox-icon-above-title uagb-infobox-image-valign-top uagb-infobox-enable-border-radius \"><div class=\"uagb-ifb-left-right-wrap\"><div class=\"uagb-ifb-content\"><div class=\"uagb-ifb-image-icon-content uagb-ifb-imgicon-wrap\"><div class=\"uagb-ifb-image\"><div class=\"uagb-ifb-image-content\"><img class=\"uagb-ifb-img-src\" src=\"https:\/\/www.menudrive.com\/wp-content\/uploads\/2021\/08\/ff-1.jpg\" alt=\"\" \/><\/div><\/div><\/div><div class=\"uagb-ifb-title-wrap\"><h3 class=\"uagb-ifb-title\">3. Descargar, imprimir y enviar por correo<\/h3><\/div><div class=\"uagb-ifb-separator-parent\"><div class=\"uagb-ifb-separator\"><\/div><\/div><div class=\"uagb-ifb-text-wrap\"><p class=\"uagb-ifb-desc\">Simplifique las cosas con carteles descargables f\u00e1ciles de imprimir y de colocar.<\/p><\/div><\/div><\/div><\/div><\/div>\n<\/div><\/div><\/div><\/div><\/div>\n<\/div><\/div><\/div><\/div>\n\n\n\n<div class=\"wp-container-2 wp-block-columns eplus-ER0LGr\" data-block-type=\"core\">\n<div class=\"wp-container-1 wp-block-column eplus-mj7KgV\" style=\"flex-basis:100%\" data-block-type=\"core\">\n<h3 class=\"eplus-UO07MN\" id=\"h-diferencie-su-restaurante-con-una-se-alizaci-n-llamativa\" data-block-type=\"core\"><strong>Diferencie su restaurante con una se\u00f1alizaci\u00f3n llamativa<\/strong><\/h3>\n\n\n\n<p class=\"eplus-AxOdWK\" data-block-type=\"core\">Incluso en nuestro mundo online, el tr\u00e1fico a pie sigue siendo importante para los restaurantes locales. Los clientes que pasen por delante de un establecimiento lo ver\u00e1n, tomar\u00e1n nota de \u00e9l y es posible que piensen en \u00e9l la pr\u00f3xima vez que tengan ganas de comer en un restaurante. Se sentir\u00e1n a\u00fan m\u00e1s atra\u00eddos si ven un cartel en el escaparate del restaurante que ofrece una atractiva oferta de comida o una noche de trivial con premios especiales.<\/p>\n\n\n\n<p class=\"eplus-8Zuu9D\" data-block-type=\"core\">La se\u00f1alizaci\u00f3n no es s\u00f3lo para promociones y eventos. Tambi\u00e9n es una forma esencial de compartir informaci\u00f3n sobre el negocio, como los cierres por vacaciones o las instrucciones para llevar a casa. Y si le a\u00f1ades la URL de tu sitio web o de tu sitio de pedidos online, es una forma estupenda de convertir el tr\u00e1fico peatonal en tr\u00e1fico web.<\/p>\n\n\n\n<p class=\"eplus-M32hkj\" data-block-type=\"core\">Buenas noticias: Con MenuDrive Signage Creator, no necesita conocimientos de dise\u00f1o gr\u00e1fico para crear atractivos r\u00f3tulos para restaurantes. Con nuestras plantillas de r\u00f3tulos preconstruidas, puede a\u00f1adir su mensaje, imprimirlo y publicarlo. Es una forma sencilla y eficaz de correr la voz y atraer a los clientes.<\/p>\n\n\n\n<p class=\"eplus-ILAsPS has-stk-global-color-15085-color has-text-color\" data-block-type=\"core\"><strong><a href=\"#\">Cree un cartel para su restaurante<\/a><\/strong><\/p>\n<\/div>\n<\/div>\n\n\n\n<div class=\"wp-container-4 wp-block-columns eplus-vTGEBb\" data-block-type=\"core\">\n<div class=\"wp-container-3 wp-block-column is-vertically-aligned-center eplus-IFdkCi\" data-block-type=\"core\">\n<h1 class=\"has-text-align-center eplus-qsWsiz has-large-font-size\" id=\"h-no-te-pierdas-ni-una-sola-venta\" data-block-type=\"core\"><strong>\u00a1No te pierdas ni una sola venta!<\/strong><\/h1>\n\n\n\n<p class=\"has-text-align-center eplus-TqVhyI\" data-block-type=\"core\">Los restaurantes de MenuDrive han ganado m\u00e1s de 100.000 d\u00f3lares en ventas mensuales en l\u00ednea, con hasta 979.000 d\u00f3lares de beneficio en un solo<br>cup\u00f3n. Pruebe MenuDrive gratis durante 90 d\u00edas. Sin compromisos y cancelando en cualquier momento.<\/p>\n\n\n\n<div class=\"wp-block-ugb-button ugb-button-wrapper ugb-1a2d283 ugb-main-block\"><style>.ugb-1a2d283 .ugb-button1{background-color:var(--stk-global-color-15085,#f58025)}.ugb-1a2d283 .ugb-button1 .ugb-button--inner,.ugb-1a2d283 .ugb-button1 svg:not(.ugb-custom-icon){color:var(--stk-global-color-47760,#ffffff) !important}<\/style><div class=\"ugb-inner-block\"><div class=\"ugb-block-content\"><div class=\"ugb-button-container\"><a class=\"ugb-button1 ugb-button ugb-button--size-normal\" href=\"https:\/\/www.menudrive.com\/mx\/menudrive_spanish\" rel=\"\" title=\"\"><span class=\"ugb-button--inner\">Empieza ya<\/span><\/a><\/div><\/div><\/div><\/div>\n<\/div>\n<\/div>\n","protected":false},"excerpt":{"rendered":"<p>Creador-de-avisos \u00bfTiene noticias que compartir? \u00bfDesea promocionar un men\u00fa especial? \u00bfO simplemente quieres a\u00f1adir elementos visuales llamativos al escaparate de tu restaurante? Utilice nuestro creador de carteles gratuito para crear un cartel para su restaurante que destaque. Empezar a dise\u00f1ar Diferencie su restaurante con una se\u00f1alizaci\u00f3n llamativa Incluso en nuestro mundo online, el tr\u00e1fico a &hellip;<\/p>\n<p class=\"read-more\"> <a class=\"\" href=\"https:\/\/www.menudrive.com\/mx\/creador-de-avisos\/\"> <span class=\"screen-reader-text\">Creador-de-avisos<\/span> Read More \u00bb<\/a><\/p>\n","protected":false},"author":15,"featured_media":0,"parent":0,"menu_order":0,"comment_status":"closed","ping_status":"closed","template":"","meta":{"editor_plus_custom_animation_option_css":"{}","om_disable_all_campaigns":false,"editor_plus_custom_css":"{\"5fb42799-5b65-4316-97d7-35830bf60c84\":\".eplus-WvK1tA.is-style-default { \\n\\n}\",\"bb517cc2-b963-487e-b54f-54cbe12dced5\":\".eplus-UO07MN { \\n\\n}\",\"8982c1f1-dc38-4394-b19e-4edec6ea1ac0\":\".eplus-AxOdWK { \\n\\n}\",\"e7b2df9c-4109-47de-bcd2-952f29310bb4\":\".eplus-8Zuu9D { \\n\\n}\",\"3dc23cd6-842c-481f-b05d-8bac624a2a44\":\".eplus-M32hkj { \\n\\n}\",\"98a49a5a-2952-4263-afe3-d93d25d1e426\":\".eplus-ILAsPS { \\n\\n}\",\"37d9ae70-5f11-4471-bcba-0db59d65b950\":\".eplus-mj7KgV { \\n\\n}\",\"bad08df5-2450-4fec-b4b5-37cd6e5300b8\":\".eplus-ER0LGr { \\n\\n}\",\"5857faf0-6dcb-49a4-a03d-3f7fb0701836\":\".eplus-qsWsiz { \\n\\n}\",\"11e6ff50-f5d6-4669-9861-cafc9bb4e780\":\".eplus-TqVhyI { \\n\\n}\",\"ef19f382-5ef6-4561-bd19-c99745e647bb\":\".eplus-IFdkCi { \\n\\n}\",\"e4faffb7-5edf-4178-ba81-5dd8de809cc6\":\".eplus-vTGEBb { \\n\\n}\"}","editor_plus_custom_css_file_version":"latest-277","editor_plus_custom_styling_options_file_version":"latest-7130","editor_plus_custom_styling_options_css":"{\"5fb42799-5b65-4316-97d7-35830bf60c84\":\"\",\"bb517cc2-b963-487e-b54f-54cbe12dced5\":\"\",\"8982c1f1-dc38-4394-b19e-4edec6ea1ac0\":\"\",\"e7b2df9c-4109-47de-bcd2-952f29310bb4\":\"\",\"3dc23cd6-842c-481f-b05d-8bac624a2a44\":\"\",\"98a49a5a-2952-4263-afe3-d93d25d1e426\":\"\",\"37d9ae70-5f11-4471-bcba-0db59d65b950\":\".eplus_styles .eplus-mj7KgV {\\n                position: relative;\\n                padding-top: 30px !important;\\npadding-right: 30px !important;\\npadding-bottom: 30px !important;\\npadding-left: 30px !important;\\n            }\",\"bad08df5-2450-4fec-b4b5-37cd6e5300b8\":\"\",\"5857faf0-6dcb-49a4-a03d-3f7fb0701836\":\"\",\"11e6ff50-f5d6-4669-9861-cafc9bb4e780\":\"\",\"ef19f382-5ef6-4561-bd19-c99745e647bb\":\".eplus_styles .eplus-IFdkCi {\\n                position: relative;\\n                padding-top: 50px ;\\npadding-bottom: 20px ;\\nbackground-image: linear-gradient(rgba(246, 246, 246, 1), rgba(246, 246, 246, 1));\\n            }\",\"e4faffb7-5edf-4178-ba81-5dd8de809cc6\":\"\"}","editor_plus_copied_stylings":"{}","editor_plus_extended_blocks_css":"{}","editor_plus_post_options":"{}"},"categories":[],"tags":[],"featured_image_urls":{"full":""},"post_excerpt_stackable":"<p>Creador-de-avisos\u00bfTiene noticias que compartir? \u00bfDesea promocionar un men\u00fa especial? \u00bfO simplemente quieres a\u00f1adir elementos visuales llamativos al escaparate de tu restaurante? Utilice nuestro creador de carteles gratuito para crear un cartel para su restaurante que destaque. Empezar a dise\u00f1ar 1. Elige una plantillaElija entre una biblioteca de plantillas de dise\u00f1o para la se\u00f1alizaci\u00f3n de escaparates de restaurantes. 2. Personalice su mensajeComparta noticias, ofertas especiales o simplemente un recordatorio de lo que hace que su restaurante sea el mejor para visitar. 3. Descargar, imprimir y enviar por correoSimplifique las cosas con carteles descargables f\u00e1ciles de imprimir y de colocar. Diferencie su&hellip;<\/p>\n","category_list":"Sin categor\u00eda","author_info":{"name":"Sristi","url":"https:\/\/www.menudrive.com\/mx\/author\/sristi\/"},"comments_num":"0 comments","featured_image_urls_v2":{"full":"","thumbnail":"","medium":"","medium_large":"","large":"","1536x1536":"","2048x2048":"","ab-block-post-grid-landscape":"","ab-block-post-grid-square":"","gb-block-post-grid-landscape":"","gb-block-post-grid-square":""},"post_excerpt_stackable_v2":"<p>Creador-de-avisos\u00bfTiene noticias que compartir? \u00bfDesea promocionar un men\u00fa especial? \u00bfO simplemente quieres a\u00f1adir elementos visuales llamativos al escaparate de tu restaurante? Utilice nuestro creador de carteles gratuito para crear un cartel para su restaurante que destaque. Empezar a dise\u00f1ar 1. Elige una plantillaElija entre una biblioteca de plantillas de dise\u00f1o para la se\u00f1alizaci\u00f3n de escaparates de restaurantes. 2. Personalice su mensajeComparta noticias, ofertas especiales o simplemente un recordatorio de lo que hace que su restaurante sea el mejor para visitar. 3. Descargar, imprimir y enviar por correoSimplifique las cosas con carteles descargables f\u00e1ciles de imprimir y de colocar. Diferencie su&hellip;<\/p>\n","category_list_v2":"Sin categor\u00eda","author_info_v2":{"name":"Sristi","url":"https:\/\/www.menudrive.com\/mx\/author\/sristi\/"},"comments_num_v2":"0 comments","featured_image_src":null,"featured_image_src_square":null,"uagb_featured_image_src":{"full":false,"thumbnail":false,"medium":false,"medium_large":false,"large":false,"1536x1536":false,"2048x2048":false,"ab-block-post-grid-landscape":false,"ab-block-post-grid-square":false,"gb-block-post-grid-landscape":false,"gb-block-post-grid-square":false},"uagb_author_info":{"display_name":"Sristi","author_link":"https:\/\/www.menudrive.com\/mx\/author\/sristi\/"},"uagb_comment_info":0,"uagb_excerpt":"Creador-de-avisos \u00bfTiene noticias que compartir? \u00bfDesea promocionar un men\u00fa especial? \u00bfO simplemente quieres a\u00f1adir elementos visuales llamativos al escaparate de tu restaurante? Utilice nuestro creador de carteles gratuito para crear un cartel para su restaurante que destaque. Empezar a dise\u00f1ar Diferencie su restaurante con una se\u00f1alizaci\u00f3n llamativa Incluso en nuestro mundo online, el tr\u00e1fico a&hellip;","_links":{"self":[{"href":"https:\/\/www.menudrive.com\/mx\/wp-json\/wp\/v2\/pages\/47823"}],"collection":[{"href":"https:\/\/www.menudrive.com\/mx\/wp-json\/wp\/v2\/pages"}],"about":[{"href":"https:\/\/www.menudrive.com\/mx\/wp-json\/wp\/v2\/types\/page"}],"author":[{"embeddable":true,"href":"https:\/\/www.menudrive.com\/mx\/wp-json\/wp\/v2\/users\/15"}],"replies":[{"embeddable":true,"href":"https:\/\/www.menudrive.com\/mx\/wp-json\/wp\/v2\/comments?post=47823"}],"version-history":[{"count":0,"href":"https:\/\/www.menudrive.com\/mx\/wp-json\/wp\/v2\/pages\/47823\/revisions"}],"wp:attachment":[{"href":"https:\/\/www.menudrive.com\/mx\/wp-json\/wp\/v2\/media?parent=47823"}],"wp:term":[{"taxonomy":"category","embeddable":true,"href":"https:\/\/www.menudrive.com\/mx\/wp-json\/wp\/v2\/categories?post=47823"},{"taxonomy":"post_tag","embeddable":true,"href":"https:\/\/www.menudrive.com\/mx\/wp-json\/wp\/v2\/tags?post=47823"}],"curies":[{"name":"wp","href":"https:\/\/api.w.org\/{rel}","templated":true}]}}