{"id":47819,"date":"2021-09-30T09:14:54","date_gmt":"2021-09-30T13:14:54","guid":{"rendered":"https:\/\/www.menudrive.com\/?page_id=47819"},"modified":"2021-09-30T10:49:03","modified_gmt":"2021-09-30T14:49:03","slug":"calculadora-de-cpm","status":"publish","type":"page","link":"https:\/\/www.menudrive.com\/mx\/calculadora-de-cpm\/","title":{"rendered":"Calculadora De CPM"},"content":{"rendered":"\n<div class=\"wp-block-ugb-columns ugb-columns ugb-19618a8 ugb-columns--design-plain ugb-columns--columns-2 ugb-main-block\"><style>@media screen and (min-width:768px){.ugb-19618a8.ugb-columns{padding-right:111px !important;padding-left:111px !important}}<\/style><div class=\"ugb-inner-block\"><div class=\"ugb-block-content\"><div class=\"ugb-columns__item ugb-19618a8-content-wrapper\">\n<div class=\"wp-block-ugb-column ugb-column ugb-b6b7157 ugb-column--design-plain ugb-main-block\"><div class=\"ugb-inner-block\"><div class=\"ugb-block-content\"><div class=\"ugb-column__item ugb-b6b7157-column-wrapper\"><div class=\"ugb-column__content-wrapper\">\n<div class=\"wp-block-ugb-heading ugb-heading ugb-d5edee8 ugb-main-block\"><style>.ugb-d5edee8 .ugb-heading__title{text-align:left}.ugb-d5edee8 .ugb-heading__subtitle{font-size:15px !important;font-weight:400 !important;color:var(u002du002dstk-global-color-10230,#000000)}.ugb-d5edee8 .ugb-inner-block{text-align:left}<\/style><div class=\"ugb-inner-block\"><div class=\"ugb-block-content\"><h1 class=\"ugb-heading__title\"><span style=\"color: var(--stk-global-color-15085, #f58025);\" class=\"ugb-highlight\">Calculadora de CPM<\/span><\/h1><p class=\"ugb-heading__subtitle\">Determina la rentabilidad de tus campa\u00f1as publicitarias en medios de comunicaci\u00f3n. La calculadora puede utilizarse para cualquier tipo de campa\u00f1a publicitaria digital, como Facebook Ads o Google Ads<\/p><\/div><\/div><\/div>\n\n\n\n<div class=\"wp-block-ugb-button ugb-button-wrapper ugb-58dc94b ugb-main-block\"><style>.ugb-58dc94b .ugb-block-content{justify-content:flex-start !important}.ugb-58dc94b .ugb-button1{background-color:var(--stk-global-color-15085,#f58025)}.ugb-58dc94b .ugb-button1 .ugb-button--inner,.ugb-58dc94b .ugb-button1 svg:not(.ugb-custom-icon){color:var(u002du002dstk-global-color-47760,#ffffff) !important}.ugb-58dc94b .ugb-inner-block{text-align:left}<\/style><div class=\"ugb-inner-block\"><div class=\"ugb-block-content\"><div class=\"ugb-button-container\"><a class=\"ugb-button1 ugb-button ugb-button--size-normal\" href=\"#\" rel=\"\" title=\"\"><span class=\"ugb-button--inner\">Pr\u00f3ximamente<\/span><\/a><\/div><\/div><\/div><\/div>\n<\/div><\/div><\/div><\/div><\/div>\n\n\n\n<div class=\"wp-block-ugb-column ugb-column ugb-186ed2f ugb-column--design-plain ugb-main-block\"><div class=\"ugb-inner-block\"><div class=\"ugb-block-content\"><div class=\"ugb-column__item ugb-186ed2f-column-wrapper\"><div class=\"ugb-column__content-wrapper\">\n<div class=\"wp-block-image eplus-WvK1tA is-style-default\" data-block-type=\"core\"><figure class=\"aligncenter size-full is-resized\"><img loading=\"lazy\" src=\"https:\/\/www.menudrive.com\/wp-content\/uploads\/2021\/08\/gg.jpg\" alt=\"\" class=\"wp-image-46980\" width=\"448\" height=\"338\" srcset=\"https:\/\/www.menudrive.com\/wp-content\/uploads\/2021\/08\/gg.jpg 448w, https:\/\/www.menudrive.com\/wp-content\/uploads\/2021\/08\/gg-300x226.jpg 300w, https:\/\/www.menudrive.com\/wp-content\/uploads\/2021\/08\/gg-199x150.jpg 199w\" sizes=\"(max-width: 448px) 100vw, 448px\" \/><\/figure><\/div>\n<\/div><\/div><\/div><\/div><\/div>\n<\/div><\/div><\/div><\/div>\n\n\n\n<div class=\"wp-container-2 wp-block-columns eplus-ER0LGr\" data-block-type=\"core\">\n<div class=\"wp-container-1 wp-block-column eplus-mj7KgV\" style=\"flex-basis:100%\" data-block-type=\"core\">\n<h3 class=\"eplus-UO07MN\" id=\"h-haga-que-sus-anuncios-sean-m-s-rentables\" data-block-type=\"core\"><strong>Haga que sus anuncios sean m\u00e1s rentables<\/strong><\/h3>\n\n\n\n<p class=\"eplus-RhSM3D\" data-block-type=\"core\">El CPM es una m\u00e9trica valiosa porque le indica cu\u00e1nto est\u00e1 gastando en relaci\u00f3n con el n\u00famero de personas que ven su anuncio. Puedes averiguar si tu CPM est\u00e1 por encima o por debajo de la media de tu sector. Por ejemplo, el punto de referencia del sector de los viajes y la hosteler\u00eda para los anuncios de Facebook es de 0,63 d\u00f3lares, y el de los anuncios de Google es de 7,16 d\u00f3lares. Por lo tanto, si est\u00e1s publicando anuncios y tu CPM est\u00e1 por encima de las cifras mencionadas, est\u00e1s pagando demasiado, pero si est\u00e1 por debajo de esas cifras, tus anuncios lo est\u00e1n haciendo muy bien.<\/p>\n<\/div>\n<\/div>\n\n\n\n<div class=\"wp-block-ugb-columns ugb-columns ugb-2bc5d1f ugb-columns--design-plain ugb-columns--columns-3 ugb-main-block\"><style>.ugb-2bc5d1f > .ugb-inner-block > .ugb-block-content > .ugb-columns__item{grid-template-columns:0.75fr 1.50fr 0.75fr !important}<\/style><div class=\"ugb-inner-block\"><div class=\"ugb-block-content\"><div class=\"ugb-columns__item ugb-2bc5d1f-content-wrapper\">\n<div class=\"wp-block-ugb-column ugb-column ugb-6aac24f ugb-column--design-plain ugb-main-block\"><div class=\"ugb-inner-block\"><div class=\"ugb-block-content\"><div class=\"ugb-column__item ugb-6aac24f-column-wrapper\"><div class=\"ugb-column__content-wrapper\"><\/div><\/div><\/div><\/div><\/div>\n\n\n\n<div class=\"wp-block-ugb-column ugb-column ugb-c12b002 ugb-column--design-plain ugb-main-block\"><div class=\"ugb-inner-block\"><div class=\"ugb-block-content\"><div class=\"ugb-column__item ugb-c12b002-column-wrapper\"><div class=\"ugb-column__content-wrapper\">\n<h2 class=\"has-text-align-center eplus-lGRoQy\" id=\"h-preguntas-frecuentes\" style=\"font-size:45px\" data-block-type=\"core\"><strong>Preguntas frecuentes<\/strong><\/h2>\n\n\n\n<p class=\"eplus-Wcg1RC\" data-block-type=\"core\"><strong>\u00bfQu\u00e9 es el CPM?<\/strong><\/p>\n\n\n\n<p class=\"eplus-ojGO9p\" data-block-type=\"core\">CPM significa coste por mil (mil en lat\u00edn). Es la relaci\u00f3n entre el coste y las impresiones de una campa\u00f1a de medios. El n\u00famero de CPM de una plataforma te permite saber cu\u00e1nto cuesta conseguir 1.000 impresiones (visualizaciones) de un anuncio. Por ejemplo, si una plataforma tiene un CPM de 3 d\u00f3lares, le costar\u00e1 3 d\u00f3lares que su anuncio sea visto 1.000 veces en esa plataforma.<\/p>\n\n\n\n<p class=\"eplus-papP5h\" data-block-type=\"core\"><strong>\u00bfC\u00f3mo se calcula el CPM?<\/strong><\/p>\n\n\n\n<p class=\"eplus-GlApch\" data-block-type=\"core\">El CPM se calcula dividiendo el coste de una campa\u00f1a publicitaria por el n\u00famero de impresiones que recibe y multiplicando el resultado por 1,000.<\/p>\n\n\n\n<p class=\"eplus-f5KMTr\" data-block-type=\"core\">Si su campa\u00f1a publicitaria costara 200 d\u00f3lares y fuera vista por 40,000 personas, as\u00ed es como se calcular\u00eda el CPM de la misma:<\/p>\n\n\n\n<p class=\"eplus-Lkm6y7\" data-block-type=\"core\">1,000 x $200\/40,000<\/p>\n\n\n\n<p class=\"eplus-jFxSq1\" data-block-type=\"core\">El CPM es de 5 d\u00f3lares.<\/p>\n\n\n\n<p class=\"eplus-M3xHT6\" data-block-type=\"core\"><strong>\u00bfCu\u00e1ndo hay que utilizar una calculadora de CPM?<\/strong><\/p>\n\n\n\n<p class=\"eplus-xeyqTc\" data-block-type=\"core\">Una calculadora de CPM es una herramienta \u00fatil para cualquier campa\u00f1a publicitaria en medios de comunicaci\u00f3n, como Facebook Ads, Google Ads, Twitter Ads y LinkedIn Ads. Una de las partes m\u00e1s importantes de la publicidad digital es la evaluaci\u00f3n del rendimiento de los anuncios. Una calculadora de CPM le ayuda a hacerlo en cuesti\u00f3n de segundos.<\/p>\n\n\n\n<p class=\"eplus-zg2r9p\" data-block-type=\"core\"><strong>\u00bfCu\u00e1nto cuesta utilizar la calculadora de CPM?<\/strong><\/p>\n\n\n\n<p class=\"eplus-nJQWsI\" data-block-type=\"core\">Es gratuito para los usuarios de MenuDrive. \u00bfNo tienes una cuenta?<\/p>\n<\/div><\/div><\/div><\/div><\/div>\n\n\n\n<div class=\"wp-block-ugb-column ugb-column ugb-5564d69 ugb-column--design-plain ugb-main-block\"><div class=\"ugb-inner-block\"><div class=\"ugb-block-content\"><div class=\"ugb-column__item ugb-5564d69-column-wrapper\"><div class=\"ugb-column__content-wrapper\"><\/div><\/div><\/div><\/div><\/div>\n<\/div><\/div><\/div><\/div>\n","protected":false},"excerpt":{"rendered":"<p>Calculadora de CPM Determina la rentabilidad de tus campa\u00f1as publicitarias en medios de comunicaci\u00f3n. La calculadora puede utilizarse para cualquier tipo de campa\u00f1a publicitaria digital, como Facebook Ads o Google Ads Pr\u00f3ximamente Haga que sus anuncios sean m\u00e1s rentables El CPM es una m\u00e9trica valiosa porque le indica cu\u00e1nto est\u00e1 gastando en relaci\u00f3n con el &hellip;<\/p>\n<p class=\"read-more\"> <a class=\"\" href=\"https:\/\/www.menudrive.com\/mx\/calculadora-de-cpm\/\"> <span class=\"screen-reader-text\">Calculadora De CPM<\/span> Read More \u00bb<\/a><\/p>\n","protected":false},"author":28,"featured_media":0,"parent":0,"menu_order":0,"comment_status":"closed","ping_status":"closed","template":"","meta":{"editor_plus_custom_animation_option_css":"{}","om_disable_all_campaigns":false,"editor_plus_custom_css":"{\"869e70ed-4adf-4928-84f3-5acf18100c05\":\".eplus-WvK1tA.is-style-default { \\n\\n}\",\"29519415-9023-4608-b819-e7025b57e34d\":\".eplus-UO07MN { \\n\\n}\",\"6f9a2e1a-129c-4788-a26f-cf0177457081\":\".eplus-RhSM3D { \\n\\n}\",\"e6e709cb-4244-485b-9f2f-f581bc74e6ef\":\".eplus-mj7KgV { \\n\\n}\",\"52e2a67f-56c0-464c-b824-a1fe06ceffbc\":\".eplus-ER0LGr { \\n\\n}\",\"3478951b-505b-4fb4-b7b7-a94b25820585\":\".eplus-lGRoQy { \\n\\n}\",\"a87fbf50-e46a-4f46-ad42-236501c4d2b3\":\".eplus-Wcg1RC { \\n\\n}\",\"1edca907-43bc-4864-bcea-4547748686ed\":\".eplus-ojGO9p { \\n\\n}\",\"0fdea2ba-fe88-46da-b29f-aa2a318d911d\":\".eplus-papP5h { \\n\\n}\",\"fa36318f-0b90-4945-bb63-760e3175f8c5\":\".eplus-GlApch { \\n\\n}\",\"fe989903-b9be-41dd-8ee3-fe391268a8fe\":\".eplus-f5KMTr { \\n\\n}\",\"72fed77c-abab-4cf9-b4ea-3b6f5751633c\":\".eplus-Lkm6y7 { \\n\\n}\",\"0a879c06-aed3-46a4-86d5-3b5079d563fa\":\".eplus-jFxSq1 { \\n\\n}\",\"8ecf4efc-2b2c-44c0-b2f7-30cb7428e26b\":\".eplus-M3xHT6 { \\n\\n}\",\"c8f773a3-de75-4520-8fb3-5c41d71450a5\":\".eplus-xeyqTc { \\n\\n}\",\"b618ffb5-544a-45b5-a6f6-a53cd9558b5b\":\".eplus-zg2r9p { \\n\\n}\",\"40a642e7-7e07-4b15-8750-c00faddeb2d5\":\".eplus-nJQWsI { \\n\\n}\"}","editor_plus_custom_css_file_version":"latest-72","editor_plus_custom_styling_options_file_version":"latest-3662","editor_plus_custom_styling_options_css":"{\"869e70ed-4adf-4928-84f3-5acf18100c05\":\"\",\"29519415-9023-4608-b819-e7025b57e34d\":\"\",\"6f9a2e1a-129c-4788-a26f-cf0177457081\":\"\",\"e6e709cb-4244-485b-9f2f-f581bc74e6ef\":\".eplus_styles .eplus-mj7KgV {\\n                position: relative;\\n                padding-top: 30px !important;\\npadding-right: 30px !important;\\npadding-bottom: 30px !important;\\npadding-left: 30px !important;\\nbackground-image: linear-gradient(rgba(255, 247, 241, 1), rgba(255, 247, 241, 1));\\n            }\",\"52e2a67f-56c0-464c-b824-a1fe06ceffbc\":\"\",\"3478951b-505b-4fb4-b7b7-a94b25820585\":\"\",\"a87fbf50-e46a-4f46-ad42-236501c4d2b3\":\"\",\"1edca907-43bc-4864-bcea-4547748686ed\":\"\",\"0fdea2ba-fe88-46da-b29f-aa2a318d911d\":\"\",\"fa36318f-0b90-4945-bb63-760e3175f8c5\":\"\",\"fe989903-b9be-41dd-8ee3-fe391268a8fe\":\"\",\"72fed77c-abab-4cf9-b4ea-3b6f5751633c\":\"\",\"0a879c06-aed3-46a4-86d5-3b5079d563fa\":\"\",\"8ecf4efc-2b2c-44c0-b2f7-30cb7428e26b\":\"\",\"c8f773a3-de75-4520-8fb3-5c41d71450a5\":\"\",\"b618ffb5-544a-45b5-a6f6-a53cd9558b5b\":\"\",\"40a642e7-7e07-4b15-8750-c00faddeb2d5\":\"\"}","editor_plus_copied_stylings":"{}","editor_plus_extended_blocks_css":"{}","editor_plus_post_options":"{}"},"categories":[],"tags":[],"featured_image_urls":{"full":""},"post_excerpt_stackable":"<p>Calculadora de CPMDetermina la rentabilidad de tus campa\u00f1as publicitarias en medios de comunicaci\u00f3n. La calculadora puede utilizarse para cualquier tipo de campa\u00f1a publicitaria digital, como Facebook Ads o Google Ads Pr\u00f3ximamente Haga que sus anuncios sean m\u00e1s rentables El CPM es una m\u00e9trica valiosa porque le indica cu\u00e1nto est\u00e1 gastando en relaci\u00f3n con el n\u00famero de personas que ven su anuncio. Puedes averiguar si tu CPM est\u00e1 por encima o por debajo de la media de tu sector. Por ejemplo, el punto de referencia del sector de los viajes y la hosteler\u00eda para los anuncios de Facebook es de 0,63&hellip;<\/p>\n","category_list":"Sin categor\u00eda","author_info":{"name":"kranthi desai","url":"https:\/\/www.menudrive.com\/mx\/author\/kranthi-desai\/"},"comments_num":"0 comments","featured_image_urls_v2":{"full":"","thumbnail":"","medium":"","medium_large":"","large":"","1536x1536":"","2048x2048":"","ab-block-post-grid-landscape":"","ab-block-post-grid-square":"","gb-block-post-grid-landscape":"","gb-block-post-grid-square":""},"post_excerpt_stackable_v2":"<p>Calculadora de CPMDetermina la rentabilidad de tus campa\u00f1as publicitarias en medios de comunicaci\u00f3n. La calculadora puede utilizarse para cualquier tipo de campa\u00f1a publicitaria digital, como Facebook Ads o Google Ads Pr\u00f3ximamente Haga que sus anuncios sean m\u00e1s rentables El CPM es una m\u00e9trica valiosa porque le indica cu\u00e1nto est\u00e1 gastando en relaci\u00f3n con el n\u00famero de personas que ven su anuncio. Puedes averiguar si tu CPM est\u00e1 por encima o por debajo de la media de tu sector. Por ejemplo, el punto de referencia del sector de los viajes y la hosteler\u00eda para los anuncios de Facebook es de 0,63&hellip;<\/p>\n","category_list_v2":"Sin categor\u00eda","author_info_v2":{"name":"kranthi desai","url":"https:\/\/www.menudrive.com\/mx\/author\/kranthi-desai\/"},"comments_num_v2":"0 comments","featured_image_src":null,"featured_image_src_square":null,"uagb_featured_image_src":{"full":false,"thumbnail":false,"medium":false,"medium_large":false,"large":false,"1536x1536":false,"2048x2048":false,"ab-block-post-grid-landscape":false,"ab-block-post-grid-square":false,"gb-block-post-grid-landscape":false,"gb-block-post-grid-square":false},"uagb_author_info":{"display_name":"kranthi desai","author_link":"https:\/\/www.menudrive.com\/mx\/author\/kranthi-desai\/"},"uagb_comment_info":0,"uagb_excerpt":"Calculadora de CPM Determina la rentabilidad de tus campa\u00f1as publicitarias en medios de comunicaci\u00f3n. La calculadora puede utilizarse para cualquier tipo de campa\u00f1a publicitaria digital, como Facebook Ads o Google Ads Pr\u00f3ximamente Haga que sus anuncios sean m\u00e1s rentables El CPM es una m\u00e9trica valiosa porque le indica cu\u00e1nto est\u00e1 gastando en relaci\u00f3n con el&hellip;","_links":{"self":[{"href":"https:\/\/www.menudrive.com\/mx\/wp-json\/wp\/v2\/pages\/47819"}],"collection":[{"href":"https:\/\/www.menudrive.com\/mx\/wp-json\/wp\/v2\/pages"}],"about":[{"href":"https:\/\/www.menudrive.com\/mx\/wp-json\/wp\/v2\/types\/page"}],"author":[{"embeddable":true,"href":"https:\/\/www.menudrive.com\/mx\/wp-json\/wp\/v2\/users\/28"}],"replies":[{"embeddable":true,"href":"https:\/\/www.menudrive.com\/mx\/wp-json\/wp\/v2\/comments?post=47819"}],"version-history":[{"count":0,"href":"https:\/\/www.menudrive.com\/mx\/wp-json\/wp\/v2\/pages\/47819\/revisions"}],"wp:attachment":[{"href":"https:\/\/www.menudrive.com\/mx\/wp-json\/wp\/v2\/media?parent=47819"}],"wp:term":[{"taxonomy":"category","embeddable":true,"href":"https:\/\/www.menudrive.com\/mx\/wp-json\/wp\/v2\/categories?post=47819"},{"taxonomy":"post_tag","embeddable":true,"href":"https:\/\/www.menudrive.com\/mx\/wp-json\/wp\/v2\/tags?post=47819"}],"curies":[{"name":"wp","href":"https:\/\/api.w.org\/{rel}","templated":true}]}}