{"id":47812,"date":"2021-09-30T09:03:10","date_gmt":"2021-09-30T13:03:10","guid":{"rendered":"https:\/\/www.menudrive.com\/?page_id=47812"},"modified":"2021-09-30T10:48:59","modified_gmt":"2021-09-30T14:48:59","slug":"margen-de-beneficio-neto","status":"publish","type":"page","link":"https:\/\/www.menudrive.com\/mx\/margen-de-beneficio-neto\/","title":{"rendered":"Margen De Beneficio Neto"},"content":{"rendered":"\n<div class=\"wp-block-ugb-columns ugb-columns ugb-19618a8 ugb-columns--design-plain ugb-columns--columns-2 ugb-main-block\"><style>@media screen and (min-width:768px){.ugb-19618a8.ugb-columns{padding-right:111px !important;padding-left:111px !important}}<\/style><div class=\"ugb-inner-block\"><div class=\"ugb-block-content\"><div class=\"ugb-columns__item ugb-19618a8-content-wrapper\">\n<div class=\"wp-block-ugb-column ugb-column ugb-b6b7157 ugb-column--design-plain ugb-main-block\"><div class=\"ugb-inner-block\"><div class=\"ugb-block-content\"><div class=\"ugb-column__item ugb-b6b7157-column-wrapper\"><div class=\"ugb-column__content-wrapper\">\n<div class=\"wp-block-ugb-heading ugb-heading ugb-d5edee8 ugb-main-block\"><style>.ugb-d5edee8 .ugb-heading__title{text-align:left}.ugb-d5edee8 .ugb-heading__subtitle{font-size:15px !important;font-weight:400 !important;color:var(u002du002dstk-global-color-10230,#000000)}.ugb-d5edee8 .ugb-inner-block{text-align:left}<\/style><div class=\"ugb-inner-block\"><div class=\"ugb-block-content\"><h1 class=\"ugb-heading__title\"><span style=\"color: var(--stk-global-color-15085, #f58025);\" class=\"ugb-highlight\">Margen de beneficio<br>Calculadora<\/span><\/h1><p class=\"ugb-heading__subtitle\">Determine los mejores precios de venta de sus art\u00edculos de men\u00fa para aumentar sus beneficios.<\/p><\/div><\/div><\/div>\n\n\n\n<div class=\"wp-block-ugb-button ugb-button-wrapper ugb-58dc94b ugb-main-block\"><style>.ugb-58dc94b .ugb-block-content{justify-content:flex-start !important}.ugb-58dc94b .ugb-button1{background-color:var(--stk-global-color-15085,#f58025)}.ugb-58dc94b .ugb-button1 .ugb-button--inner,.ugb-58dc94b .ugb-button1 svg:not(.ugb-custom-icon){color:var(u002du002dstk-global-color-47760,#ffffff) !important}.ugb-58dc94b .ugb-inner-block{text-align:left}<\/style><div class=\"ugb-inner-block\"><div class=\"ugb-block-content\"><div class=\"ugb-button-container\"><a class=\"ugb-button1 ugb-button ugb-button--size-normal\" href=\"https:\/\/menudrivelabs.com\/mx\/profitmargin\" rel=\"\" title=\"\"><span class=\"ugb-button--inner\">Calcular el margen de beneficios<\/span><\/a><\/div><\/div><\/div><\/div>\n<\/div><\/div><\/div><\/div><\/div>\n\n\n\n<div class=\"wp-block-ugb-column ugb-column ugb-186ed2f ugb-column--design-plain ugb-main-block\"><div class=\"ugb-inner-block\"><div class=\"ugb-block-content\"><div class=\"ugb-column__item ugb-186ed2f-column-wrapper\"><div class=\"ugb-column__content-wrapper\">\n<div class=\"wp-block-image eplus-WvK1tA is-style-default\" data-block-type=\"core\"><figure class=\"aligncenter size-large\"><img loading=\"lazy\" width=\"425\" height=\"350\" src=\"https:\/\/www.menudrive.com\/wp-content\/uploads\/2021\/08\/hh.jpg\" alt=\"\" class=\"wp-image-46987\" srcset=\"https:\/\/www.menudrive.com\/wp-content\/uploads\/2021\/08\/hh.jpg 425w, https:\/\/www.menudrive.com\/wp-content\/uploads\/2021\/08\/hh-300x247.jpg 300w, https:\/\/www.menudrive.com\/wp-content\/uploads\/2021\/08\/hh-182x150.jpg 182w\" sizes=\"(max-width: 425px) 100vw, 425px\" \/><\/figure><\/div>\n<\/div><\/div><\/div><\/div><\/div>\n<\/div><\/div><\/div><\/div>\n\n\n\n<div class=\"wp-container-2 wp-block-columns eplus-ER0LGr\" data-block-type=\"core\">\n<div class=\"wp-container-1 wp-block-column eplus-mj7KgV\" style=\"flex-basis:100%\" data-block-type=\"core\">\n<h3 class=\"eplus-UO07MN\" id=\"h-encuentre-un-precio-de-venta-rentable-para-sus-art-culos-de-men\" data-block-type=\"core\"><strong>Encuentre un precio de venta rentable para sus art\u00edculos de men\u00fa<\/strong><\/h3>\n\n\n\n<p class=\"eplus-RhSM3D\" data-block-type=\"core\">El precio del men\u00fa es el motor del \u00e9xito de su empresa. Los precios influyen directamente en su capacidad para financiar aspectos esenciales de su negocio, como el equipo, los servicios p\u00fablicos, la mano de obra, los ingredientes y otros. Conocer los costes de los alimentos de su restaurante puede ayudarle a tomar decisiones empresariales eficaces, como cu\u00e1nto cobrar por los art\u00edculos de su men\u00fa para obtener la m\u00e1xima rentabilidad o cu\u00e1ndo es el momento de buscar nuevos proveedores. Con este conocimiento, podr\u00e1 optimizar los beneficios que repercuten en su cuenta de resultados.<\/p>\n<\/div>\n<\/div>\n\n\n\n<div class=\"wp-block-ugb-columns ugb-columns ugb-2bc5d1f ugb-columns--design-plain ugb-columns--columns-3 ugb-main-block\"><style>.ugb-2bc5d1f > .ugb-inner-block > .ugb-block-content > .ugb-columns__item{grid-template-columns:0.75fr 1.50fr 0.75fr !important}<\/style><div class=\"ugb-inner-block\"><div class=\"ugb-block-content\"><div class=\"ugb-columns__item ugb-2bc5d1f-content-wrapper\">\n<div class=\"wp-block-ugb-column ugb-column ugb-6aac24f ugb-column--design-plain ugb-main-block\"><div class=\"ugb-inner-block\"><div class=\"ugb-block-content\"><div class=\"ugb-column__item ugb-6aac24f-column-wrapper\"><div class=\"ugb-column__content-wrapper\"><\/div><\/div><\/div><\/div><\/div>\n\n\n\n<div class=\"wp-block-ugb-column ugb-column ugb-c12b002 ugb-column--design-plain ugb-main-block\"><div class=\"ugb-inner-block\"><div class=\"ugb-block-content\"><div class=\"ugb-column__item ugb-c12b002-column-wrapper\"><div class=\"ugb-column__content-wrapper\">\n<h2 class=\"has-text-align-center eplus-lGRoQy\" id=\"h-preguntas-frecuentes\" style=\"font-size:45px\" data-block-type=\"core\"><strong>Preguntas frecuentes<\/strong><\/h2>\n\n\n\n<p class=\"eplus-Wcg1RC\" data-block-type=\"core\"><strong>\u00bfQu\u00e9 es el margen de beneficio?<\/strong><\/p>\n\n\n\n<p class=\"eplus-ojGO9p\" data-block-type=\"core\">El margen de beneficios indica la rentabilidad de un producto, servicio o negocio. Se expresa en forma de porcentaje; cuanto mayor sea la cifra, m\u00e1s rentable ser\u00e1 la empresa.<\/p>\n\n\n\n<p class=\"eplus-papP5h\" data-block-type=\"core\"><strong>\u00bfC\u00f3mo se calcula el margen de beneficio bruto?<\/strong><\/p>\n\n\n\n<p class=\"eplus-fUPEvy\" data-block-type=\"core\">Es muy sencillo encontrar el margen de beneficio bruto de forma autom\u00e1tica utilizando la calculadora. Para calcularlo manualmente, reste el coste de las mercanc\u00edas vendidas (COGS) de las ventas netas (ingresos brutos menos devoluciones, provisiones y descuentos). A continuaci\u00f3n, divida esta cifra por las ventas netas, para calcular el margen de beneficio bruto en un porcentaje.<\/p>\n\n\n\n<p class=\"eplus-vLDLaE\" data-block-type=\"core\">La calculadora gratuita de margen de beneficios de MenuDrive lo hace por ti, pero tambi\u00e9n puedes utilizar la siguiente f\u00f3rmula:<\/p>\n\n\n\n<p class=\"eplus-sbZDkA\" data-block-type=\"core\">Paso 1: X (Ventas netas) &#8211; Y (COGS) = Z<\/p>\n\n\n\n<p class=\"eplus-KfuaBV\" data-block-type=\"core\">Paso 2: Z \/ X (Ventas netas) = % Margen de beneficio bruto<\/p>\n\n\n\n<p class=\"eplus-M3xHT6\" data-block-type=\"core\"><strong>\u00bfC\u00f3mo se calcula un margen de beneficio del 20%?<\/strong><\/p>\n\n\n\n<p class=\"eplus-uAzw4F\" data-block-type=\"core\">Siga estos sencillos pasos para calcular un margen de beneficio del 20%:<\/p>\n\n\n\n<div class=\"wp-container-4 wp-block-columns eplus-gxnFHT\" data-block-type=\"core\">\n<div class=\"wp-container-3 wp-block-column eplus-gcYcdQ\" style=\"flex-basis:100%\" data-block-type=\"core\">\n<p class=\"eplus-eooNgT\" data-block-type=\"core\">1. Utilice el 20% en su forma decimal, que es 0.2<\/p>\n<\/div>\n<\/div>\n\n\n\n<p class=\"eplus-vLo6us\" data-block-type=\"core\">2. Resta 0.2 a 1 para obtener 0.8<\/p>\n\n\n\n<p class=\"eplus-xjN8dB\" data-block-type=\"core\">3. Divida el precio original de su bien por 0.8<\/p>\n\n\n\n<p class=\"eplus-X3SSHP\" data-block-type=\"core\">4. La cifra resultante es lo que deber\u00edas cobrar para obtener un margen de   beneficio del 20%.<\/p>\n\n\n\n<p class=\"eplus-zg2r9p\" data-block-type=\"core\"><strong>\u00bfC\u00f3mo funciona la calculadora del margen de beneficios?<\/strong><\/p>\n\n\n\n<p class=\"eplus-nJQWsI\" data-block-type=\"core\">La calculadora gratuita de margen de beneficios de MenuDrive es r\u00e1pida y f\u00e1cil de usar. Simplemente toma el porcentaje de margen de beneficio que introduzcas, lo a\u00f1ade en formato decimal al coste y luego te da un precio de venta que refleja el margen de beneficio.<\/p>\n<\/div><\/div><\/div><\/div><\/div>\n\n\n\n<div class=\"wp-block-ugb-column ugb-column ugb-5564d69 ugb-column--design-plain ugb-main-block\"><div class=\"ugb-inner-block\"><div class=\"ugb-block-content\"><div class=\"ugb-column__item ugb-5564d69-column-wrapper\"><div class=\"ugb-column__content-wrapper\"><\/div><\/div><\/div><\/div><\/div>\n<\/div><\/div><\/div><\/div>\n","protected":false},"excerpt":{"rendered":"<p>Margen de beneficioCalculadora Determine los mejores precios de venta de sus art\u00edculos de men\u00fa para aumentar sus beneficios. Calcular el margen de beneficios Encuentre un precio de venta rentable para sus art\u00edculos de men\u00fa El precio del men\u00fa es el motor del \u00e9xito de su empresa. Los precios influyen directamente en su capacidad para financiar &hellip;<\/p>\n<p class=\"read-more\"> <a class=\"\" href=\"https:\/\/www.menudrive.com\/mx\/margen-de-beneficio-neto\/\"> <span class=\"screen-reader-text\">Margen De Beneficio Neto<\/span> Read More \u00bb<\/a><\/p>\n","protected":false},"author":28,"featured_media":0,"parent":0,"menu_order":0,"comment_status":"closed","ping_status":"closed","template":"","meta":{"editor_plus_custom_animation_option_css":"{}","om_disable_all_campaigns":false,"editor_plus_custom_css":"{\"adc0190b-fa51-4b9f-9fd2-b35f0412f484\":\".eplus-WvK1tA.is-style-default { \\n\\n}\",\"4aeec076-7bf5-45f5-909a-9b93c779ed67\":\".eplus-UO07MN { \\n\\n}\",\"a520d4a3-c0cd-459c-9256-bb324a70dc28\":\".eplus-RhSM3D { \\n\\n}\",\"f3bab80e-e40c-4a4f-8909-84657cc577a4\":\".eplus-mj7KgV { \\n\\n}\",\"ca7f1c3a-186b-47e2-b838-e217e39c5bd3\":\".eplus-ER0LGr { \\n\\n}\",\"be68d3d2-f918-49cc-a227-504ca3cac3b4\":\".eplus-lGRoQy { \\n\\n}\",\"c56da682-1a06-47f8-9db0-3463966ac0f9\":\".eplus-Wcg1RC { \\n\\n}\",\"13011b76-6852-4cdf-bb1c-16c8f2546199\":\".eplus-ojGO9p { \\n\\n}\",\"acb3b49a-c2f2-4e86-b27a-4e703f0b31dc\":\".eplus-papP5h { \\n\\n}\",\"bd5497fe-bfa5-4ec7-a71a-c053c5f04a59\":\".eplus-fUPEvy { \\n\\n}\",\"6b7b57e9-ea63-4762-b357-4c5f8bdc7ddc\":\".eplus-vLDLaE { \\n\\n}\",\"bbbcf08e-8c26-4396-90cd-d1019e58355c\":\".eplus-sbZDkA { \\n\\n}\",\"0eda95e8-19e4-4e4d-bef0-631281d9ab34\":\".eplus-KfuaBV { \\n\\n}\",\"f7eaa2d7-29ce-46a2-b25e-b83e53c005fc\":\".eplus-M3xHT6 { \\n\\n}\",\"61007bb4-2ead-4dc6-b6cf-ce63577b213a\":\".eplus-uAzw4F { \\n\\n}\",\"3c268f55-dd20-4116-a2a3-98d8e3e2a2a7\":\".eplus-eooNgT { \\n\\n}\",\"bd1946f7-5a40-4af3-a90b-2b41b74d0b97\":\".eplus-gcYcdQ { \\n\\n}\",\"377d539a-d34e-4758-b2aa-7c29e072fa8a\":\".eplus-gxnFHT { \\n\\n}\",\"cba94d29-25da-4edf-97c0-69891710bafd\":\".eplus-vLo6us { \\n\\n}\",\"6f91132c-7bb3-4d10-a7e0-a9cf453e7b6f\":\".eplus-xjN8dB { \\n\\n}\",\"c6fce2b4-5c79-4f9f-bc77-e147ca1ec53d\":\".eplus-X3SSHP { \\n\\n}\",\"53cf23cc-4ff7-481a-9ace-ae21f0381aef\":\".eplus-zg2r9p { \\n\\n}\",\"4374e6d7-43ba-4f71-be84-a2fc43474c7d\":\".eplus-nJQWsI { \\n\\n}\"}","editor_plus_custom_css_file_version":"latest-525","editor_plus_custom_styling_options_file_version":"latest-3283","editor_plus_custom_styling_options_css":"{\"adc0190b-fa51-4b9f-9fd2-b35f0412f484\":\"\",\"4aeec076-7bf5-45f5-909a-9b93c779ed67\":\"\",\"a520d4a3-c0cd-459c-9256-bb324a70dc28\":\"\",\"f3bab80e-e40c-4a4f-8909-84657cc577a4\":\".eplus_styles .eplus-mj7KgV {\\n                position: relative;\\n                padding-top: 30px !important;\\npadding-right: 30px !important;\\npadding-bottom: 30px !important;\\npadding-left: 30px !important;\\nbackground-image: linear-gradient(rgba(255, 247, 241, 1), rgba(255, 247, 241, 1));\\n            }\",\"ca7f1c3a-186b-47e2-b838-e217e39c5bd3\":\"\",\"be68d3d2-f918-49cc-a227-504ca3cac3b4\":\"\",\"c56da682-1a06-47f8-9db0-3463966ac0f9\":\"\",\"13011b76-6852-4cdf-bb1c-16c8f2546199\":\"\",\"acb3b49a-c2f2-4e86-b27a-4e703f0b31dc\":\"\",\"bd5497fe-bfa5-4ec7-a71a-c053c5f04a59\":\"\",\"6b7b57e9-ea63-4762-b357-4c5f8bdc7ddc\":\"\",\"bbbcf08e-8c26-4396-90cd-d1019e58355c\":\"\",\"0eda95e8-19e4-4e4d-bef0-631281d9ab34\":\"\",\"f7eaa2d7-29ce-46a2-b25e-b83e53c005fc\":\"\",\"61007bb4-2ead-4dc6-b6cf-ce63577b213a\":\"\",\"3c268f55-dd20-4116-a2a3-98d8e3e2a2a7\":\"\",\"bd1946f7-5a40-4af3-a90b-2b41b74d0b97\":\"\",\"377d539a-d34e-4758-b2aa-7c29e072fa8a\":\"\",\"cba94d29-25da-4edf-97c0-69891710bafd\":\"\",\"6f91132c-7bb3-4d10-a7e0-a9cf453e7b6f\":\"\",\"c6fce2b4-5c79-4f9f-bc77-e147ca1ec53d\":\"\",\"53cf23cc-4ff7-481a-9ace-ae21f0381aef\":\"\",\"4374e6d7-43ba-4f71-be84-a2fc43474c7d\":\"\"}","editor_plus_copied_stylings":"{}","editor_plus_extended_blocks_css":"{}","editor_plus_post_options":"{}"},"categories":[],"tags":[],"featured_image_urls":{"full":""},"post_excerpt_stackable":"<p>Margen de beneficioCalculadoraDetermine los mejores precios de venta de sus art\u00edculos de men\u00fa para aumentar sus beneficios. Calcular el margen de beneficios Encuentre un precio de venta rentable para sus art\u00edculos de men\u00fa El precio del men\u00fa es el motor del \u00e9xito de su empresa. Los precios influyen directamente en su capacidad para financiar aspectos esenciales de su negocio, como el equipo, los servicios p\u00fablicos, la mano de obra, los ingredientes y otros. Conocer los costes de los alimentos de su restaurante puede ayudarle a tomar decisiones empresariales eficaces, como cu\u00e1nto cobrar por los art\u00edculos de su men\u00fa para obtener&hellip;<\/p>\n","category_list":"Sin categor\u00eda","author_info":{"name":"kranthi desai","url":"https:\/\/www.menudrive.com\/mx\/author\/kranthi-desai\/"},"comments_num":"0 comments","featured_image_urls_v2":{"full":"","thumbnail":"","medium":"","medium_large":"","large":"","1536x1536":"","2048x2048":"","ab-block-post-grid-landscape":"","ab-block-post-grid-square":"","gb-block-post-grid-landscape":"","gb-block-post-grid-square":""},"post_excerpt_stackable_v2":"<p>Margen de beneficioCalculadoraDetermine los mejores precios de venta de sus art\u00edculos de men\u00fa para aumentar sus beneficios. Calcular el margen de beneficios Encuentre un precio de venta rentable para sus art\u00edculos de men\u00fa El precio del men\u00fa es el motor del \u00e9xito de su empresa. Los precios influyen directamente en su capacidad para financiar aspectos esenciales de su negocio, como el equipo, los servicios p\u00fablicos, la mano de obra, los ingredientes y otros. Conocer los costes de los alimentos de su restaurante puede ayudarle a tomar decisiones empresariales eficaces, como cu\u00e1nto cobrar por los art\u00edculos de su men\u00fa para obtener&hellip;<\/p>\n","category_list_v2":"Sin categor\u00eda","author_info_v2":{"name":"kranthi desai","url":"https:\/\/www.menudrive.com\/mx\/author\/kranthi-desai\/"},"comments_num_v2":"0 comments","featured_image_src":null,"featured_image_src_square":null,"uagb_featured_image_src":{"full":false,"thumbnail":false,"medium":false,"medium_large":false,"large":false,"1536x1536":false,"2048x2048":false,"ab-block-post-grid-landscape":false,"ab-block-post-grid-square":false,"gb-block-post-grid-landscape":false,"gb-block-post-grid-square":false},"uagb_author_info":{"display_name":"kranthi desai","author_link":"https:\/\/www.menudrive.com\/mx\/author\/kranthi-desai\/"},"uagb_comment_info":0,"uagb_excerpt":"Margen de beneficioCalculadora Determine los mejores precios de venta de sus art\u00edculos de men\u00fa para aumentar sus beneficios. Calcular el margen de beneficios Encuentre un precio de venta rentable para sus art\u00edculos de men\u00fa El precio del men\u00fa es el motor del \u00e9xito de su empresa. Los precios influyen directamente en su capacidad para financiar&hellip;","_links":{"self":[{"href":"https:\/\/www.menudrive.com\/mx\/wp-json\/wp\/v2\/pages\/47812"}],"collection":[{"href":"https:\/\/www.menudrive.com\/mx\/wp-json\/wp\/v2\/pages"}],"about":[{"href":"https:\/\/www.menudrive.com\/mx\/wp-json\/wp\/v2\/types\/page"}],"author":[{"embeddable":true,"href":"https:\/\/www.menudrive.com\/mx\/wp-json\/wp\/v2\/users\/28"}],"replies":[{"embeddable":true,"href":"https:\/\/www.menudrive.com\/mx\/wp-json\/wp\/v2\/comments?post=47812"}],"version-history":[{"count":0,"href":"https:\/\/www.menudrive.com\/mx\/wp-json\/wp\/v2\/pages\/47812\/revisions"}],"wp:attachment":[{"href":"https:\/\/www.menudrive.com\/mx\/wp-json\/wp\/v2\/media?parent=47812"}],"wp:term":[{"taxonomy":"category","embeddable":true,"href":"https:\/\/www.menudrive.com\/mx\/wp-json\/wp\/v2\/categories?post=47812"},{"taxonomy":"post_tag","embeddable":true,"href":"https:\/\/www.menudrive.com\/mx\/wp-json\/wp\/v2\/tags?post=47812"}],"curies":[{"name":"wp","href":"https:\/\/api.w.org\/{rel}","templated":true}]}}