{"id":47801,"date":"2021-09-30T08:44:29","date_gmt":"2021-09-30T12:44:29","guid":{"rendered":"https:\/\/www.menudrive.com\/?page_id=47801"},"modified":"2021-09-30T10:45:05","modified_gmt":"2021-09-30T14:45:05","slug":"auditoria-google-my-business","status":"publish","type":"page","link":"https:\/\/www.menudrive.com\/mx\/auditoria-google-my-business\/","title":{"rendered":"Auditoria Google My Business"},"content":{"rendered":"\n<div class=\"alignwide wp-block-ugb-columns ugb-columns cxfdcv ugb-19618a8 ugb-columns--design-plain ugb-columns--columns-2 ugb-main-block\"><style>.ugb-19618a8-content-wrapper{grid-column-gap:0px !important}.ugb-19618a8-content-wrapper > .ugb-column{align-items:center !important}.ugb-19618a8-content-wrapper > .ugb-column > .ugb-inner-block{height:auto !important}@media screen and (min-width:768px){.ugb-19618a8.ugb-columns{padding-right:111px !important;padding-left:111px !important}}<\/style><div class=\"ugb-inner-block\"><div class=\"ugb-block-content\"><div class=\"ugb-columns__item ugb-19618a8-content-wrapper\">\n<div class=\"wp-block-ugb-column ugb-column ugb-b6b7157 ugb-column--design-plain ugb-main-block\"><div class=\"ugb-inner-block\"><div class=\"ugb-block-content\"><div class=\"ugb-column__item ugb-b6b7157-column-wrapper\"><div class=\"ugb-column__content-wrapper\">\n<div class=\"wp-block-ugb-heading ugb-heading ugb-d5edee8 ugb-main-block\"><style>.ugb-d5edee8 .ugb-heading__title{text-align:left}.ugb-d5edee8 .ugb-heading__subtitle{font-size:15px !important;font-weight:400 !important;color:var(u002du002dstk-global-color-10230,#000000)}.ugb-d5edee8 .ugb-inner-block{text-align:left}<\/style><div class=\"ugb-inner-block\"><div class=\"ugb-block-content\"><h1 class=\"ugb-heading__title\"><span style=\"color: var(--stk-global-color-15085, #f58025);\" class=\"ugb-highlight\">Auditor\u00eda de Google My Business<\/span><\/h1><p class=\"ugb-heading__subtitle\">Optimice su lista de restaurantes de Google My Business para la b\u00fasqueda local y llegue a m\u00e1s clientes<\/p><\/div><\/div><\/div>\n\n\n\n<div class=\"wp-block-ugb-button ugb-button-wrapper ugb-58dc94b ugb-main-block\"><style>.ugb-58dc94b .ugb-block-content{justify-content:flex-start !important}.ugb-58dc94b .ugb-button1{background-color:var(--stk-global-color-15085,#f58025)}.ugb-58dc94b .ugb-button1 .ugb-button--inner,.ugb-58dc94b .ugb-button1 svg:not(.ugb-custom-icon){color:var(u002du002dstk-global-color-47760,#ffffff) !important}.ugb-58dc94b .ugb-inner-block{text-align:left}<\/style><div class=\"ugb-inner-block\"><div class=\"ugb-block-content\"><div class=\"ugb-button-container\"><a class=\"ugb-button1 ugb-button ugb-button--size-normal\" href=\"#\" rel=\"\" title=\"\"><span class=\"ugb-button--inner\">Pr\u00f3ximamente<\/span><\/a><\/div><\/div><\/div><\/div>\n<\/div><\/div><\/div><\/div><\/div>\n\n\n\n<div class=\"wp-block-ugb-column ugb-column ugb-186ed2f ugb-column--design-plain ugb-main-block\"><div class=\"ugb-inner-block\"><div class=\"ugb-block-content\"><div class=\"ugb-column__item ugb-186ed2f-column-wrapper\"><div class=\"ugb-column__content-wrapper\">\n<div class=\"wp-block-image eplus-WvK1tA is-style-default\" data-block-type=\"core\"><figure class=\"aligncenter size-large is-resized\"><img loading=\"lazy\" src=\"https:\/\/www.menudrive.com\/wp-content\/uploads\/2021\/08\/ii.jpg\" alt=\"\" class=\"wp-image-46994\" width=\"520\" height=\"424\" srcset=\"https:\/\/www.menudrive.com\/wp-content\/uploads\/2021\/08\/ii.jpg 520w, https:\/\/www.menudrive.com\/wp-content\/uploads\/2021\/08\/ii-300x245.jpg 300w, https:\/\/www.menudrive.com\/wp-content\/uploads\/2021\/08\/ii-184x150.jpg 184w, https:\/\/www.menudrive.com\/wp-content\/uploads\/2021\/08\/ii-500x408.jpg 500w\" sizes=\"(max-width: 520px) 100vw, 520px\" \/><\/figure><\/div>\n<\/div><\/div><\/div><\/div><\/div>\n<\/div><\/div><\/div><\/div>\n\n\n\n<div class=\"alignfull wp-block-ugb-columns ugb-columns ugb-2dbb938 ugb-columns--design-plain ugb-columns--columns-3 ugb-main-block ugb-main-block--inner-center ugb--has-block-background\"><style>.ugb-2dbb938.ugb-columns{background-color:#f6fcff}.ugb-2dbb938.ugb-columns:before{background-color:#f6fcff}<\/style><div class=\"ugb-inner-block ugb-inner-block--center\"><div class=\"ugb-block-content\"><div class=\"ugb-columns__item ugb-2dbb938-content-wrapper\">\n<div class=\"wp-block-ugb-column ugb-column ugb-30622d9 ugb-column--design-plain ugb-main-block\"><div class=\"ugb-inner-block\"><div class=\"ugb-block-content\"><div class=\"ugb-column__item ugb-30622d9-column-wrapper\"><div class=\"ugb-column__content-wrapper\">\n<div class=\"wp-block-uagb-info-box uagb-infobox__outer-wrap uagb-block-250eef22\"><div class=\"uagb-infobox__content-wrap uagb-infobox uagb-infobox-has-image uagb-infobox-icon-above-title uagb-infobox-image-valign-top uagb-infobox-enable-border-radius \"><div class=\"uagb-ifb-left-right-wrap\"><div class=\"uagb-ifb-content\"><div class=\"uagb-ifb-image-icon-content uagb-ifb-imgicon-wrap\"><div class=\"uagb-ifb-image\"><div class=\"uagb-ifb-image-content\"><img class=\"uagb-ifb-img-src\" src=\"https:\/\/www.menudrive.com\/wp-content\/uploads\/2021\/08\/dd.jpg\" alt=\"\"\/><\/div><\/div><\/div><div class=\"uagb-ifb-title-wrap\"><h3 class=\"uagb-ifb-title\"><strong>Comentarios<\/strong><\/h3><\/div><div class=\"uagb-ifb-separator-parent\"><div class=\"uagb-ifb-separator\"><\/div><\/div><div class=\"uagb-ifb-text-wrap\"><\/div><\/div><\/div><\/div><\/div>\n<\/div><\/div><\/div><\/div><\/div>\n\n\n\n<div class=\"wp-block-ugb-column ugb-column ugb-23d52fb ugb-column--design-plain ugb-main-block\"><div class=\"ugb-inner-block\"><div class=\"ugb-block-content\"><div class=\"ugb-column__item ugb-23d52fb-column-wrapper\"><div class=\"ugb-column__content-wrapper\">\n<div class=\"wp-block-uagb-info-box uagb-infobox__outer-wrap uagb-block-5281dc3d\"><div class=\"uagb-infobox__content-wrap uagb-infobox uagb-infobox-has-image uagb-infobox-icon-above-title uagb-infobox-image-valign-top uagb-infobox-enable-border-radius \"><div class=\"uagb-ifb-left-right-wrap\"><div class=\"uagb-ifb-content\"><div class=\"uagb-ifb-image-icon-content uagb-ifb-imgicon-wrap\"><div class=\"uagb-ifb-image\"><div class=\"uagb-ifb-image-content\"><img class=\"uagb-ifb-img-src\" src=\"https:\/\/www.menudrive.com\/wp-content\/uploads\/2021\/08\/ee.jpg\" alt=\"\"\/><\/div><\/div><\/div><div class=\"uagb-ifb-title-wrap\"><h3 class=\"uagb-ifb-title\"><strong>Perfil<\/strong><\/h3><\/div><div class=\"uagb-ifb-separator-parent\"><div class=\"uagb-ifb-separator\"><\/div><\/div><div class=\"uagb-ifb-text-wrap\"><\/div><\/div><\/div><\/div><\/div>\n<\/div><\/div><\/div><\/div><\/div>\n\n\n\n<div class=\"wp-block-ugb-column ugb-column ugb-7e560bb ugb-column--design-plain ugb-main-block\"><div class=\"ugb-inner-block\"><div class=\"ugb-block-content\"><div class=\"ugb-column__item ugb-7e560bb-column-wrapper\"><div class=\"ugb-column__content-wrapper\">\n<div class=\"wp-block-uagb-info-box uagb-infobox__outer-wrap uagb-block-9f8a0009\"><div class=\"uagb-infobox__content-wrap uagb-infobox uagb-infobox-has-image uagb-infobox-icon-above-title uagb-infobox-image-valign-top uagb-infobox-enable-border-radius \"><div class=\"uagb-ifb-left-right-wrap\"><div class=\"uagb-ifb-content\"><div class=\"uagb-ifb-image-icon-content uagb-ifb-imgicon-wrap\"><div class=\"uagb-ifb-image\"><div class=\"uagb-ifb-image-content\"><img class=\"uagb-ifb-img-src\" src=\"https:\/\/www.menudrive.com\/wp-content\/uploads\/2021\/08\/ff-1.jpg\" alt=\"\"\/><\/div><\/div><\/div><div class=\"uagb-ifb-title-wrap\"><h3 class=\"uagb-ifb-title\"><strong>Contenido<\/strong><\/h3><\/div><div class=\"uagb-ifb-separator-parent\"><div class=\"uagb-ifb-separator\"><\/div><\/div><div class=\"uagb-ifb-text-wrap\"><\/div><\/div><\/div><\/div><\/div>\n<\/div><\/div><\/div><\/div><\/div>\n<\/div><\/div><\/div><\/div>\n\n\n\n<p class=\"has-text-align-center eplus-o6fVJo\" data-block-type=\"core\">La visibilidad en Google es crucial para las empresas que quieren ser encontradas en las b\u00fasquedas locales relevantes. Nuestra auditor\u00eda<br>le proporciona informaci\u00f3n clara y pr\u00e1ctica sobre el estado actual de su ficha de Google My Business.<\/p>\n\n\n\n<div class=\"wp-container-2 wp-block-columns eplus-ER0LGr\" data-block-type=\"core\">\n<div class=\"wp-container-1 wp-block-column eplus-mj7KgV\" style=\"flex-basis:100%\" data-block-type=\"core\">\n<div class=\"wp-block-ugb-columns ugb-columns ugb-49790ed ugb-columns--design-plain ugb-columns--columns-3 ugb-main-block\"><style>.ugb-49790ed > .ugb-inner-block > .ugb-block-content > .ugb-columns__item{grid-template-columns:0.75fr 1.50fr 0.75fr !important}<\/style><div class=\"ugb-inner-block\"><div class=\"ugb-block-content\"><div class=\"ugb-columns__item ugb-49790ed-content-wrapper\">\n<div class=\"wp-block-ugb-column ugb-column ugb-3271488 ugb-column--design-plain ugb-main-block\"><div class=\"ugb-inner-block\"><div class=\"ugb-block-content\"><div class=\"ugb-column__item ugb-3271488-column-wrapper\"><div class=\"ugb-column__content-wrapper\"><\/div><\/div><\/div><\/div><\/div>\n\n\n\n<div class=\"wp-block-ugb-column ugb-column ugb-76a8573 ugb-column--design-plain ugb-main-block\"><div class=\"ugb-inner-block\"><div class=\"ugb-block-content\"><div class=\"ugb-column__item ugb-76a8573-column-wrapper\"><div class=\"ugb-column__content-wrapper\">\n<h1 class=\"has-text-align-center eplus-S5Aijt\" id=\"h-preguntas-frecuentes\" data-block-type=\"core\"><strong>Preguntas frecuentes<\/strong><\/h1>\n\n\n\n<p class=\"eplus-444n5G\" data-block-type=\"core\"><strong>\u00bfQu\u00e9 es Google My Business?<\/strong><br>Google My Business es una herramienta gratuita que le permite promocionar su perfil de empresa y su sitio web en la B\u00fasqueda de Google y en Google Maps. Con su cuenta de Google My Business, puede ver y conectar con sus clientes, publicar actualizaciones en su perfil de empresa y ver c\u00f3mo los clientes interact\u00faan con su negocio en Google.<\/p>\n\n\n\n<p class=\"eplus-YDVvEM\" data-block-type=\"core\"><strong>\u00bfQu\u00e9 es un perfil empresarial?<\/strong><br>Su perfil empresarial gratuito en Google ayuda a que su empresa aparezca cuando m\u00e1s importa: en el momento en que los clientes buscan su negocio o productos y servicios como el suyo en la B\u00fasqueda de Google y en Maps. Acceda a su cuenta de Google My Business para actualizar su direcci\u00f3n, n\u00famero de tel\u00e9fono, sitio web, horario de apertura y mucho m\u00e1s para ayudar a los clientes a encontrar y conectar con su negocio. Mant\u00e9n tu perfil actualizado con fotos frescas, ofertas especiales y promociones para que los clientes te elijan f\u00e1cilmente.<\/p>\n\n\n\n<p class=\"eplus-gMqyYs\" data-block-type=\"core\"><strong>\u00bfDebo utilizar Google My Business si ya tengo un sitio web?<\/strong><br>S\u00ed, su perfil empresarial gratuito de Google complementa su sitio web, ya que a\u00f1ade m\u00e1s visibilidad a su sitio web empresarial actual en la B\u00fasqueda de Google y en Google Maps. Incluso puede a\u00f1adir un enlace a su sitio web en su perfil empresarial.<\/p>\n<\/div><\/div><\/div><\/div><\/div>\n\n\n\n<div class=\"wp-block-ugb-column ugb-column ugb-f8e39b8 ugb-column--design-plain ugb-main-block\"><div class=\"ugb-inner-block\"><div class=\"ugb-block-content\"><div class=\"ugb-column__item ugb-f8e39b8-column-wrapper\"><div class=\"ugb-column__content-wrapper\"><\/div><\/div><\/div><\/div><\/div>\n<\/div><\/div><\/div><\/div>\n<\/div>\n<\/div>\n\n\n\n<div class=\"wp-container-4 wp-block-columns eplus-vTGEBb\" data-block-type=\"core\">\n<div class=\"wp-container-3 wp-block-column is-vertically-aligned-center eplus-IFdkCi\" data-block-type=\"core\">\n<h1 class=\"has-text-align-center eplus-qsWsiz\" id=\"h-no-est-seguro-de-tener-una-cuenta-de-google-my-business\" style=\"font-size:30px\" data-block-type=\"core\"><strong>\u00bfNo est\u00e1 seguro de tener una cuenta de Google My Business?<\/strong><\/h1>\n\n\n\n<p class=\"has-text-align-center eplus-QzYDkC has-medium-font-size\" data-block-type=\"core\">Busca y gestiona tu ficha de empresa o a\u00f1ade tu negocio a Google.<\/p>\n\n\n\n<div class=\"wp-block-ugb-button ugb-button-wrapper ugb-1a2d283 ugb-main-block\"><style>.ugb-1a2d283 .ugb-button1{background-color:var(--stk-global-color-15085,#f58025)}.ugb-1a2d283 .ugb-button1 .ugb-button--inner,.ugb-1a2d283 .ugb-button1 svg:not(.ugb-custom-icon){color:var(u002du002dstk-global-color-47760,#ffffff) !important}<\/style><div class=\"ugb-inner-block\"><div class=\"ugb-block-content\"><div class=\"ugb-button-container\"><a class=\"ugb-button1 ugb-button ugb-button--size-normal\" href=\"\" rel=\"\" title=\"\"><span class=\"ugb-button--inner\">Pr\u00f3ximamente<\/span><\/a><\/div><\/div><\/div><\/div>\n<\/div>\n<\/div>\n","protected":false},"excerpt":{"rendered":"<p>Auditor\u00eda de Google My Business Optimice su lista de restaurantes de Google My Business para la b\u00fasqueda local y llegue a m\u00e1s clientes Pr\u00f3ximamente La visibilidad en Google es crucial para las empresas que quieren ser encontradas en las b\u00fasquedas locales relevantes. Nuestra auditor\u00edale proporciona informaci\u00f3n clara y pr\u00e1ctica sobre el estado actual de su &hellip;<\/p>\n<p class=\"read-more\"> <a class=\"\" href=\"https:\/\/www.menudrive.com\/mx\/auditoria-google-my-business\/\"> <span class=\"screen-reader-text\">Auditoria Google My Business<\/span> Read More \u00bb<\/a><\/p>\n","protected":false},"author":28,"featured_media":0,"parent":0,"menu_order":0,"comment_status":"closed","ping_status":"closed","template":"","meta":{"editor_plus_custom_animation_option_css":"{}","om_disable_all_campaigns":false,"editor_plus_custom_css":"{\"f02943fc-acbb-43c6-8831-7e1c09a00f27\":\".eplus-WvK1tA.is-style-default { \\n\\n}\",\"b23c615c-dd3d-4f58-99ef-68c60aa7a216\":\".eplus-o6fVJo { \\n\\n}\",\"6f7d662e-049f-489d-9029-400708838e6b\":\".eplus-S5Aijt { \\n\\n}\",\"815fb736-c0dc-4690-8183-b16e549ea3be\":\".eplus-444n5G { \\n\\n}\",\"9dfc5ce1-dbd3-41d3-9c60-facd7e603893\":\".eplus-YDVvEM { \\n\\n}\",\"1035d86c-e84a-4c04-aa35-296a900fd4df\":\".eplus-gMqyYs { \\n\\n}\",\"3619b8b1-8f7f-45cc-93fd-45870d9e6b43\":\".eplus-mj7KgV { \\n\\n}\",\"afed7c61-c672-4aaf-ae3d-cc59fcd3b117\":\".eplus-ER0LGr { \\n\\n}\",\"168cbe49-69df-4da9-a7eb-9261ca8cff16\":\".eplus-qsWsiz { \\n\\n}\",\"4554243e-3ed5-4153-afd7-e9f3ae8f812d\":\".eplus-QzYDkC { \\n\\n}\",\"bf7f01df-50ef-438c-928f-33aa70682bea\":\".eplus-IFdkCi { \\n\\n}\",\"c8837e7a-0676-418c-9b9d-3ac75ca1f1d1\":\".eplus-vTGEBb { \\n\\n}\"}","editor_plus_custom_css_file_version":"latest-500","editor_plus_custom_styling_options_file_version":"latest-7063","editor_plus_custom_styling_options_css":"{\"f02943fc-acbb-43c6-8831-7e1c09a00f27\":\"\",\"b23c615c-dd3d-4f58-99ef-68c60aa7a216\":\"\",\"6f7d662e-049f-489d-9029-400708838e6b\":\"\",\"815fb736-c0dc-4690-8183-b16e549ea3be\":\"\",\"9dfc5ce1-dbd3-41d3-9c60-facd7e603893\":\"\",\"1035d86c-e84a-4c04-aa35-296a900fd4df\":\"\",\"3619b8b1-8f7f-45cc-93fd-45870d9e6b43\":\".eplus_styles .eplus-mj7KgV {\\n                position: relative;\\n                padding-top: 30px !important;\\npadding-right: 30px !important;\\npadding-bottom: 30px !important;\\npadding-left: 30px !important;\\n            }\",\"afed7c61-c672-4aaf-ae3d-cc59fcd3b117\":\"\",\"168cbe49-69df-4da9-a7eb-9261ca8cff16\":\"\",\"4554243e-3ed5-4153-afd7-e9f3ae8f812d\":\"\",\"bf7f01df-50ef-438c-928f-33aa70682bea\":\".eplus_styles .eplus-IFdkCi {\\n                position: relative;\\n                padding-top: 50px ;\\npadding-bottom: 20px ;\\nbackground-image: linear-gradient(rgba(246, 246, 246, 1), rgba(246, 246, 246, 1));\\n            }\",\"c8837e7a-0676-418c-9b9d-3ac75ca1f1d1\":\"\"}","editor_plus_copied_stylings":"{}","editor_plus_extended_blocks_css":"{}","editor_plus_post_options":"{}"},"categories":[],"tags":[],"featured_image_urls":{"full":""},"post_excerpt_stackable":"<p>Auditor\u00eda de Google My BusinessOptimice su lista de restaurantes de Google My Business para la b\u00fasqueda local y llegue a m\u00e1s clientes Pr\u00f3ximamente Comentarios Perfil Contenido La visibilidad en Google es crucial para las empresas que quieren ser encontradas en las b\u00fasquedas locales relevantes. Nuestra auditor\u00edale proporciona informaci\u00f3n clara y pr\u00e1ctica sobre el estado actual de su ficha de Google My Business. Preguntas frecuentes \u00bfQu\u00e9 es Google My Business?Google My Business es una herramienta gratuita que le permite promocionar su perfil de empresa y su sitio web en la B\u00fasqueda de Google y en Google Maps. Con su cuenta de&hellip;<\/p>\n","category_list":"Sin categor\u00eda","author_info":{"name":"kranthi desai","url":"https:\/\/www.menudrive.com\/mx\/author\/kranthi-desai\/"},"comments_num":"0 comments","featured_image_urls_v2":{"full":"","thumbnail":"","medium":"","medium_large":"","large":"","1536x1536":"","2048x2048":"","ab-block-post-grid-landscape":"","ab-block-post-grid-square":"","gb-block-post-grid-landscape":"","gb-block-post-grid-square":""},"post_excerpt_stackable_v2":"<p>Auditor\u00eda de Google My BusinessOptimice su lista de restaurantes de Google My Business para la b\u00fasqueda local y llegue a m\u00e1s clientes Pr\u00f3ximamente Comentarios Perfil Contenido La visibilidad en Google es crucial para las empresas que quieren ser encontradas en las b\u00fasquedas locales relevantes. Nuestra auditor\u00edale proporciona informaci\u00f3n clara y pr\u00e1ctica sobre el estado actual de su ficha de Google My Business. Preguntas frecuentes \u00bfQu\u00e9 es Google My Business?Google My Business es una herramienta gratuita que le permite promocionar su perfil de empresa y su sitio web en la B\u00fasqueda de Google y en Google Maps. Con su cuenta de&hellip;<\/p>\n","category_list_v2":"Sin categor\u00eda","author_info_v2":{"name":"kranthi desai","url":"https:\/\/www.menudrive.com\/mx\/author\/kranthi-desai\/"},"comments_num_v2":"0 comments","featured_image_src":null,"featured_image_src_square":null,"uagb_featured_image_src":{"full":false,"thumbnail":false,"medium":false,"medium_large":false,"large":false,"1536x1536":false,"2048x2048":false,"ab-block-post-grid-landscape":false,"ab-block-post-grid-square":false,"gb-block-post-grid-landscape":false,"gb-block-post-grid-square":false},"uagb_author_info":{"display_name":"kranthi desai","author_link":"https:\/\/www.menudrive.com\/mx\/author\/kranthi-desai\/"},"uagb_comment_info":0,"uagb_excerpt":"Auditor\u00eda de Google My Business Optimice su lista de restaurantes de Google My Business para la b\u00fasqueda local y llegue a m\u00e1s clientes Pr\u00f3ximamente La visibilidad en Google es crucial para las empresas que quieren ser encontradas en las b\u00fasquedas locales relevantes. Nuestra auditor\u00edale proporciona informaci\u00f3n clara y pr\u00e1ctica sobre el estado actual de su&hellip;","_links":{"self":[{"href":"https:\/\/www.menudrive.com\/mx\/wp-json\/wp\/v2\/pages\/47801"}],"collection":[{"href":"https:\/\/www.menudrive.com\/mx\/wp-json\/wp\/v2\/pages"}],"about":[{"href":"https:\/\/www.menudrive.com\/mx\/wp-json\/wp\/v2\/types\/page"}],"author":[{"embeddable":true,"href":"https:\/\/www.menudrive.com\/mx\/wp-json\/wp\/v2\/users\/28"}],"replies":[{"embeddable":true,"href":"https:\/\/www.menudrive.com\/mx\/wp-json\/wp\/v2\/comments?post=47801"}],"version-history":[{"count":0,"href":"https:\/\/www.menudrive.com\/mx\/wp-json\/wp\/v2\/pages\/47801\/revisions"}],"wp:attachment":[{"href":"https:\/\/www.menudrive.com\/mx\/wp-json\/wp\/v2\/media?parent=47801"}],"wp:term":[{"taxonomy":"category","embeddable":true,"href":"https:\/\/www.menudrive.com\/mx\/wp-json\/wp\/v2\/categories?post=47801"},{"taxonomy":"post_tag","embeddable":true,"href":"https:\/\/www.menudrive.com\/mx\/wp-json\/wp\/v2\/tags?post=47801"}],"curies":[{"name":"wp","href":"https:\/\/api.w.org\/{rel}","templated":true}]}}