{"id":47796,"date":"2021-09-30T07:33:36","date_gmt":"2021-09-30T11:33:36","guid":{"rendered":"https:\/\/www.menudrive.com\/?page_id=47796"},"modified":"2021-09-30T10:33:14","modified_gmt":"2021-09-30T14:33:14","slug":"creador-de-volantes","status":"publish","type":"page","link":"https:\/\/www.menudrive.com\/mx\/creador-de-volantes\/","title":{"rendered":"Creador de volantes"},"content":{"rendered":"\n<div class=\"alignwide wp-block-ugb-columns ugb-columns cxfdcv ugb-19618a8 ugb-columns--design-plain ugb-columns--columns-2 ugb-main-block\"><style>.ugb-19618a8-content-wrapper{grid-column-gap:0px !important}.ugb-19618a8-content-wrapper > .ugb-column{align-items:center !important}.ugb-19618a8-content-wrapper > .ugb-column > .ugb-inner-block{height:auto !important}@media screen and (min-width:768px){.ugb-19618a8.ugb-columns{padding-right:111px !important;padding-left:111px !important}}<\/style><div class=\"ugb-inner-block\"><div class=\"ugb-block-content\"><div class=\"ugb-columns__item ugb-19618a8-content-wrapper\">\n<div class=\"wp-block-ugb-column ugb-column ugb-b6b7157 ugb-column--design-plain ugb-main-block\"><div class=\"ugb-inner-block\"><div class=\"ugb-block-content\"><div class=\"ugb-column__item ugb-b6b7157-column-wrapper\"><div class=\"ugb-column__content-wrapper\">\n<div class=\"wp-block-ugb-heading ugb-heading ugb-d5edee8 ugb-main-block\"><style>.ugb-d5edee8 .ugb-heading__title{font-size:44px !important;text-align:left}.ugb-d5edee8 .ugb-heading__subtitle{font-size:17px !important;font-weight:400 !important;color:var(u002du002dstk-global-color-10230,#000000)}.ugb-d5edee8 .ugb-inner-block{text-align:left}<\/style><div class=\"ugb-inner-block\"><div class=\"ugb-block-content\"><h1 class=\"ugb-heading__title\"><span style=\"color: var(--stk-global-color-15085, #f58025);\" class=\"ugb-highlight\">Dise\u00f1ador de <\/span><span style=\"color: var(--stk-global-color-10230, #000000);\" class=\"ugb-highlight\">folletos<\/span><\/h1><p class=\"ugb-heading__subtitle\"><span style=\"color: #000000;\" class=\"ugb-highlight\">Con una gama de plantillas profesionales predise\u00f1adas para elegir, pasar\u00e1 de la idea a la producci\u00f3n en muy poco tiempo.<\/span><\/p><\/div><\/div><\/div>\n\n\n\n<div class=\"wp-block-ugb-button ugb-button-wrapper ugb-58dc94b ugb-main-block\"><style>.ugb-58dc94b .ugb-block-content{justify-content:flex-start !important}.ugb-58dc94b .ugb-button1{background-color:var(--stk-global-color-15085,#f58025)}.ugb-58dc94b .ugb-button1 .ugb-button--inner,.ugb-58dc94b .ugb-button1 svg:not(.ugb-custom-icon){color:var(--stk-global-color-47760,#ffffff) !important}.ugb-58dc94b .ugb-inner-block{text-align:left}<\/style><div class=\"ugb-inner-block\"><div class=\"ugb-block-content\"><div class=\"ugb-button-container\"><a class=\"ugb-button1 ugb-button ugb-button--size-normal\" href=\"#\" rel=\"\" title=\"\"><span class=\"ugb-button--inner\">Pr\u00f3ximamente.<\/span><\/a><\/div><\/div><\/div><\/div>\n<\/div><\/div><\/div><\/div><\/div>\n\n\n\n<div class=\"wp-block-ugb-column ugb-column ugb-186ed2f ugb-column--design-plain ugb-main-block\"><div class=\"ugb-inner-block\"><div class=\"ugb-block-content\"><div class=\"ugb-column__item ugb-186ed2f-column-wrapper\"><div class=\"ugb-column__content-wrapper\">\n<div class=\"wp-block-image eplus-WvK1tA is-style-default\" data-block-type=\"core\"><figure class=\"aligncenter size-full\"><img loading=\"lazy\" width=\"473\" height=\"399\" src=\"https:\/\/www.menudrive.com\/wp-content\/uploads\/2021\/08\/mm.jpg\" alt=\"\" class=\"wp-image-47035\" srcset=\"https:\/\/www.menudrive.com\/wp-content\/uploads\/2021\/08\/mm.jpg 473w, https:\/\/www.menudrive.com\/wp-content\/uploads\/2021\/08\/mm-300x253.jpg 300w, https:\/\/www.menudrive.com\/wp-content\/uploads\/2021\/08\/mm-178x150.jpg 178w\" sizes=\"(max-width: 473px) 100vw, 473px\" \/><\/figure><\/div>\n<\/div><\/div><\/div><\/div><\/div>\n<\/div><\/div><\/div><\/div>\n\n\n\n<div class=\"wp-container-2 wp-block-columns eplus-RrFjeJ\" data-block-type=\"core\">\n<div class=\"wp-container-1 wp-block-column eplus-octPZS\" data-block-type=\"core\">\n<h2 class=\"eplus-JNsuZa\" id=\"h-folleto-profesional-en-minutos\" data-block-type=\"core\"><strong><span style=\"color: #000000;\" class=\"ugb-highlight\">Folleto profesional en minutos<\/span><\/strong><\/h2>\n\n\n\n<p class=\"eplus-P6xY78\" data-block-type=\"core\">uando necesite dar a conocer un evento, una promoci\u00f3n, un nuevo elemento del men\u00fa o cualquier otra cosa, el dise\u00f1ador de folletos gratuito de MenuDrive le tiene cubierto. Seleccione una plantilla y personal\u00edcela con sus im\u00e1genes, texto y colores de marca sin necesidad de conocimientos de dise\u00f1o gr\u00e1fico.<\/p>\n<\/div>\n<\/div>\n\n\n\n<p class=\"eplus-6ivm1B\" data-block-type=\"core\"><\/p>\n","protected":false},"excerpt":{"rendered":"<p>Dise\u00f1ador de folletos Con una gama de plantillas profesionales predise\u00f1adas para elegir, pasar\u00e1 de la idea a la producci\u00f3n en muy poco tiempo. Pr\u00f3ximamente. Folleto profesional en minutos uando necesite dar a conocer un evento, una promoci\u00f3n, un nuevo elemento del men\u00fa o cualquier otra cosa, el dise\u00f1ador de folletos gratuito de MenuDrive le tiene &hellip;<\/p>\n<p class=\"read-more\"> <a class=\"\" href=\"https:\/\/www.menudrive.com\/mx\/creador-de-volantes\/\"> <span class=\"screen-reader-text\">Creador de volantes<\/span> Read More \u00bb<\/a><\/p>\n","protected":false},"author":29,"featured_media":0,"parent":0,"menu_order":0,"comment_status":"closed","ping_status":"closed","template":"","meta":{"editor_plus_custom_animation_option_css":"{}","om_disable_all_campaigns":false,"editor_plus_custom_css":"{\"5c912627-9a71-4235-aa97-328f00718bfd\":\".eplus-WvK1tA.is-style-default { \\n\\n}\",\"eab24e48-cc53-4f05-aca2-72b27c4f9ddf\":\".eplus-JNsuZa { \\n\\n}\",\"92b8a175-ca55-4fb9-987b-fea6b5efc709\":\".eplus-P6xY78 { \\n\\n}\",\"ebd84ad7-fc6a-49c3-974a-28495f440da9\":\".eplus-octPZS { \\n\\n}\",\"4d9af94e-c463-4a54-8830-e50c4e876625\":\".eplus-RrFjeJ { \\n\\n}\",\"590e2e2c-b4f7-4dbe-a397-07733a8dd3e4\":\".eplus-6ivm1B { \\n\\n}\"}","editor_plus_custom_css_file_version":"latest-486","editor_plus_custom_styling_options_file_version":"latest-9705","editor_plus_custom_styling_options_css":"{\"5c912627-9a71-4235-aa97-328f00718bfd\":\"\",\"eab24e48-cc53-4f05-aca2-72b27c4f9ddf\":\"\",\"92b8a175-ca55-4fb9-987b-fea6b5efc709\":\"\",\"ebd84ad7-fc6a-49c3-974a-28495f440da9\":\".eplus_styles .eplus-octPZS {\\n                position: relative;\\n                padding-top: 60px ;\\npadding-right: 60px ;\\npadding-bottom: 60px ;\\npadding-left: 60px ;\\nbackground-image: linear-gradient(rgba(255, 247, 241, 1), rgba(255, 247, 241, 1));\\n            }\",\"4d9af94e-c463-4a54-8830-e50c4e876625\":\"\",\"590e2e2c-b4f7-4dbe-a397-07733a8dd3e4\":\"\"}","editor_plus_copied_stylings":"{}","editor_plus_extended_blocks_css":"{}","editor_plus_post_options":"{}"},"categories":[],"tags":[],"featured_image_urls":{"full":""},"post_excerpt_stackable":"<p>Dise\u00f1ador de folletosCon una gama de plantillas profesionales predise\u00f1adas para elegir, pasar\u00e1 de la idea a la producci\u00f3n en muy poco tiempo. Pr\u00f3ximamente. Folleto profesional en minutos uando necesite dar a conocer un evento, una promoci\u00f3n, un nuevo elemento del men\u00fa o cualquier otra cosa, el dise\u00f1ador de folletos gratuito de MenuDrive le tiene cubierto. Seleccione una plantilla y personal\u00edcela con sus im\u00e1genes, texto y colores de marca sin necesidad de conocimientos de dise\u00f1o gr\u00e1fico.<\/p>\n","category_list":"Sin categor\u00eda","author_info":{"name":"vinod pillalamarri","url":"https:\/\/www.menudrive.com\/mx\/author\/vinod-pillalamarri\/"},"comments_num":"0 comments","featured_image_urls_v2":{"full":"","thumbnail":"","medium":"","medium_large":"","large":"","1536x1536":"","2048x2048":"","ab-block-post-grid-landscape":"","ab-block-post-grid-square":"","gb-block-post-grid-landscape":"","gb-block-post-grid-square":""},"post_excerpt_stackable_v2":"<p>Dise\u00f1ador de folletosCon una gama de plantillas profesionales predise\u00f1adas para elegir, pasar\u00e1 de la idea a la producci\u00f3n en muy poco tiempo. Pr\u00f3ximamente. Folleto profesional en minutos uando necesite dar a conocer un evento, una promoci\u00f3n, un nuevo elemento del men\u00fa o cualquier otra cosa, el dise\u00f1ador de folletos gratuito de MenuDrive le tiene cubierto. Seleccione una plantilla y personal\u00edcela con sus im\u00e1genes, texto y colores de marca sin necesidad de conocimientos de dise\u00f1o gr\u00e1fico.<\/p>\n","category_list_v2":"Sin categor\u00eda","author_info_v2":{"name":"vinod pillalamarri","url":"https:\/\/www.menudrive.com\/mx\/author\/vinod-pillalamarri\/"},"comments_num_v2":"0 comments","featured_image_src":null,"featured_image_src_square":null,"uagb_featured_image_src":{"full":false,"thumbnail":false,"medium":false,"medium_large":false,"large":false,"1536x1536":false,"2048x2048":false,"ab-block-post-grid-landscape":false,"ab-block-post-grid-square":false,"gb-block-post-grid-landscape":false,"gb-block-post-grid-square":false},"uagb_author_info":{"display_name":"vinod pillalamarri","author_link":"https:\/\/www.menudrive.com\/mx\/author\/vinod-pillalamarri\/"},"uagb_comment_info":0,"uagb_excerpt":"Dise\u00f1ador de folletos Con una gama de plantillas profesionales predise\u00f1adas para elegir, pasar\u00e1 de la idea a la producci\u00f3n en muy poco tiempo. Pr\u00f3ximamente. Folleto profesional en minutos uando necesite dar a conocer un evento, una promoci\u00f3n, un nuevo elemento del men\u00fa o cualquier otra cosa, el dise\u00f1ador de folletos gratuito de MenuDrive le tiene&hellip;","_links":{"self":[{"href":"https:\/\/www.menudrive.com\/mx\/wp-json\/wp\/v2\/pages\/47796"}],"collection":[{"href":"https:\/\/www.menudrive.com\/mx\/wp-json\/wp\/v2\/pages"}],"about":[{"href":"https:\/\/www.menudrive.com\/mx\/wp-json\/wp\/v2\/types\/page"}],"author":[{"embeddable":true,"href":"https:\/\/www.menudrive.com\/mx\/wp-json\/wp\/v2\/users\/29"}],"replies":[{"embeddable":true,"href":"https:\/\/www.menudrive.com\/mx\/wp-json\/wp\/v2\/comments?post=47796"}],"version-history":[{"count":0,"href":"https:\/\/www.menudrive.com\/mx\/wp-json\/wp\/v2\/pages\/47796\/revisions"}],"wp:attachment":[{"href":"https:\/\/www.menudrive.com\/mx\/wp-json\/wp\/v2\/media?parent=47796"}],"wp:term":[{"taxonomy":"category","embeddable":true,"href":"https:\/\/www.menudrive.com\/mx\/wp-json\/wp\/v2\/categories?post=47796"},{"taxonomy":"post_tag","embeddable":true,"href":"https:\/\/www.menudrive.com\/mx\/wp-json\/wp\/v2\/tags?post=47796"}],"curies":[{"name":"wp","href":"https:\/\/api.w.org\/{rel}","templated":true}]}}