{"id":47779,"date":"2021-09-30T07:51:13","date_gmt":"2021-09-30T11:51:13","guid":{"rendered":"https:\/\/www.menudrive.com\/?page_id=47779"},"modified":"2021-09-30T10:31:24","modified_gmt":"2021-09-30T14:31:24","slug":"plantilla-para-tienda","status":"publish","type":"page","link":"https:\/\/www.menudrive.com\/mx\/plantilla-para-tienda\/","title":{"rendered":"Plantilla para tienda"},"content":{"rendered":"\n<div class=\"alignwide wp-block-ugb-columns ugb-columns cxfdcv ugb-19618a8 ugb-columns--design-plain ugb-columns--columns-2 ugb-main-block\"><style>.ugb-19618a8-content-wrapper{grid-column-gap:0px !important}.ugb-19618a8-content-wrapper > .ugb-column{align-items:center !important}.ugb-19618a8-content-wrapper > .ugb-column > .ugb-inner-block{height:auto !important}@media screen and (min-width:768px){.ugb-19618a8.ugb-columns{margin-right:35px !important;margin-left:35px !important;padding-right:111px !important;padding-left:111px !important}}<\/style><div class=\"ugb-inner-block\"><div class=\"ugb-block-content\"><div class=\"ugb-columns__item ugb-19618a8-content-wrapper\">\n<div class=\"wp-block-ugb-column ugb-column ugb-b6b7157 ugb-column--design-plain ugb-main-block\"><div class=\"ugb-inner-block\"><div class=\"ugb-block-content\"><div class=\"ugb-column__item ugb-b6b7157-column-wrapper\"><div class=\"ugb-column__content-wrapper\">\n<div class=\"wp-block-ugb-heading ugb-heading ugb-d5edee8 ugb-main-block\"><style>.ugb-d5edee8 .ugb-heading__title{font-size:44px !important;text-align:left}.ugb-d5edee8 .ugb-heading__subtitle{font-size:17px !important;font-weight:400 !important;color:var(u002du002dstk-global-color-10230,#000000)}.ugb-d5edee8 .ugb-inner-block{text-align:left}<\/style><div class=\"ugb-inner-block\"><div class=\"ugb-block-content\"><h1 class=\"ugb-heading__title\"><span style=\"color: var(--stk-global-color-10230, #000000);\" class=\"ugb-highlight\">Plantilla para tienda<\/span><\/h1><p class=\"ugb-heading__subtitle\">Utilice los colores, el tipo de cocina y el estilo del restaurante para crear una representaci\u00f3n perfecta de su restaurante en l\u00ednea.<\/p><\/div><\/div><\/div>\n\n\n\n<div class=\"wp-block-ugb-button ugb-button-wrapper ugb-bc1d38b ugb-main-block\"><style>.ugb-bc1d38b .ugb-block-content{justify-content:flex-start !important}.ugb-bc1d38b .ugb-button1{background-color:var(--stk-global-color-15085,#f58025)}.ugb-bc1d38b .ugb-button1 .ugb-button--inner,.ugb-bc1d38b .ugb-button1 svg:not(.ugb-custom-icon){color:var(--stk-global-color-47760,#ffffff) !important}.ugb-bc1d38b .ugb-inner-block{text-align:left}<\/style><div class=\"ugb-inner-block\"><div class=\"ugb-block-content\"><div class=\"ugb-button-container\"><a class=\"ugb-button1 ugb-button ugb-button--size-normal\" href=\"\" rel=\"\" title=\"\"><span class=\"ugb-button--inner\">Pr\u00f3ximamente<\/span><\/a><\/div><\/div><\/div><\/div>\n<\/div><\/div><\/div><\/div><\/div>\n\n\n\n<div class=\"wp-block-ugb-column ugb-column ugb-186ed2f ugb-column--design-plain ugb-main-block\"><div class=\"ugb-inner-block\"><div class=\"ugb-block-content\"><div class=\"ugb-column__item ugb-186ed2f-column-wrapper\"><div class=\"ugb-column__content-wrapper\">\n<div class=\"wp-block-image eplus-WvK1tA is-style-default\" data-block-type=\"core\"><figure class=\"aligncenter size-large\"><img loading=\"lazy\" width=\"1024\" height=\"640\" src=\"https:\/\/www.menudrive.com\/wp-content\/uploads\/2021\/08\/storefront-md-labs-1024x640.png\" alt=\"\" class=\"wp-image-47103\" srcset=\"https:\/\/www.menudrive.com\/wp-content\/uploads\/2021\/08\/storefront-md-labs-1024x640.png 1024w, https:\/\/www.menudrive.com\/wp-content\/uploads\/2021\/08\/storefront-md-labs-300x188.png 300w, https:\/\/www.menudrive.com\/wp-content\/uploads\/2021\/08\/storefront-md-labs-240x150.png 240w, https:\/\/www.menudrive.com\/wp-content\/uploads\/2021\/08\/storefront-md-labs-768x480.png 768w, https:\/\/www.menudrive.com\/wp-content\/uploads\/2021\/08\/storefront-md-labs-500x313.png 500w, https:\/\/www.menudrive.com\/wp-content\/uploads\/2021\/08\/storefront-md-labs-700x438.png 700w, https:\/\/www.menudrive.com\/wp-content\/uploads\/2021\/08\/storefront-md-labs.png 1062w\" sizes=\"(max-width: 1024px) 100vw, 1024px\" \/><\/figure><\/div>\n<\/div><\/div><\/div><\/div><\/div>\n<\/div><\/div><\/div><\/div>\n\n\n\n<div class=\"wp-container-2 wp-block-columns eplus-RrFjeJ\" data-block-type=\"core\">\n<div class=\"wp-container-1 wp-block-column eplus-octPZS\" data-block-type=\"core\">\n<h2 class=\"eplus-JNsuZa\" id=\"h-lanza-un-restaurante-profesional-en-l-nea-en-cuesti-n-de-minutos\" data-block-type=\"core\"><strong>Lanza un restaurante profesional en l\u00ednea en cuesti\u00f3n de minutos<\/strong><\/h2>\n\n\n\n<p class=\"eplus-P6xY78\" data-block-type=\"core\">Los pedidos en l\u00ednea se han convertido en un complemento imprescindible para los restaurantes durante el \u00faltimo a\u00f1o. Nuestra biblioteca de plantillas gratuitas est\u00e1 dise\u00f1ada espec\u00edficamente para ayudar a los restaurantes a crear bonitos escaparates de forma r\u00e1pida y sencilla. Selecciona entre m\u00e1s de 100 plantillas para empezar.<\/p>\n<\/div>\n<\/div>\n\n\n\n<div class=\"wp-container-4 wp-block-columns eplus-ER0LGr\" data-block-type=\"core\">\n<div class=\"wp-container-3 wp-block-column eplus-mj7KgV\" style=\"flex-basis:100%\" data-block-type=\"core\">\n<div class=\"wp-block-ugb-columns ugb-columns ugb-49790ed ugb-columns--design-plain ugb-columns--columns-3 ugb-main-block\"><style>.ugb-49790ed > .ugb-inner-block > .ugb-block-content > .ugb-columns__item{grid-template-columns:0.75fr 1.50fr 0.75fr !important}<\/style><div class=\"ugb-inner-block\"><div class=\"ugb-block-content\"><div class=\"ugb-columns__item ugb-49790ed-content-wrapper\">\n<div class=\"wp-block-ugb-column ugb-column ugb-3271488 ugb-column--design-plain ugb-main-block\"><div class=\"ugb-inner-block\"><div class=\"ugb-block-content\"><div class=\"ugb-column__item ugb-3271488-column-wrapper\"><div class=\"ugb-column__content-wrapper\"><\/div><\/div><\/div><\/div><\/div>\n\n\n\n<div class=\"wp-block-ugb-column ugb-column ugb-76a8573 ugb-column--design-plain ugb-main-block\"><div class=\"ugb-inner-block\"><div class=\"ugb-block-content\"><div class=\"ugb-column__item ugb-76a8573-column-wrapper\"><div class=\"ugb-column__content-wrapper\">\n<p class=\"has-text-align-center eplus-9mMPDg has-large-font-size\" data-block-type=\"core\"><strong>Preguntas frecuentes<\/strong><\/p>\n\n\n\n<p class=\"eplus-18IsV3\" data-block-type=\"core\"><strong>Qu\u00e9 es el editor de plantillas para tiendas de MenuDrive?<\/strong><br><br>El Editor de plantillas de escaparate le permite lanzar un sitio de pedidos en l\u00ednea atractivo y profesional para su restaurante en cuesti\u00f3n de minutos. No requiere conocimientos de dise\u00f1o gr\u00e1fico ni de desarrollo web. Es una forma de hacer que su men\u00fa en l\u00ednea sea irresistible para los clientes, sin inversi\u00f3n y con un alto rendimiento.<\/p>\n\n\n\n<p class=\"eplus-Vx7uB2\" data-block-type=\"core\"><strong>\u00bfC\u00f3mo funciona?<\/strong><\/p>\n\n\n\n<p class=\"eplus-nKNnbt\" data-block-type=\"core\">El proceso es tan sencillo que le recomendamos que se sumerja en \u00e9l para ver c\u00f3mo funciona. Una vez que lo hagas, ver\u00e1s que puedes elegir el tipo de cocina y el &#8220;estilo&#8221; del restaurante (por ejemplo, retro, elegante, atrevido o minimalista), y luego a\u00f1adir tu marca, logotipo e im\u00e1genes.<\/p>\n\n\n\n<p class=\"eplus-tEYoDy\" data-block-type=\"core\"><strong>\u00bfCu\u00e1nto cuesta?<\/strong><br><br>El editor de plantillas para escaparates de MenuDrive es gratuito. Necesitar\u00e1s una cuenta de MenuDrive para a\u00f1adir tu plantilla personalizada a la tienda de tu restaurante online.<\/p>\n\n\n\n<p class=\"eplus-awQFwI\" data-block-type=\"core\"><strong>\u00bfCu\u00e1ntas plantillas hay para elegir?<\/strong><\/p>\n\n\n\n<p class=\"eplus-xeSSuW\" data-block-type=\"core\">Hay m\u00e1s de 100 plantillas en el Editor de Plantillas de Escaparate. Dado que cada una de ellas es personalizable para su marca, existen infinitas posibilidades para crear un escaparate que sea \u00fanico para su restaurante.<\/p>\n<\/div><\/div><\/div><\/div><\/div>\n\n\n\n<div class=\"wp-block-ugb-column ugb-column ugb-f8e39b8 ugb-column--design-plain ugb-main-block\"><div class=\"ugb-inner-block\"><div class=\"ugb-block-content\"><div class=\"ugb-column__item ugb-f8e39b8-column-wrapper\"><div class=\"ugb-column__content-wrapper\"><\/div><\/div><\/div><\/div><\/div>\n<\/div><\/div><\/div><\/div>\n<\/div>\n<\/div>\n\n\n\n<div class=\"wp-container-10 wp-block-columns eplus-vTGEBb\" data-block-type=\"core\">\n<div class=\"wp-container-9 wp-block-column eplus-Xfm8DH\" data-block-type=\"core\">\n<h1 class=\"has-text-align-center eplus-VC0FQw\" id=\"h-comience-a-dise-ar-su-restaurante-en-l-nea\" style=\"font-size:30px\" data-block-type=\"core\"><strong>Comience a dise\u00f1ar su restaurante en l\u00ednea<\/strong><\/h1>\n\n\n\n<div class=\"wp-container-8 wp-block-columns eplus-cSR1pK\" data-block-type=\"core\">\n<div class=\"wp-container-5 wp-block-column eplus-UAfpdM\" data-block-type=\"core\">\n<div class=\"wp-block-uagb-icon-list uagb-icon-list__outer-wrap uagb-icon-list__layout-vertical uagb-block-612091f3\"><div class=\"uagb-icon-list__wrap\">\n<div class=\"wp-block-uagb-icon-list-child uagb-icon-list-repeater uagb-icon-list__wrapper uagb-block-bc3d8166\"><div class=\"uagb-icon-list__content-wrap\"><span class=\"uagb-icon-list__source-wrap\"><span class=\"uagb-icon-list__source-icon\"><svg xmlns=\"http:\/\/www.w3.org\/2000\/svg\" viewbox=\"0 0 512 512\"><path d=\"M256 8c137 0 248 111 248 248S393 504 256 504 8 393 8 256 119 8 256 8zm-28.9 143.6l75.5 72.4H120c-13.3 0-24 10.7-24 24v16c0 13.3 10.7 24 24 24h182.6l-75.5 72.4c-9.7 9.3-9.9 24.8-.4 34.3l11 10.9c9.4 9.4 24.6 9.4 33.9 0L404.3 273c9.4-9.4 9.4-24.6 0-33.9L271.6 106.3c-9.4-9.4-24.6-9.4-33.9 0l-11 10.9c-9.5 9.6-9.3 25.1.4 34.4z\"><\/path><\/svg><\/span><\/span><div class=\"uagb-icon-list__label-wrap\"><span class=\"uagb-icon-list__label\">Actualizaciones gratuitas de plantillas y nuevas versiones<\/span><\/div><\/div><\/div>\n\n\n\n<div class=\"wp-block-uagb-icon-list-child uagb-icon-list-repeater uagb-icon-list__wrapper uagb-block-240872e4\"><div class=\"uagb-icon-list__content-wrap\"><span class=\"uagb-icon-list__source-wrap\"><span class=\"uagb-icon-list__source-icon\"><svg xmlns=\"http:\/\/www.w3.org\/2000\/svg\" viewbox=\"0 0 512 512\"><path d=\"M256 8c137 0 248 111 248 248S393 504 256 504 8 393 8 256 119 8 256 8zm-28.9 143.6l75.5 72.4H120c-13.3 0-24 10.7-24 24v16c0 13.3 10.7 24 24 24h182.6l-75.5 72.4c-9.7 9.3-9.9 24.8-.4 34.3l11 10.9c9.4 9.4 24.6 9.4 33.9 0L404.3 273c9.4-9.4 9.4-24.6 0-33.9L271.6 106.3c-9.4-9.4-24.6-9.4-33.9 0l-11 10.9c-9.5 9.6-9.3 25.1.4 34.4z\"><\/path><\/svg><\/span><\/span><div class=\"uagb-icon-list__label-wrap\"><span class=\"uagb-icon-list__label\">Secciones personalizables para su marca<\/span><\/div><\/div><\/div>\n\n\n\n<div class=\"wp-block-uagb-icon-list-child uagb-icon-list-repeater uagb-icon-list__wrapper uagb-block-7ab3a55d\"><div class=\"uagb-icon-list__content-wrap\"><span class=\"uagb-icon-list__source-wrap\"><span class=\"uagb-icon-list__source-icon\"><svg xmlns=\"http:\/\/www.w3.org\/2000\/svg\" viewbox=\"0 0 512 512\"><path d=\"M256 8c137 0 248 111 248 248S393 504 256 504 8 393 8 256 119 8 256 8zm-28.9 143.6l75.5 72.4H120c-13.3 0-24 10.7-24 24v16c0 13.3 10.7 24 24 24h182.6l-75.5 72.4c-9.7 9.3-9.9 24.8-.4 34.3l11 10.9c9.4 9.4 24.6 9.4 33.9 0L404.3 273c9.4-9.4 9.4-24.6 0-33.9L271.6 106.3c-9.4-9.4-24.6-9.4-33.9 0l-11 10.9c-9.5 9.6-9.3 25.1.4 34.4z\"><\/path><\/svg><\/span><\/span><div class=\"uagb-icon-list__label-wrap\"><span class=\"uagb-icon-list__label\">Estilos y paletas de colores incorporados<\/span><\/div><\/div><\/div>\n<\/div><\/div>\n<\/div>\n\n\n\n<div class=\"wp-container-6 wp-block-column eplus-14Ou1G\" data-block-type=\"core\">\n<div class=\"wp-block-uagb-icon-list uagb-icon-list__outer-wrap uagb-icon-list__layout-vertical uagb-block-08a85762\"><div class=\"uagb-icon-list__wrap\">\n<div class=\"wp-block-uagb-icon-list-child uagb-icon-list-repeater uagb-icon-list__wrapper uagb-block-015502b0\"><div class=\"uagb-icon-list__content-wrap\"><span class=\"uagb-icon-list__source-wrap\"><span class=\"uagb-icon-list__source-icon\"><svg xmlns=\"http:\/\/www.w3.org\/2000\/svg\" viewbox=\"0 0 512 512\"><path d=\"M256 8c137 0 248 111 248 248S393 504 256 504 8 393 8 256 119 8 256 8zm-28.9 143.6l75.5 72.4H120c-13.3 0-24 10.7-24 24v16c0 13.3 10.7 24 24 24h182.6l-75.5 72.4c-9.7 9.3-9.9 24.8-.4 34.3l11 10.9c9.4 9.4 24.6 9.4 33.9 0L404.3 273c9.4-9.4 9.4-24.6 0-33.9L271.6 106.3c-9.4-9.4-24.6-9.4-33.9 0l-11 10.9c-9.5 9.6-9.3 25.1.4 34.4z\"><\/path><\/svg><\/span><\/span><div class=\"uagb-icon-list__label-wrap\"><span class=\"uagb-icon-list__label\">Men\u00fa personalizable: hazlo tuyo<\/span><\/div><\/div><\/div>\n\n\n\n<div class=\"wp-block-uagb-icon-list-child uagb-icon-list-repeater uagb-icon-list__wrapper uagb-block-7076f8e2\"><div class=\"uagb-icon-list__content-wrap\"><span class=\"uagb-icon-list__source-wrap\"><span class=\"uagb-icon-list__source-icon\"><svg xmlns=\"http:\/\/www.w3.org\/2000\/svg\" viewbox=\"0 0 512 512\"><path d=\"M256 8c137 0 248 111 248 248S393 504 256 504 8 393 8 256 119 8 256 8zm-28.9 143.6l75.5 72.4H120c-13.3 0-24 10.7-24 24v16c0 13.3 10.7 24 24 24h182.6l-75.5 72.4c-9.7 9.3-9.9 24.8-.4 34.3l11 10.9c9.4 9.4 24.6 9.4 33.9 0L404.3 273c9.4-9.4 9.4-24.6 0-33.9L271.6 106.3c-9.4-9.4-24.6-9.4-33.9 0l-11 10.9c-9.5 9.6-9.3 25.1.4 34.4z\"><\/path><\/svg><\/span><\/span><div class=\"uagb-icon-list__label-wrap\"><span class=\"uagb-icon-list__label\">Fotos de archivo gratuitas de Canva<\/span><\/div><\/div><\/div>\n\n\n\n<div class=\"wp-block-uagb-icon-list-child uagb-icon-list-repeater uagb-icon-list__wrapper uagb-block-acc9bc10\"><div class=\"uagb-icon-list__content-wrap\"><span class=\"uagb-icon-list__source-wrap\"><span class=\"uagb-icon-list__source-icon\"><svg xmlns=\"http:\/\/www.w3.org\/2000\/svg\" viewbox=\"0 0 512 512\"><path d=\"M256 8c137 0 248 111 248 248S393 504 256 504 8 393 8 256 119 8 256 8zm-28.9 143.6l75.5 72.4H120c-13.3 0-24 10.7-24 24v16c0 13.3 10.7 24 24 24h182.6l-75.5 72.4c-9.7 9.3-9.9 24.8-.4 34.3l11 10.9c9.4 9.4 24.6 9.4 33.9 0L404.3 273c9.4-9.4 9.4-24.6 0-33.9L271.6 106.3c-9.4-9.4-24.6-9.4-33.9 0l-11 10.9c-9.5 9.6-9.3 25.1.4 34.4z\"><\/path><\/svg><\/span><\/span><div class=\"uagb-icon-list__label-wrap\"><span class=\"uagb-icon-list__label\">Plantilla de imagen publicitaria editable<\/span><\/div><\/div><\/div>\n<\/div><\/div>\n\n\n\n<div class=\"wp-block-ugb-button ugb-button-wrapper ugb-c3d6176 ugb-main-block\"><style>.ugb-c3d6176 .ugb-button1{background-color:var(--stk-global-color-15085,#f58025)}.ugb-c3d6176 .ugb-button1 .ugb-button--inner,.ugb-c3d6176 .ugb-button1 svg:not(.ugb-custom-icon){color:var(--stk-global-color-47760,#ffffff) !important}<\/style><div class=\"ugb-inner-block\"><div class=\"ugb-block-content\"><div class=\"ugb-button-container\"><a class=\"ugb-button1 ugb-button ugb-button--size-normal\" href=\"https:\/\/menudrivelabs.com\/mdstorefront\" rel=\"\" title=\"\"><span class=\"ugb-button--inner\">Pr\u00f3ximamente<\/span><\/a><\/div><\/div><\/div><\/div>\n<\/div>\n\n\n\n<div class=\"wp-container-7 wp-block-column eplus-AINhyi\" data-block-type=\"core\">\n<div class=\"wp-block-uagb-icon-list uagb-icon-list__outer-wrap uagb-icon-list__layout-vertical uagb-block-94e121a8\"><div class=\"uagb-icon-list__wrap\">\n<div class=\"wp-block-uagb-icon-list-child uagb-icon-list-repeater uagb-icon-list__wrapper uagb-block-4963e983\"><div class=\"uagb-icon-list__content-wrap\"><span class=\"uagb-icon-list__source-wrap\"><span class=\"uagb-icon-list__source-icon\"><svg xmlns=\"http:\/\/www.w3.org\/2000\/svg\" viewbox=\"0 0 512 512\"><path d=\"M256 8c137 0 248 111 248 248S393 504 256 504 8 393 8 256 119 8 256 8zm-28.9 143.6l75.5 72.4H120c-13.3 0-24 10.7-24 24v16c0 13.3 10.7 24 24 24h182.6l-75.5 72.4c-9.7 9.3-9.9 24.8-.4 34.3l11 10.9c9.4 9.4 24.6 9.4 33.9 0L404.3 273c9.4-9.4 9.4-24.6 0-33.9L271.6 106.3c-9.4-9.4-24.6-9.4-33.9 0l-11 10.9c-9.5 9.6-9.3 25.1.4 34.4z\"><\/path><\/svg><\/span><\/span><div class=\"uagb-icon-list__label-wrap\"><span class=\"uagb-icon-list__label\">Plantilla de fondo editable<\/span><\/div><\/div><\/div>\n\n\n\n<div class=\"wp-block-uagb-icon-list-child uagb-icon-list-repeater uagb-icon-list__wrapper uagb-block-96da036a\"><div class=\"uagb-icon-list__content-wrap\"><span class=\"uagb-icon-list__source-wrap\"><span class=\"uagb-icon-list__source-icon\"><svg xmlns=\"http:\/\/www.w3.org\/2000\/svg\" viewbox=\"0 0 512 512\"><path d=\"M256 8c137 0 248 111 248 248S393 504 256 504 8 393 8 256 119 8 256 8zm-28.9 143.6l75.5 72.4H120c-13.3 0-24 10.7-24 24v16c0 13.3 10.7 24 24 24h182.6l-75.5 72.4c-9.7 9.3-9.9 24.8-.4 34.3l11 10.9c9.4 9.4 24.6 9.4 33.9 0L404.3 273c9.4-9.4 9.4-24.6 0-33.9L271.6 106.3c-9.4-9.4-24.6-9.4-33.9 0l-11 10.9c-9.5 9.6-9.3 25.1.4 34.4z\"><\/path><\/svg><\/span><\/span><div class=\"uagb-icon-list__label-wrap\"><span class=\"uagb-icon-list__label\">Plantilla de imagen de cabecera editable<\/span><\/div><\/div><\/div>\n<\/div><\/div>\n<\/div>\n<\/div>\n<\/div>\n<\/div>\n","protected":false},"excerpt":{"rendered":"<p>Plantilla para tienda Utilice los colores, el tipo de cocina y el estilo del restaurante para crear una representaci\u00f3n perfecta de su restaurante en l\u00ednea. Pr\u00f3ximamente Lanza un restaurante profesional en l\u00ednea en cuesti\u00f3n de minutos Los pedidos en l\u00ednea se han convertido en un complemento imprescindible para los restaurantes durante el \u00faltimo a\u00f1o. Nuestra &hellip;<\/p>\n<p class=\"read-more\"> <a class=\"\" href=\"https:\/\/www.menudrive.com\/mx\/plantilla-para-tienda\/\"> <span class=\"screen-reader-text\">Plantilla para tienda<\/span> Read More \u00bb<\/a><\/p>\n","protected":false},"author":15,"featured_media":0,"parent":0,"menu_order":0,"comment_status":"closed","ping_status":"closed","template":"","meta":{"editor_plus_custom_animation_option_css":"{}","om_disable_all_campaigns":false,"editor_plus_custom_css":"{\"bb384e8c-8cc9-4980-a433-78c72eb209ce\":\".eplus-WvK1tA.is-style-default { \\n\\n}\",\"ddefa45b-5606-4e53-84e6-1e2c16014afd\":\".eplus-JNsuZa { \\n\\n}\",\"94ef696b-f76c-4da3-a5f5-a23e06b7ddfe\":\".eplus-P6xY78 { \\n\\n}\",\"a6bbd66d-1481-4b7e-8a39-ad5cfc230415\":\".eplus-octPZS { \\n\\n}\",\"ba2afab0-3de4-443e-b539-8531effcc66c\":\".eplus-RrFjeJ { \\n\\n}\",\"867b4722-c668-4c1d-9929-cae4d8d140f9\":\".eplus-9mMPDg { \\n\\n}\",\"e92c94e3-05e5-42a6-ad69-a7ee87608289\":\".eplus-18IsV3 { \\n\\n}\",\"47372387-7ef4-4411-956f-6b374769cae5\":\".eplus-Vx7uB2 { \\n\\n}\",\"56f7be85-fcca-42fd-aec4-a9e6f34e1d7d\":\".eplus-nKNnbt { \\n\\n}\",\"eb589f51-7560-4c9b-bea4-801b45c19cb0\":\".eplus-tEYoDy { \\n\\n}\",\"19eefb3e-29c8-4161-88c0-d0658563a487\":\".eplus-awQFwI { \\n\\n}\",\"eabe8fe2-583b-4f06-bff8-f54cde512e32\":\".eplus-xeSSuW { \\n\\n}\",\"ac5b4d3b-6c25-4683-820d-ed1f10cb8fc7\":\".eplus-mj7KgV { \\n\\n}\",\"41a66236-d4c6-444e-ad7e-61ccda7a874f\":\".eplus-ER0LGr { \\n\\n}\",\"d7939297-305c-4c27-9a40-ab34f8577ae6\":\".eplus-VC0FQw { \\n\\n}\",\"24688b50-cd95-4094-baf6-4ac3f70dc4b8\":\".eplus-UAfpdM { \\n\\n}\",\"5dc29007-7f7a-4b9d-8211-b709ad91ce46\":\".eplus-14Ou1G { \\n\\n}\",\"648fdfbd-fe83-49c1-8a4f-2e1b0e957d04\":\".eplus-AINhyi { \\n\\n}\",\"94ec7811-d718-4dfe-a968-d30d77981574\":\".eplus-cSR1pK { \\n\\n}\",\"fbc554b0-1093-4a99-bc12-dcee3b56f22d\":\".eplus-Xfm8DH { \\n\\n}\",\"3593eded-427d-4e5e-9246-69e63e31a2ca\":\".eplus-vTGEBb { \\n\\n}\"}","editor_plus_custom_css_file_version":"latest-165","editor_plus_custom_styling_options_file_version":"latest-2378","editor_plus_custom_styling_options_css":"{\"bb384e8c-8cc9-4980-a433-78c72eb209ce\":\"\",\"ddefa45b-5606-4e53-84e6-1e2c16014afd\":\".eplus_styles .eplus-JNsuZa {\\n                position: relative;\\n                margin-top: 10px ;\\nmargin-right: 10px ;\\nmargin-bottom: 10px ;\\nmargin-left: 10px ;\\n            }\",\"94ef696b-f76c-4da3-a5f5-a23e06b7ddfe\":\".eplus_styles .eplus-P6xY78 {\\n                position: relative;\\n                margin-top: 10px ;\\nmargin-right: 10px ;\\nmargin-bottom: 10px ;\\nmargin-left: 10px ;\\n            }\",\"a6bbd66d-1481-4b7e-8a39-ad5cfc230415\":\".eplus_styles .eplus-octPZS {\\n                position: relative;\\n                padding-top: 60px ;\\npadding-right: 60px ;\\npadding-bottom: 60px ;\\npadding-left: 60px ;\\nbackground-image: linear-gradient(rgba(255, 247, 241, 1), rgba(255, 247, 241, 1));\\n            }\",\"ba2afab0-3de4-443e-b539-8531effcc66c\":\"\",\"867b4722-c668-4c1d-9929-cae4d8d140f9\":\"\",\"e92c94e3-05e5-42a6-ad69-a7ee87608289\":\"\",\"47372387-7ef4-4411-956f-6b374769cae5\":\"\",\"56f7be85-fcca-42fd-aec4-a9e6f34e1d7d\":\"\",\"eb589f51-7560-4c9b-bea4-801b45c19cb0\":\"\",\"19eefb3e-29c8-4161-88c0-d0658563a487\":\"\",\"eabe8fe2-583b-4f06-bff8-f54cde512e32\":\"\",\"ac5b4d3b-6c25-4683-820d-ed1f10cb8fc7\":\".eplus_styles .eplus-mj7KgV {\\n                position: relative;\\n                padding-top: 30px !important;\\npadding-right: 30px !important;\\npadding-bottom: 30px !important;\\npadding-left: 30px !important;\\n            }\",\"41a66236-d4c6-444e-ad7e-61ccda7a874f\":\"\",\"d7939297-305c-4c27-9a40-ab34f8577ae6\":\"\",\"24688b50-cd95-4094-baf6-4ac3f70dc4b8\":\"\",\"5dc29007-7f7a-4b9d-8211-b709ad91ce46\":\"\",\"648fdfbd-fe83-49c1-8a4f-2e1b0e957d04\":\"\",\"94ec7811-d718-4dfe-a968-d30d77981574\":\"\",\"fbc554b0-1093-4a99-bc12-dcee3b56f22d\":\".eplus_styles .eplus-Xfm8DH {\\n                position: relative;\\n                margin-top: 10% ;\\nmargin-right: 10% ;\\nmargin-bottom: 10% ;\\nmargin-left: 10% ;\\n            }\",\"3593eded-427d-4e5e-9246-69e63e31a2ca\":\"\"}","editor_plus_copied_stylings":"{}","editor_plus_extended_blocks_css":"{}","editor_plus_post_options":"{}"},"categories":[],"tags":[],"featured_image_urls":{"full":""},"post_excerpt_stackable":"<p>Plantilla para tiendaUtilice los colores, el tipo de cocina y el estilo del restaurante para crear una representaci\u00f3n perfecta de su restaurante en l\u00ednea. Pr\u00f3ximamente Lanza un restaurante profesional en l\u00ednea en cuesti\u00f3n de minutos Los pedidos en l\u00ednea se han convertido en un complemento imprescindible para los restaurantes durante el \u00faltimo a\u00f1o. Nuestra biblioteca de plantillas gratuitas est\u00e1 dise\u00f1ada espec\u00edficamente para ayudar a los restaurantes a crear bonitos escaparates de forma r\u00e1pida y sencilla. Selecciona entre m\u00e1s de 100 plantillas para empezar. Preguntas frecuentes Qu\u00e9 es el editor de plantillas para tiendas de MenuDrive?El Editor de plantillas de escaparate&hellip;<\/p>\n","category_list":"Sin categor\u00eda","author_info":{"name":"Sristi","url":"https:\/\/www.menudrive.com\/mx\/author\/sristi\/"},"comments_num":"0 comments","featured_image_urls_v2":{"full":"","thumbnail":"","medium":"","medium_large":"","large":"","1536x1536":"","2048x2048":"","ab-block-post-grid-landscape":"","ab-block-post-grid-square":"","gb-block-post-grid-landscape":"","gb-block-post-grid-square":""},"post_excerpt_stackable_v2":"<p>Plantilla para tiendaUtilice los colores, el tipo de cocina y el estilo del restaurante para crear una representaci\u00f3n perfecta de su restaurante en l\u00ednea. Pr\u00f3ximamente Lanza un restaurante profesional en l\u00ednea en cuesti\u00f3n de minutos Los pedidos en l\u00ednea se han convertido en un complemento imprescindible para los restaurantes durante el \u00faltimo a\u00f1o. Nuestra biblioteca de plantillas gratuitas est\u00e1 dise\u00f1ada espec\u00edficamente para ayudar a los restaurantes a crear bonitos escaparates de forma r\u00e1pida y sencilla. Selecciona entre m\u00e1s de 100 plantillas para empezar. Preguntas frecuentes Qu\u00e9 es el editor de plantillas para tiendas de MenuDrive?El Editor de plantillas de escaparate&hellip;<\/p>\n","category_list_v2":"Sin categor\u00eda","author_info_v2":{"name":"Sristi","url":"https:\/\/www.menudrive.com\/mx\/author\/sristi\/"},"comments_num_v2":"0 comments","featured_image_src":null,"featured_image_src_square":null,"uagb_featured_image_src":{"full":false,"thumbnail":false,"medium":false,"medium_large":false,"large":false,"1536x1536":false,"2048x2048":false,"ab-block-post-grid-landscape":false,"ab-block-post-grid-square":false,"gb-block-post-grid-landscape":false,"gb-block-post-grid-square":false},"uagb_author_info":{"display_name":"Sristi","author_link":"https:\/\/www.menudrive.com\/mx\/author\/sristi\/"},"uagb_comment_info":0,"uagb_excerpt":"Plantilla para tienda Utilice los colores, el tipo de cocina y el estilo del restaurante para crear una representaci\u00f3n perfecta de su restaurante en l\u00ednea. Pr\u00f3ximamente Lanza un restaurante profesional en l\u00ednea en cuesti\u00f3n de minutos Los pedidos en l\u00ednea se han convertido en un complemento imprescindible para los restaurantes durante el \u00faltimo a\u00f1o. Nuestra&hellip;","_links":{"self":[{"href":"https:\/\/www.menudrive.com\/mx\/wp-json\/wp\/v2\/pages\/47779"}],"collection":[{"href":"https:\/\/www.menudrive.com\/mx\/wp-json\/wp\/v2\/pages"}],"about":[{"href":"https:\/\/www.menudrive.com\/mx\/wp-json\/wp\/v2\/types\/page"}],"author":[{"embeddable":true,"href":"https:\/\/www.menudrive.com\/mx\/wp-json\/wp\/v2\/users\/15"}],"replies":[{"embeddable":true,"href":"https:\/\/www.menudrive.com\/mx\/wp-json\/wp\/v2\/comments?post=47779"}],"version-history":[{"count":0,"href":"https:\/\/www.menudrive.com\/mx\/wp-json\/wp\/v2\/pages\/47779\/revisions"}],"wp:attachment":[{"href":"https:\/\/www.menudrive.com\/mx\/wp-json\/wp\/v2\/media?parent=47779"}],"wp:term":[{"taxonomy":"category","embeddable":true,"href":"https:\/\/www.menudrive.com\/mx\/wp-json\/wp\/v2\/categories?post=47779"},{"taxonomy":"post_tag","embeddable":true,"href":"https:\/\/www.menudrive.com\/mx\/wp-json\/wp\/v2\/tags?post=47779"}],"curies":[{"name":"wp","href":"https:\/\/api.w.org\/{rel}","templated":true}]}}