{"id":47770,"date":"2021-09-30T05:21:41","date_gmt":"2021-09-30T09:21:41","guid":{"rendered":"https:\/\/www.menudrive.com\/?page_id=47770"},"modified":"2021-09-30T10:26:04","modified_gmt":"2021-09-30T14:26:04","slug":"calculadora-de-costos-de-recetas","status":"publish","type":"page","link":"https:\/\/www.menudrive.com\/mx\/calculadora-de-costos-de-recetas\/","title":{"rendered":"Calculadora de costos de recetas"},"content":{"rendered":"\n<div class=\"alignwide wp-block-ugb-columns ugb-columns cxfdcv ugb-19618a8 ugb-columns--design-plain ugb-columns--columns-2 ugb-main-block\"><style>.ugb-19618a8-content-wrapper{grid-column-gap:0px !important}.ugb-19618a8-content-wrapper > .ugb-column{align-items:center !important}.ugb-19618a8-content-wrapper > .ugb-column > .ugb-inner-block{height:auto !important}@media screen and (min-width:768px){.ugb-19618a8.ugb-columns{padding-right:111px !important;padding-left:111px !important}}<\/style><div class=\"ugb-inner-block\"><div class=\"ugb-block-content\"><div class=\"ugb-columns__item ugb-19618a8-content-wrapper\">\n<div class=\"wp-block-ugb-column ugb-column ugb-b6b7157 ugb-column--design-plain ugb-main-block\"><div class=\"ugb-inner-block\"><div class=\"ugb-block-content\"><div class=\"ugb-column__item ugb-b6b7157-column-wrapper\"><div class=\"ugb-column__content-wrapper\">\n<div class=\"wp-block-ugb-heading ugb-heading ugb-d5edee8 ugb-main-block\"><style>.ugb-d5edee8 .ugb-heading__title{font-size:44px !important;text-align:left}.ugb-d5edee8 .ugb-heading__subtitle{font-size:17px !important;font-weight:400 !important;color:var(u002du002dstk-global-color-10230,#000000)}.ugb-d5edee8 .ugb-inner-block{text-align:left}<\/style><div class=\"ugb-inner-block\"><div class=\"ugb-block-content\"><h1 class=\"ugb-heading__title\"><span style=\"color: var(--stk-global-color-15085, #f58025);\" class=\"ugb-highlight\">Calculadora <\/span><span style=\"color: var(--stk-global-color-10230, #000000);\" class=\"ugb-highlight\">de costos de recetas<\/span><\/h1><p class=\"ugb-heading__subtitle\">S\u00e9 m\u00e1s rentable, ahorra tiempo y aumenta tu cuenta de resultados gestionando eficazmente tus costes con nuestra calculadora f\u00e1cil de usar.<\/p><\/div><\/div><\/div>\n\n\n\n<div class=\"wp-block-ugb-button ugb-button-wrapper ugb-58dc94b ugb-main-block\"><style>.ugb-58dc94b .ugb-block-content{justify-content:flex-start !important}.ugb-58dc94b .ugb-button1{background-color:var(--stk-global-color-15085,#f58025)}.ugb-58dc94b .ugb-button1 .ugb-button--inner,.ugb-58dc94b .ugb-button1 svg:not(.ugb-custom-icon){color:var(--stk-global-color-47760,#ffffff) !important}.ugb-58dc94b .ugb-inner-block{text-align:left}<\/style><div class=\"ugb-inner-block\"><div class=\"ugb-block-content\"><div class=\"ugb-button-container\"><a class=\"ugb-button1 ugb-button ugb-button--size-normal\" href=\"https:\/\/menudrivelabs.com\/recipecostcalculator\" rel=\"\" title=\"\"><span class=\"ugb-button--inner\">Pr\u00f3ximamente<\/span><\/a><\/div><\/div><\/div><\/div>\n<\/div><\/div><\/div><\/div><\/div>\n\n\n\n<div class=\"wp-block-ugb-column ugb-column ugb-186ed2f ugb-column--design-plain ugb-main-block\"><div class=\"ugb-inner-block\"><div class=\"ugb-block-content\"><div class=\"ugb-column__item ugb-186ed2f-column-wrapper\"><div class=\"ugb-column__content-wrapper\">\n<div class=\"wp-block-image eplus-WvK1tA is-style-default\" data-block-type=\"core\"><figure class=\"aligncenter size-large\"><img loading=\"lazy\" width=\"425\" height=\"341\" src=\"https:\/\/www.menudrive.com\/wp-content\/uploads\/2021\/08\/recipe-mdlabs.png\" alt=\"\" class=\"wp-image-47111\" srcset=\"https:\/\/www.menudrive.com\/wp-content\/uploads\/2021\/08\/recipe-mdlabs.png 425w, https:\/\/www.menudrive.com\/wp-content\/uploads\/2021\/08\/recipe-mdlabs-300x241.png 300w, https:\/\/www.menudrive.com\/wp-content\/uploads\/2021\/08\/recipe-mdlabs-187x150.png 187w\" sizes=\"(max-width: 425px) 100vw, 425px\" \/><\/figure><\/div>\n<\/div><\/div><\/div><\/div><\/div>\n<\/div><\/div><\/div><\/div>\n\n\n\n<div class=\"wp-container-2 wp-block-columns eplus-RrFjeJ\" data-block-type=\"core\">\n<div class=\"wp-container-1 wp-block-column eplus-octPZS\" data-block-type=\"core\">\n<h2 class=\"eplus-JNsuZa\" id=\"h-determina-el-precio-correcto-y-aumenta-los-beneficiosermina\" data-block-type=\"core\"><strong>Determina el precio correcto y aumenta los beneficiosermina<\/strong><\/h2>\n\n\n\n<p class=\"eplus-P6xY78\" data-block-type=\"core\">La forma m\u00e1s r\u00e1pida y eficaz de que un restaurante obtenga su m\u00e1ximo beneficio es fijar bien los precios. El precio correcto puede aumentar los beneficios m\u00e1s r\u00e1pidamente que el aumento del volumen; el precio incorrecto puede reducirlos con la misma rapidez. Hemos creado esta calculadora para ayudar a los propietarios de restaurantes a gestionar eficazmente el rendimiento de los precios.<\/p>\n<\/div>\n<\/div>\n\n\n\n<div class=\"wp-container-7 wp-block-columns eplus-vTGEBb\" data-block-type=\"core\">\n<div class=\"wp-container-6 wp-block-column eplus-Xfm8DH\" data-block-type=\"core\">\n<h2 class=\"has-text-align-center eplus-VC0FQw\" id=\"h-averigua-si-la-receta-es-lucrativa\" style=\"font-size:19px\" data-block-type=\"core\"><strong>Averigua si la receta es lucrativa<\/strong><\/h2>\n\n\n\n<p class=\"eplus-6PfVTX\" data-block-type=\"core\">Para un restaurante es fundamental saber lo que cuesta hacer una determinada receta. Esta calculadora te ayuda a determinar lo que te cuesta una receta en ingredientes para que puedas establecer precios razonables pero rentables.<\/p>\n\n\n\n<div class=\"wp-container-5 wp-block-columns eplus-cSR1pK\" data-block-type=\"core\">\n<div class=\"wp-container-3 wp-block-column eplus-UAfpdM\" data-block-type=\"core\">\n<div class=\"wp-block-uagb-icon-list uagb-icon-list__outer-wrap uagb-icon-list__layout-vertical uagb-block-c1fc2973\"><div class=\"uagb-icon-list__wrap\">\n<div class=\"wp-block-uagb-icon-list-child uagb-icon-list-repeater uagb-icon-list__wrapper uagb-block-38f0d00c\"><div class=\"uagb-icon-list__content-wrap\"><span class=\"uagb-icon-list__source-wrap\"><span class=\"uagb-icon-list__source-icon\"><svg xmlns=\"http:\/\/www.w3.org\/2000\/svg\" viewbox=\"0 0 512 512\"><path d=\"M256 8c137 0 248 111 248 248S393 504 256 504 8 393 8 256 119 8 256 8zm-28.9 143.6l75.5 72.4H120c-13.3 0-24 10.7-24 24v16c0 13.3 10.7 24 24 24h182.6l-75.5 72.4c-9.7 9.3-9.9 24.8-.4 34.3l11 10.9c9.4 9.4 24.6 9.4 33.9 0L404.3 273c9.4-9.4 9.4-24.6 0-33.9L271.6 106.3c-9.4-9.4-24.6-9.4-33.9 0l-11 10.9c-9.5 9.6-9.3 25.1.4 34.4z\"><\/path><\/svg><\/span><\/span><div class=\"uagb-icon-list__label-wrap\"><span class=\"uagb-icon-list__label\">Poner precio a tus recetas de forma r\u00e1pida y precisa<\/span><\/div><\/div><\/div>\n\n\n\n<div class=\"wp-block-uagb-icon-list-child uagb-icon-list-repeater uagb-icon-list__wrapper uagb-block-c6fc0566\"><div class=\"uagb-icon-list__content-wrap\"><span class=\"uagb-icon-list__source-wrap\"><span class=\"uagb-icon-list__source-icon\"><svg xmlns=\"http:\/\/www.w3.org\/2000\/svg\" viewbox=\"0 0 512 512\"><path d=\"M256 8c137 0 248 111 248 248S393 504 256 504 8 393 8 256 119 8 256 8zm-28.9 143.6l75.5 72.4H120c-13.3 0-24 10.7-24 24v16c0 13.3 10.7 24 24 24h182.6l-75.5 72.4c-9.7 9.3-9.9 24.8-.4 34.3l11 10.9c9.4 9.4 24.6 9.4 33.9 0L404.3 273c9.4-9.4 9.4-24.6 0-33.9L271.6 106.3c-9.4-9.4-24.6-9.4-33.9 0l-11 10.9c-9.5 9.6-9.3 25.1.4 34.4z\"><\/path><\/svg><\/span><\/span><div class=\"uagb-icon-list__label-wrap\"><span class=\"uagb-icon-list__label\">Calcula los costos de los ingredientes, los gastos generales y los residuos en segundos<\/span><\/div><\/div><\/div>\n\n\n\n<div class=\"wp-block-uagb-icon-list-child uagb-icon-list-repeater uagb-icon-list__wrapper uagb-block-5ec4711c\"><div class=\"uagb-icon-list__content-wrap\"><span class=\"uagb-icon-list__source-wrap\"><span class=\"uagb-icon-list__source-icon\"><svg xmlns=\"http:\/\/www.w3.org\/2000\/svg\" viewbox=\"0 0 512 512\"><path d=\"M256 8c137 0 248 111 248 248S393 504 256 504 8 393 8 256 119 8 256 8zm-28.9 143.6l75.5 72.4H120c-13.3 0-24 10.7-24 24v16c0 13.3 10.7 24 24 24h182.6l-75.5 72.4c-9.7 9.3-9.9 24.8-.4 34.3l11 10.9c9.4 9.4 24.6 9.4 33.9 0L404.3 273c9.4-9.4 9.4-24.6 0-33.9L271.6 106.3c-9.4-9.4-24.6-9.4-33.9 0l-11 10.9c-9.5 9.6-9.3 25.1.4 34.4z\"><\/path><\/svg><\/span><\/span><div class=\"uagb-icon-list__label-wrap\"><span class=\"uagb-icon-list__label\">Ver al instante tus productos\/ingredientes m\u00e1s caros<\/span><\/div><\/div><\/div>\n\n\n\n<div class=\"wp-block-uagb-icon-list-child uagb-icon-list-repeater uagb-icon-list__wrapper uagb-block-a9656319\"><div class=\"uagb-icon-list__content-wrap\"><span class=\"uagb-icon-list__source-wrap\"><span class=\"uagb-icon-list__source-icon\"><svg xmlns=\"http:\/\/www.w3.org\/2000\/svg\" viewbox=\"0 0 512 512\"><path d=\"M256 8c137 0 248 111 248 248S393 504 256 504 8 393 8 256 119 8 256 8zm-28.9 143.6l75.5 72.4H120c-13.3 0-24 10.7-24 24v16c0 13.3 10.7 24 24 24h182.6l-75.5 72.4c-9.7 9.3-9.9 24.8-.4 34.3l11 10.9c9.4 9.4 24.6 9.4 33.9 0L404.3 273c9.4-9.4 9.4-24.6 0-33.9L271.6 106.3c-9.4-9.4-24.6-9.4-33.9 0l-11 10.9c-9.5 9.6-9.3 25.1.4 34.4z\"><\/path><\/svg><\/span><\/span><div class=\"uagb-icon-list__label-wrap\"><span class=\"uagb-icon-list__label\">Determina la viabilidad financiera y la rentabilidad de tus recetas<\/span><\/div><\/div><\/div>\n<\/div><\/div>\n\n\n\n<div class=\"wp-block-ugb-button ugb-button-wrapper ugb-0aab30d ugb-main-block\"><style>.ugb-0aab30d .ugb-button1{background-color:var(--stk-global-color-15085,#f58025)}.ugb-0aab30d .ugb-button1 .ugb-button--inner,.ugb-0aab30d .ugb-button1 svg:not(.ugb-custom-icon){color:var(--stk-global-color-47760,#ffffff) !important}<\/style><div class=\"ugb-inner-block\"><div class=\"ugb-block-content\"><div class=\"ugb-button-container\"><a class=\"ugb-button1 ugb-button ugb-button--size-normal\" href=\"\" rel=\"\" title=\"\"><span class=\"ugb-button--inner\">Prueva Calculadora<\/span><\/a><\/div><\/div><\/div><\/div>\n<\/div>\n\n\n\n<div class=\"wp-container-4 wp-block-column eplus-AINhyi\" data-block-type=\"core\">\n<div class=\"wp-block-uagb-icon-list uagb-icon-list__outer-wrap uagb-icon-list__layout-vertical uagb-block-796afa1f\"><div class=\"uagb-icon-list__wrap\"><\/div><\/div>\n<\/div>\n<\/div>\n<\/div>\n<\/div>\n\n\n\n<p class=\"eplus-3SO8ku\" data-block-type=\"core\"><\/p>\n","protected":false},"excerpt":{"rendered":"<p>Calculadora de costos de recetas S\u00e9 m\u00e1s rentable, ahorra tiempo y aumenta tu cuenta de resultados gestionando eficazmente tus costes con nuestra calculadora f\u00e1cil de usar. Pr\u00f3ximamente Determina el precio correcto y aumenta los beneficiosermina La forma m\u00e1s r\u00e1pida y eficaz de que un restaurante obtenga su m\u00e1ximo beneficio es fijar bien los precios. El &hellip;<\/p>\n<p class=\"read-more\"> <a class=\"\" href=\"https:\/\/www.menudrive.com\/mx\/calculadora-de-costos-de-recetas\/\"> <span class=\"screen-reader-text\">Calculadora de costos de recetas<\/span> Read More \u00bb<\/a><\/p>\n","protected":false},"author":21,"featured_media":0,"parent":0,"menu_order":0,"comment_status":"closed","ping_status":"closed","template":"","meta":{"editor_plus_custom_animation_option_css":"{}","om_disable_all_campaigns":false,"editor_plus_custom_css":"{\"ae6400fd-3354-433f-8f28-270520c4ef57\":\".eplus-WvK1tA.is-style-default { \\n\\n}\",\"b1c1b89a-77c9-40f0-9921-d2b78c963420\":\".eplus-JNsuZa { \\n\\n}\",\"99f17ec9-ef99-41cc-8ef1-61d8f40d1a95\":\".eplus-P6xY78 { \\n\\n}\",\"765a20af-e48e-4d32-b75e-32dd555a33b0\":\".eplus-octPZS { \\n\\n}\",\"c8cff1b7-1d99-42aa-b893-62c945344606\":\".eplus-RrFjeJ { \\n\\n}\",\"cc178d7f-138c-4256-8f5d-744d60cc46a6\":\".eplus-VC0FQw { \\n\\n}\",\"f1bff20d-3fc0-4a02-9ef8-b27cd87a02b5\":\".eplus-6PfVTX { \\n\\n}\",\"e02274bc-4731-4357-8862-37b4675c50ec\":\".eplus-UAfpdM { \\n\\n}\",\"ede84243-8e84-4f42-b181-323a7b34c4e9\":\".eplus-AINhyi { \\n\\n}\",\"617e7cb5-edc9-4cd0-95de-a1f92d961a2c\":\".eplus-cSR1pK { \\n\\n}\",\"4008d6f1-d627-4e2a-9bf2-e56169730800\":\".eplus-Xfm8DH { \\n\\n}\",\"9005ae11-9fd1-4ab0-b234-4bcc94a65d92\":\".eplus-vTGEBb { \\n\\n}\",\"be2b5dfc-e5df-4e2b-b552-b46934394bbe\":\".eplus-3SO8ku { \\n\\n}\"}","editor_plus_custom_css_file_version":"latest-853","editor_plus_custom_styling_options_file_version":"latest-4123","editor_plus_custom_styling_options_css":"{\"ae6400fd-3354-433f-8f28-270520c4ef57\":\"\",\"b1c1b89a-77c9-40f0-9921-d2b78c963420\":\".eplus_styles .eplus-JNsuZa {\\n                position: relative;\\n                margin-top: 10px ;\\nmargin-right: 10px ;\\nmargin-bottom: 10px ;\\nmargin-left: 10px ;\\n            }\",\"99f17ec9-ef99-41cc-8ef1-61d8f40d1a95\":\".eplus_styles .eplus-P6xY78 {\\n                position: relative;\\n                margin-top: 10px ;\\nmargin-right: 10px ;\\nmargin-bottom: 10px ;\\nmargin-left: 10px ;\\n            }\",\"765a20af-e48e-4d32-b75e-32dd555a33b0\":\".eplus_styles .eplus-octPZS {\\n                position: relative;\\n                padding-top: 60px ;\\npadding-right: 60px ;\\npadding-bottom: 60px ;\\npadding-left: 60px ;\\nbackground-image: linear-gradient(rgba(255, 247, 241, 1), rgba(255, 247, 241, 1));\\n            }\",\"c8cff1b7-1d99-42aa-b893-62c945344606\":\"\",\"cc178d7f-138c-4256-8f5d-744d60cc46a6\":\".eplus_styles .eplus-VC0FQw {\\n                position: relative;\\n                margin-top: 10px ;\\nmargin-right: 10px ;\\nmargin-bottom: 10px ;\\nmargin-left: 10px ;\\n            }\",\"f1bff20d-3fc0-4a02-9ef8-b27cd87a02b5\":\".eplus_styles .eplus-6PfVTX {\\n                position: relative;\\n                margin-top: 10px ;\\nmargin-right: 10px ;\\nmargin-bottom: 10px ;\\nmargin-left: 10px ;\\n            }\",\"e02274bc-4731-4357-8862-37b4675c50ec\":\".eplus_styles .eplus-UAfpdM {\\n                position: relative;\\n                margin-top: 15px ;\\nmargin-right: 15px ;\\nmargin-bottom: 15px ;\\nmargin-left: 15px ;\\n            }\",\"ede84243-8e84-4f42-b181-323a7b34c4e9\":\"\",\"617e7cb5-edc9-4cd0-95de-a1f92d961a2c\":\"\",\"4008d6f1-d627-4e2a-9bf2-e56169730800\":\".eplus_styles .eplus-Xfm8DH {\\n                position: relative;\\n                margin-top: 10px ;\\nmargin-right: 10px ;\\nmargin-bottom: 10px ;\\nmargin-left: 10px ;\\n            }\",\"9005ae11-9fd1-4ab0-b234-4bcc94a65d92\":\"\",\"be2b5dfc-e5df-4e2b-b552-b46934394bbe\":\"\"}","editor_plus_copied_stylings":"{}","editor_plus_extended_blocks_css":"{}","editor_plus_post_options":"{}"},"categories":[],"tags":[],"featured_image_urls":{"full":""},"post_excerpt_stackable":"<p>Calculadora de costos de recetasS\u00e9 m\u00e1s rentable, ahorra tiempo y aumenta tu cuenta de resultados gestionando eficazmente tus costes con nuestra calculadora f\u00e1cil de usar. Pr\u00f3ximamente Determina el precio correcto y aumenta los beneficiosermina La forma m\u00e1s r\u00e1pida y eficaz de que un restaurante obtenga su m\u00e1ximo beneficio es fijar bien los precios. El precio correcto puede aumentar los beneficios m\u00e1s r\u00e1pidamente que el aumento del volumen; el precio incorrecto puede reducirlos con la misma rapidez. Hemos creado esta calculadora para ayudar a los propietarios de restaurantes a gestionar eficazmente el rendimiento de los precios. Averigua si la receta es&hellip;<\/p>\n","category_list":"Sin categor\u00eda","author_info":{"name":"roger lopez","url":"https:\/\/www.menudrive.com\/mx\/author\/roger-lopez-aguirrelavu-com\/"},"comments_num":"0 comments","featured_image_urls_v2":{"full":"","thumbnail":"","medium":"","medium_large":"","large":"","1536x1536":"","2048x2048":"","ab-block-post-grid-landscape":"","ab-block-post-grid-square":"","gb-block-post-grid-landscape":"","gb-block-post-grid-square":""},"post_excerpt_stackable_v2":"<p>Calculadora de costos de recetasS\u00e9 m\u00e1s rentable, ahorra tiempo y aumenta tu cuenta de resultados gestionando eficazmente tus costes con nuestra calculadora f\u00e1cil de usar. Pr\u00f3ximamente Determina el precio correcto y aumenta los beneficiosermina La forma m\u00e1s r\u00e1pida y eficaz de que un restaurante obtenga su m\u00e1ximo beneficio es fijar bien los precios. El precio correcto puede aumentar los beneficios m\u00e1s r\u00e1pidamente que el aumento del volumen; el precio incorrecto puede reducirlos con la misma rapidez. Hemos creado esta calculadora para ayudar a los propietarios de restaurantes a gestionar eficazmente el rendimiento de los precios. Averigua si la receta es&hellip;<\/p>\n","category_list_v2":"Sin categor\u00eda","author_info_v2":{"name":"roger lopez","url":"https:\/\/www.menudrive.com\/mx\/author\/roger-lopez-aguirrelavu-com\/"},"comments_num_v2":"0 comments","featured_image_src":null,"featured_image_src_square":null,"uagb_featured_image_src":{"full":false,"thumbnail":false,"medium":false,"medium_large":false,"large":false,"1536x1536":false,"2048x2048":false,"ab-block-post-grid-landscape":false,"ab-block-post-grid-square":false,"gb-block-post-grid-landscape":false,"gb-block-post-grid-square":false},"uagb_author_info":{"display_name":"roger lopez","author_link":"https:\/\/www.menudrive.com\/mx\/author\/roger-lopez-aguirrelavu-com\/"},"uagb_comment_info":0,"uagb_excerpt":"Calculadora de costos de recetas S\u00e9 m\u00e1s rentable, ahorra tiempo y aumenta tu cuenta de resultados gestionando eficazmente tus costes con nuestra calculadora f\u00e1cil de usar. Pr\u00f3ximamente Determina el precio correcto y aumenta los beneficiosermina La forma m\u00e1s r\u00e1pida y eficaz de que un restaurante obtenga su m\u00e1ximo beneficio es fijar bien los precios. El&hellip;","_links":{"self":[{"href":"https:\/\/www.menudrive.com\/mx\/wp-json\/wp\/v2\/pages\/47770"}],"collection":[{"href":"https:\/\/www.menudrive.com\/mx\/wp-json\/wp\/v2\/pages"}],"about":[{"href":"https:\/\/www.menudrive.com\/mx\/wp-json\/wp\/v2\/types\/page"}],"author":[{"embeddable":true,"href":"https:\/\/www.menudrive.com\/mx\/wp-json\/wp\/v2\/users\/21"}],"replies":[{"embeddable":true,"href":"https:\/\/www.menudrive.com\/mx\/wp-json\/wp\/v2\/comments?post=47770"}],"version-history":[{"count":0,"href":"https:\/\/www.menudrive.com\/mx\/wp-json\/wp\/v2\/pages\/47770\/revisions"}],"wp:attachment":[{"href":"https:\/\/www.menudrive.com\/mx\/wp-json\/wp\/v2\/media?parent=47770"}],"wp:term":[{"taxonomy":"category","embeddable":true,"href":"https:\/\/www.menudrive.com\/mx\/wp-json\/wp\/v2\/categories?post=47770"},{"taxonomy":"post_tag","embeddable":true,"href":"https:\/\/www.menudrive.com\/mx\/wp-json\/wp\/v2\/tags?post=47770"}],"curies":[{"name":"wp","href":"https:\/\/api.w.org\/{rel}","templated":true}]}}