{"id":38641,"date":"2021-02-27T07:48:00","date_gmt":"2021-02-27T12:48:00","guid":{"rendered":"https:\/\/www.menudrive.com\/pedido-en-linea-para-su-restaurante\/"},"modified":"2022-03-09T16:56:33","modified_gmt":"2022-03-09T21:56:33","slug":"pedido-en-linea-para-su-restaurante","status":"publish","type":"page","link":"https:\/\/www.menudrive.com\/mx\/pedido-en-linea-para-su-restaurante\/","title":{"rendered":"Pedidos en L\u00ednea para su Restaurante"},"content":{"rendered":"\n<div class=\"alignfull wp-block-ugb-cta ugb-cta ugb-3130aae ugb-cta ugb-cta--v2 ugb-cta--design-plain ugb-main-block ugb-main-block--inner-wide ugb--has-block-background ugb--has-background-overlay\"><style>.ugb-3130aae .ugb-cta__title,.ugb-3130aae .ugb-cta__description,.ugb-3130aae .ugb-button-container{text-align:left !important}.ugb-3130aae .ugb-cta__title{font-size:40px !important;color:#ffffff}.ugb-3130aae .ugb-cta__description{color:#ffffff}.ugb-3130aae .ugb-inner-block{text-align:left}.ugb-3130aae.ugb-cta{min-height:60vh;background-color:#000000;background-image:url(https:\/\/www.menudrive.com\/wp-content\/uploads\/2021\/01\/restaurant-ordering.jpg);background-position:top center}.ugb-3130aae.ugb-cta:before{background-color:#000000;opacity:0.5}@media screen and (max-width:1025px){.ugb-3130aae .ugb-cta__title,.ugb-3130aae .ugb-cta__description,.ugb-3130aae .ugb-button-container{text-align:center}.ugb-3130aae .ugb-cta__title{text-align:center !important}.ugb-3130aae .ugb-cta__description{text-align:center !important}.ugb-3130aae .ugb-inner-block{text-align:center}}@media screen and (min-width:768px) and (max-width:1025px){.ugb-3130aae.ugb-cta{padding-left:0px !important}}@media screen and (-ms-high-contrast:active),screen and (-ms-high-contrast:none){.ugb-3130aae.ugb-cta{height:60vh}}<\/style><div class=\"ugb-inner-block ugb-inner-block--wide\"><div class=\"ugb-block-content\"><div class=\"ugb-cta__item\"><h2 class=\"ugb-cta__title\"><strong>PEDIDOS EN L\u00cdNEA<\/strong><br><strong><span class=\"ugb-highlight\">PARA SU RESTAURANTE<\/span><\/strong><\/h2><p class=\"ugb-cta__description\">Aumente sus beneficios con pedidos en l\u00ednea y entregas m\u00e1s inteligentes para su restaurante.<\/p><\/div><\/div><\/div><\/div>\n\n\n\n<div class=\"alignwide wp-block-ugb-pricing-box ugb-pricing-box ugb-a7202c3 ugb-pricing-box--v3 ugb-pricing-box--columns-3 ugb-pricing-box--design-basic ugb-main-block ugb--has-custom-content-width-tablet ugb--has-custom-content-width-mobile\"><style>.ugb-a7202c3 .ugb-pricing-box__item{border-radius:0px !important}.ugb-a7202c3 .ugb-pricing-box__price-line{font-family:\"Poppins\",Sans-serif !important}.ugb-a7202c3 .ugb-pricing-box__price-wrapper{margin-bottom:5px !important}.ugb-a7202c3 .ugb-pricing-box__item.ugb-pricing-box__item2{background-color:#faf6f5 !important}.ugb-a7202c3 .ugb-pricing-box__item.ugb-pricing-box__item2:before{display:none}.ugb-a7202c3 .ugb-pricing-box__item.ugb-pricing-box__item2 .ugb-pricing-box__title{color:#222222 !important}.ugb-a7202c3 .ugb-pricing-box__item.ugb-pricing-box__item2 .ugb-pricing-box__price{color:#222222 !important}.ugb-a7202c3 .ugb-pricing-box__item.ugb-pricing-box__item2 .ugb-pricing-box__price-prefix{color:#222222 !important}.ugb-a7202c3 .ugb-pricing-box__item.ugb-pricing-box__item2 .ugb-pricing-box__price-suffix{color:#222222 !important}.ugb-a7202c3 .ugb-pricing-box__item.ugb-pricing-box__item2 .ugb-pricing-box__subprice{color:#454647 !important}@media screen and (max-width:1025px){.ugb-a7202c3.ugb-pricing-box > .ugb-inner-block{max-width:80% !important}}@media screen and (max-width:768px){.ugb-a7202c3.ugb-pricing-box > .ugb-inner-block{max-width:90% !important}}<\/style><div class=\"ugb-inner-block\"><div class=\"ugb-block-content\"><div class=\"ugb-pricing-box__item ugb-pricing-box__item1 ugb--shadow-0\"><div class=\"ugb-pricing-box__price-wrapper\"><div class=\"ugb-pricing-box__price-line\"><span class=\"ugb-pricing-box__price\">35%<\/span><\/div><\/div><p class=\"ugb-pricing-box__description\">Aumento del ahorro para los restaurantes de MenuDrive frente a las aplicaciones de pedidos en l\u00ednea con entrega de terceros (aprox.)<\/p><\/div><div class=\"ugb-pricing-box__item ugb-pricing-box__item2 ugb--shadow-0\"><div class=\"ugb-pricing-box__price-wrapper\"><div class=\"ugb-pricing-box__price-line\"><span class=\"ugb-pricing-box__price\">42%<\/span><\/div><\/div><p class=\"ugb-pricing-box__description\">Aumento medio del cheque para los restaurantes de MenuDrive, marzo de 2020 frente al mes anterior<\/p><\/div><div class=\"ugb-pricing-box__item ugb-pricing-box__item3 ugb--shadow-0\"><div class=\"ugb-pricing-box__price-wrapper\"><div class=\"ugb-pricing-box__price-line\"><span class=\"ugb-pricing-box__price\">147%<\/span><\/div><\/div><p class=\"ugb-pricing-box__description\">Aumento de las ventas de los restaurantes MenuDrive en abril de 2020 frente a la media mensual de 2019<\/p><\/div><\/div><\/div><\/div>\n\n\n\n<div class=\"alignfull wp-block-ugb-feature ugb-feature ugb-1085459 ugb-feature--v2 ugb-feature--design-basic ugb-main-block ugb-main-block--inner-wide ugb--has-block-background\"><style>.ugb-1085459 .ugb-feature__item{border-radius:0px !important;background-color:rgba(255,255,255,0) !important}.ugb-1085459 .ugb-feature__title{font-size:33px !important;font-weight:200 !important;margin-bottom:8px !important}.ugb-1085459 .ugb-feature__description{font-size:16px !important;margin-bottom:24px !important}.ugb-1085459 .ugb-inner-block{text-align:left}.ugb-1085459.ugb-feature{min-height:100vh}.ugb-1085459{padding:0 !important}@media screen and (min-width:768px){.ugb-1085459 .ugb-feature__item{grid-template-columns:1.20fr 0.80fr !important}.ugb-1085459 .ugb-img{width:924px;height:auto !important}}@media screen and (min-width:768px) and (max-width:1025px){.ugb-1085459 .ugb-feature__item{grid-template-columns:1.98fr 0.02fr !important}}@media screen and (-ms-high-contrast:active),screen and (-ms-high-contrast:none){.ugb-1085459.ugb-feature{height:100vh}}<\/style><div class=\"ugb-inner-block ugb-inner-block--wide\"><div class=\"ugb-block-content\"><div class=\"ugb-feature__item ugb--shadow-0\"><div class=\"ugb-feature__content\"><h3 class=\"ugb-feature__title\"><strong>En el Borde de la Acera,<\/strong> <strong>Sin Contacto, <\/strong><br><strong>para Llevar a cabo<\/strong><\/h3><p class=\"ugb-feature__description\">Los clientes de los restaurantes tienen ahora otras expectativas. Si no les da lo que quieren, se ir\u00e1n a otro sitio.<br><br>Ofrezca pedidos y entregas en l\u00ednea inteligentes, pero sencillos que den prioridad a sus clientes.<br><br><span data-style=\"{&quot;enabled&quot;:false,&quot;color&quot;:&quot;&quot;,&quot;iconBackground&quot;:false,&quot;activeIcon&quot;:&quot;&quot;,&quot;iconBackgroundColor&quot;:&quot;&quot;,&quot;iconBorder&quot;:false,&quot;iconBorderColor&quot;:&quot;&quot;,&quot;iconBorderRadius&quot;:0}\" style=\"border-radius:0px\" class=\"eplus-icon eplusicon-check\"><\/span> Una interfaz intuitiva en la que cualquiera puede hacer un pedido<br><span data-style=\"{&quot;enabled&quot;:false,&quot;color&quot;:&quot;&quot;,&quot;iconBackground&quot;:false,&quot;activeIcon&quot;:&quot;&quot;,&quot;iconBackgroundColor&quot;:&quot;&quot;,&quot;iconBorder&quot;:false,&quot;iconBorderColor&quot;:&quot;&quot;,&quot;iconBorderRadius&quot;:0}\" style=\"border-radius:0px\" class=\"eplus-icon eplusicon-check\"><\/span> Opciones de recogida, entrega y recogida en la acera<br><span data-style=\"{&quot;enabled&quot;:false,&quot;color&quot;:&quot;&quot;,&quot;iconBackground&quot;:false,&quot;activeIcon&quot;:&quot;&quot;,&quot;iconBackgroundColor&quot;:&quot;&quot;,&quot;iconBorder&quot;:false,&quot;iconBorderColor&quot;:&quot;&quot;,&quot;iconBorderRadius&quot;:0}\" style=\"border-radius:0px\" class=\"eplus-icon eplusicon-check\"><\/span> El cliente puede elegir su hora de recogida\/entrega preferida<\/p><\/div><div class=\"ugb-feature__image-side\"><img class=\"ugb-feature__image ugb-img wp-image-41784 ugb-image--shape-stretch\" src=\"https:\/\/www.menudrive.com\/wp-content\/uploads\/2021\/04\/pedidos1.jpg\" alt=\"\" title=\"\" height=\"1386\" srcset=\"https:\/\/www.menudrive.com\/wp-content\/uploads\/2021\/04\/pedidos1.jpg 924w, https:\/\/www.menudrive.com\/wp-content\/uploads\/2021\/04\/pedidos1-500x750.jpg 500w, https:\/\/www.menudrive.com\/wp-content\/uploads\/2021\/04\/pedidos1-700x1050.jpg 700w, https:\/\/www.menudrive.com\/wp-content\/uploads\/2021\/04\/pedidos1-200x300.jpg 200w, https:\/\/www.menudrive.com\/wp-content\/uploads\/2021\/04\/pedidos1-683x1024.jpg 683w, https:\/\/www.menudrive.com\/wp-content\/uploads\/2021\/04\/pedidos1-100x150.jpg 100w, https:\/\/www.menudrive.com\/wp-content\/uploads\/2021\/04\/pedidos1-768x1152.jpg 768w\" sizes=\"(max-width: 924px) 100vw, 924px\" \/><\/div><\/div><\/div><\/div><\/div>\n\n\n\n<div class=\"alignfull wp-block-ugb-feature ugb-feature ugb-09fa8c3 ugb-feature--v2 ugb-feature--design-half ugb-main-block ugb-main-block--inner-wide ugb--has-block-background\"><style>.ugb-09fa8c3 .ugb-feature__item{border-radius:0px !important;height:600px !important}.ugb-09fa8c3 .ugb-feature__content{background-color:rgba(255,255,255,0) !important}.ugb-09fa8c3 .ugb-feature__image{background-image:url(https:\/\/www.menudrive.com\/wp-content\/uploads\/2021\/02\/success.jpg)}.ugb-09fa8c3 .ugb-feature__title{font-size:33px !important;font-weight:200 !important;margin-bottom:8px !important}.ugb-09fa8c3 .ugb-feature__description{font-size:16px !important;margin-bottom:24px !important}.ugb-09fa8c3 .ugb-inner-block{text-align:left}.ugb-09fa8c3.ugb-feature{min-height:100vh}.ugb-09fa8c3{padding:0 !important}@media screen and (min-width:768px){.ugb-09fa8c3 .ugb-feature__item{grid-template-columns:1.20fr 0.80fr !important}}@media screen and (min-width:768px) and (max-width:1025px){.ugb-09fa8c3 .ugb-feature__item{grid-template-columns:1.98fr 0.02fr !important}}@media screen and (-ms-high-contrast:active),screen and (-ms-high-contrast:none){.ugb-09fa8c3.ugb-feature{height:100vh}}<\/style><div class=\"ugb-inner-block ugb-inner-block--wide\"><div class=\"ugb-block-content\"><div class=\"ugb-feature__item ugb--shadow-0\"><div class=\"ugb-feature__content\"><h3 class=\"ugb-feature__title\"><strong>Prep\u00e1rese para el \u00c9xito a Largo Plazo<\/strong><\/h3><p class=\"ugb-feature__description\">Ahora m\u00e1s que nunca, los clientes de los restaurantes quieren valor de producto. Quieren saber que su comida vale cada c\u00e9ntimo.<br><br>H\u00e1gales saber que su comida vale la pena, al tiempo que les demuestra lo mucho que aprecia su patrocinio.<br><br><span data-style=\"{&quot;enabled&quot;:false,&quot;color&quot;:&quot;&quot;,&quot;iconBackground&quot;:false,&quot;activeIcon&quot;:&quot;&quot;,&quot;iconBackgroundColor&quot;:&quot;&quot;,&quot;iconBorder&quot;:false,&quot;iconBorderColor&quot;:&quot;&quot;,&quot;iconBorderRadius&quot;:0}\" style=\"border-radius:0px\" class=\"eplus-icon eplusicon-check\"><\/span> Biblioteca de cupones con ofertas y descuentos personalizables<br><span data-style=\"{&quot;enabled&quot;:false,&quot;color&quot;:&quot;&quot;,&quot;iconBackground&quot;:false,&quot;activeIcon&quot;:&quot;&quot;,&quot;iconBackgroundColor&quot;:&quot;&quot;,&quot;iconBorder&quot;:false,&quot;iconBorderColor&quot;:&quot;&quot;,&quot;iconBorderRadius&quot;:0}\" style=\"border-radius:0px\" class=\"eplus-icon eplusicon-check\"><\/span> Fidelizaci\u00f3n y recompensas integradas, sin necesidad de herramientas separadas<br><span data-style=\"{&quot;enabled&quot;:false,&quot;color&quot;:&quot;&quot;,&quot;iconBackground&quot;:false,&quot;activeIcon&quot;:&quot;&quot;,&quot;iconBackgroundColor&quot;:&quot;&quot;,&quot;iconBorder&quot;:false,&quot;iconBorderColor&quot;:&quot;&quot;,&quot;iconBorderRadius&quot;:0}\" style=\"border-radius:0px\" class=\"eplus-icon eplusicon-check\"><\/span> Acceso r\u00e1pido a los comentarios de los clientes<\/p><\/div><div class=\"ugb-feature__image\"><\/div><\/div><\/div><\/div><\/div>\n\n\n\n<div class=\"alignfull wp-block-ugb-feature ugb-feature ugb-de0c485 ugb-feature--v2 ugb-feature--design-half ugb-main-block ugb-main-block--inner-wide ugb--has-block-background\"><style>.ugb-de0c485 .ugb-feature__item{border-radius:0px !important;height:600px !important}.ugb-de0c485 .ugb-feature__content{background-color:rgba(255,255,255,0) !important}.ugb-de0c485 .ugb-feature__image{background-image:url(https:\/\/www.menudrive.com\/wp-content\/uploads\/2021\/02\/New-UI-600x338-1-1.jpg)}.ugb-de0c485 .ugb-feature__title{font-size:33px !important;font-weight:200 !important;margin-bottom:8px !important}.ugb-de0c485 .ugb-feature__description{font-size:16px !important;margin-bottom:24px !important}.ugb-de0c485 .ugb-inner-block{text-align:left}.ugb-de0c485.ugb-feature{min-height:100vh}.ugb-de0c485{padding:0 !important}@media screen and (min-width:768px){.ugb-de0c485 .ugb-feature__item{grid-template-columns:1.20fr 0.80fr !important}}@media screen and (min-width:768px) and (max-width:1025px){.ugb-de0c485 .ugb-feature__item{grid-template-columns:1.98fr 0.02fr !important}}@media screen and (-ms-high-contrast:active),screen and (-ms-high-contrast:none){.ugb-de0c485.ugb-feature{height:100vh}}<\/style><div class=\"ugb-inner-block ugb-inner-block--wide\"><div class=\"ugb-block-content\"><div class=\"ugb-feature__item ugb--shadow-0\"><div class=\"ugb-feature__content\"><h3 class=\"ugb-feature__title\"><strong>Informaci\u00f3n Empresarial que Impulsa el Crecimiento<\/strong><\/h3><p class=\"ugb-feature__description\">\u00bfC\u00f3mo fueron sus ventas ayer? \u00bfY el mes pasado? \u00bfC\u00f3mo fueron en comparaci\u00f3n con el mes anterior?<br><br>MenuDrive proporciona informes en tiempo real sobre ventas, art\u00edculos, cupones y mucho m\u00e1s.<br><br>Vea los datos a lo largo del tiempo, para abordar las \u00e1reas problem\u00e1ticas y evaluar los \u00e9xitos.<br><br><span data-style=\"{&quot;enabled&quot;:false,&quot;color&quot;:&quot;&quot;,&quot;iconBackground&quot;:false,&quot;activeIcon&quot;:&quot;&quot;,&quot;iconBackgroundColor&quot;:&quot;&quot;,&quot;iconBorder&quot;:false,&quot;iconBorderColor&quot;:&quot;&quot;,&quot;iconBorderRadius&quot;:0}\" style=\"border-radius:0px\" class=\"eplus-icon eplusicon-check\"><\/span> Informes del historial de pedidos, con rangos de fechas y herramientas de exportaci\u00f3n<br><span data-style=\"{&quot;enabled&quot;:false,&quot;color&quot;:&quot;&quot;,&quot;iconBackground&quot;:false,&quot;activeIcon&quot;:&quot;&quot;,&quot;iconBackgroundColor&quot;:&quot;&quot;,&quot;iconBorder&quot;:false,&quot;iconBorderColor&quot;:&quot;&quot;,&quot;iconBorderRadius&quot;:0}\" style=\"border-radius:0px\" class=\"eplus-icon eplusicon-check\"><\/span> Informes de cierre de negocio automatizados<br><span data-style=\"{&quot;enabled&quot;:false,&quot;color&quot;:&quot;&quot;,&quot;iconBackground&quot;:false,&quot;activeIcon&quot;:&quot;&quot;,&quot;iconBackgroundColor&quot;:&quot;&quot;,&quot;iconBorder&quot;:false,&quot;iconBorderColor&quot;:&quot;&quot;,&quot;iconBorderRadius&quot;:0}\" style=\"border-radius:0px\" class=\"eplus-icon eplusicon-check\"><\/span><span class=\"eplus-icon\"><\/span> Datos de tr\u00e1fico del sitio de Google Analytics integrados<br><\/p><\/div><div class=\"ugb-feature__image\"><\/div><\/div><\/div><\/div><\/div>\n\n\n\n<h2 class=\"has-text-align-center eplus-R5QiyD\" id=\"h-funciones-de-menudrive-para-su-restaurante\" data-block-type=\"core\">Funciones de MenuDrive para su Restaurante<\/h2>\n\n\n\n<div class=\"alignwide wp-block-ugb-feature-grid ugb-feature-grid ugb-b24ef3a ugb-feature-grid--v2 ugb-feature-grid--columns-3 ugb-feature-grid--design-basic ugb-main-block\"><style>.ugb-b24ef3a .ugb-feature-grid__item{border-radius:16px !important}.ugb-b24ef3a .ugb-feature-grid__title{font-weight:500 !important;text-align:center}.ugb-b24ef3a .ugb-feature-grid__description{text-align:center;margin-bottom:40px !important}.ugb-b24ef3a .ugb-inner-block{text-align:center}<\/style><div class=\"ugb-inner-block\"><div class=\"ugb-block-content\"><div class=\"ugb-feature-grid__item ugb-feature-grid__item1 ugb--shadow-3\"><div class=\"ugb-feature-grid__content\"><h5 class=\"ugb-feature-grid__title\">Galer\u00eda de fotos<\/h5><p class=\"ugb-feature-grid__description\">Exponga apetitosas fotos de alimentos (con leyendas opcionales) a las que nadie podr\u00e1 resistirse.<\/p><\/div><\/div><div class=\"ugb-feature-grid__item ugb-feature-grid__item2 ugb--shadow-3\"><div class=\"ugb-feature-grid__content\"><h5 class=\"ugb-feature-grid__title\">Su tienda, a su manera<\/h5><p class=\"ugb-feature-grid__description\">Establezca los horarios de la tienda, las horas de entrega y recogida, las zonas de entrega, los tiempos de preparaci\u00f3n y mucho m\u00e1s.<\/p><\/div><\/div><div class=\"ugb-feature-grid__item ugb-feature-grid__item3 ugb--shadow-3\"><div class=\"ugb-feature-grid__content\"><h5 class=\"ugb-feature-grid__title\">Datos del cliente<\/h5><p class=\"ugb-feature-grid__description\">Recopilar informaci\u00f3n sobre los clientes para establecer relaciones personalizadas y a largo plazo.<\/p><\/div><\/div><\/div><\/div><\/div>\n\n\n\n<div class=\"wp-block-ugb-cta ugb-cta ugb-9c461d4 ugb-cta ugb-cta--v2 ugb-main-block\"><style>.ugb-9c461d4 .ugb-button{background-color:var(--stk-global-color-15085,#f58025)}.ugb-9c461d4 .ugb-button .ugb-button--inner,.ugb-9c461d4 .ugb-button svg:not(.ugb-custom-icon){color:var(--stk-global-color-47760,#ffffff) !important}<\/style><div class=\"ugb-inner-block\"><div class=\"ugb-block-content\"><div class=\"ugb-cta__item\"><h3 class=\"ugb-cta__title\"><strong>Empezar con MenuDrive<\/strong><\/h3><div class=\"ugb-button-container\"><a class=\"ugb-button ugb-button--size-normal\" href=\"https:\/\/www.menudrive.com\/mx\/menudrive_spanish\" target=\"_blank\" rel=\"noopener noreferrer\" title=\"\"><span class=\"ugb-button--inner\"><strong>Empieza ya<\/strong><\/span><\/a><\/div><\/div><\/div><\/div><\/div>\n","protected":false},"excerpt":{"rendered":"<p>PEDIDOS EN L\u00cdNEAPARA SU RESTAURANTE Aumente sus beneficios con pedidos en l\u00ednea y entregas m\u00e1s inteligentes para su restaurante. 35% Aumento del ahorro para los restaurantes de MenuDrive frente a las aplicaciones de pedidos en l\u00ednea con entrega de terceros (aprox.) 42% Aumento medio del cheque para los restaurantes de MenuDrive, marzo de 2020 frente &hellip;<\/p>\n<p class=\"read-more\"> <a class=\"\" href=\"https:\/\/www.menudrive.com\/mx\/pedido-en-linea-para-su-restaurante\/\"> <span class=\"screen-reader-text\">Pedidos en L\u00ednea para su Restaurante<\/span> Read More \u00bb<\/a><\/p>\n","protected":false},"author":15,"featured_media":0,"parent":0,"menu_order":0,"comment_status":"closed","ping_status":"closed","template":"","meta":{"editor_plus_custom_animation_option_css":"{}","om_disable_all_campaigns":false,"editor_plus_custom_css":"{\"2456703d-fd7c-4c3c-a4b2-643325af58a4\":\".eplus-R5QiyD { \\n\\n}\"}","editor_plus_custom_css_file_version":"latest-212","editor_plus_custom_styling_options_file_version":"latest-4864","editor_plus_custom_styling_options_css":"{\"2456703d-fd7c-4c3c-a4b2-643325af58a4\":\"\"}","editor_plus_copied_stylings":"{}","editor_plus_extended_blocks_css":"{}","editor_plus_post_options":"{}"},"categories":[],"tags":[],"featured_image_urls":{"full":""},"post_excerpt_stackable":"<p>PEDIDOS EN L\u00cdNEAPARA SU RESTAURANTEAumente sus beneficios con pedidos en l\u00ednea y entregas m\u00e1s inteligentes para su restaurante. 35%Aumento del ahorro para los restaurantes de MenuDrive frente a las aplicaciones de pedidos en l\u00ednea con entrega de terceros (aprox.)42%Aumento medio del cheque para los restaurantes de MenuDrive, marzo de 2020 frente al mes anterior147%Aumento de las ventas de los restaurantes MenuDrive en abril de 2020 frente a la media mensual de 2019 En el Borde de la Acera, Sin Contacto, para Llevar a caboLos clientes de los restaurantes tienen ahora otras expectativas. Si no les da lo que quieren, se&hellip;<\/p>\n","category_list":"Sin categor\u00eda","author_info":{"name":"Sristi","url":"https:\/\/www.menudrive.com\/mx\/author\/sristi\/"},"comments_num":"0 comments","featured_image_urls_v2":{"full":"","thumbnail":"","medium":"","medium_large":"","large":"","1536x1536":"","2048x2048":"","ab-block-post-grid-landscape":"","ab-block-post-grid-square":"","gb-block-post-grid-landscape":"","gb-block-post-grid-square":""},"post_excerpt_stackable_v2":"<p>PEDIDOS EN L\u00cdNEAPARA SU RESTAURANTEAumente sus beneficios con pedidos en l\u00ednea y entregas m\u00e1s inteligentes para su restaurante. 35%Aumento del ahorro para los restaurantes de MenuDrive frente a las aplicaciones de pedidos en l\u00ednea con entrega de terceros (aprox.)42%Aumento medio del cheque para los restaurantes de MenuDrive, marzo de 2020 frente al mes anterior147%Aumento de las ventas de los restaurantes MenuDrive en abril de 2020 frente a la media mensual de 2019 En el Borde de la Acera, Sin Contacto, para Llevar a caboLos clientes de los restaurantes tienen ahora otras expectativas. Si no les da lo que quieren, se&hellip;<\/p>\n","category_list_v2":"Sin categor\u00eda","author_info_v2":{"name":"Sristi","url":"https:\/\/www.menudrive.com\/mx\/author\/sristi\/"},"comments_num_v2":"0 comments","featured_image_src":null,"featured_image_src_square":null,"uagb_featured_image_src":{"full":false,"thumbnail":false,"medium":false,"medium_large":false,"large":false,"1536x1536":false,"2048x2048":false,"ab-block-post-grid-landscape":false,"ab-block-post-grid-square":false,"gb-block-post-grid-landscape":false,"gb-block-post-grid-square":false},"uagb_author_info":{"display_name":"Sristi","author_link":"https:\/\/www.menudrive.com\/mx\/author\/sristi\/"},"uagb_comment_info":0,"uagb_excerpt":"PEDIDOS EN L\u00cdNEAPARA SU RESTAURANTE Aumente sus beneficios con pedidos en l\u00ednea y entregas m\u00e1s inteligentes para su restaurante. 35% Aumento del ahorro para los restaurantes de MenuDrive frente a las aplicaciones de pedidos en l\u00ednea con entrega de terceros (aprox.) 42% Aumento medio del cheque para los restaurantes de MenuDrive, marzo de 2020 frente&hellip;","_links":{"self":[{"href":"https:\/\/www.menudrive.com\/mx\/wp-json\/wp\/v2\/pages\/38641"}],"collection":[{"href":"https:\/\/www.menudrive.com\/mx\/wp-json\/wp\/v2\/pages"}],"about":[{"href":"https:\/\/www.menudrive.com\/mx\/wp-json\/wp\/v2\/types\/page"}],"author":[{"embeddable":true,"href":"https:\/\/www.menudrive.com\/mx\/wp-json\/wp\/v2\/users\/15"}],"replies":[{"embeddable":true,"href":"https:\/\/www.menudrive.com\/mx\/wp-json\/wp\/v2\/comments?post=38641"}],"version-history":[{"count":0,"href":"https:\/\/www.menudrive.com\/mx\/wp-json\/wp\/v2\/pages\/38641\/revisions"}],"wp:attachment":[{"href":"https:\/\/www.menudrive.com\/mx\/wp-json\/wp\/v2\/media?parent=38641"}],"wp:term":[{"taxonomy":"category","embeddable":true,"href":"https:\/\/www.menudrive.com\/mx\/wp-json\/wp\/v2\/categories?post=38641"},{"taxonomy":"post_tag","embeddable":true,"href":"https:\/\/www.menudrive.com\/mx\/wp-json\/wp\/v2\/tags?post=38641"}],"curies":[{"name":"wp","href":"https:\/\/api.w.org\/{rel}","templated":true}]}}