{"id":38639,"date":"2021-02-27T07:48:05","date_gmt":"2021-02-27T12:48:05","guid":{"rendered":"https:\/\/www.menudrive.com\/pedidos-en-linea-para-su-bar-o-cerveceria\/"},"modified":"2022-03-09T16:57:27","modified_gmt":"2022-03-09T21:57:27","slug":"pedidos-en-linea-para-su-bar-o-cerveceria","status":"publish","type":"page","link":"https:\/\/www.menudrive.com\/mx\/pedidos-en-linea-para-su-bar-o-cerveceria\/","title":{"rendered":"Pedidos en L\u00ednea para su bar o Cervecer\u00eda"},"content":{"rendered":"\n<div class=\"alignfull wp-block-ugb-cta ugb-cta ugb-3130aae ugb-cta ugb-cta--v2 ugb-cta--design-plain ugb-main-block ugb-main-block--inner-wide ugb--has-block-background ugb--has-background-overlay\"><style>.ugb-3130aae .ugb-cta__title,.ugb-3130aae .ugb-cta__description,.ugb-3130aae .ugb-button-container{text-align:left !important}.ugb-3130aae .ugb-cta__title{font-size:35px !important;color:#ffffff}.ugb-3130aae .ugb-cta__description{color:#ffffff}.ugb-3130aae .ugb-inner-block{text-align:left}.ugb-3130aae.ugb-cta{min-height:60vh;background-image:url(https:\/\/www.menudrive.com\/wp-content\/uploads\/2021\/01\/online-ordering-for-Bars-and-breweries.jpg);background-position:top center}.ugb-3130aae.ugb-cta:before{opacity:0}@media screen and (max-width:1025px){.ugb-3130aae .ugb-cta__title,.ugb-3130aae .ugb-cta__description,.ugb-3130aae .ugb-button-container{text-align:center}.ugb-3130aae .ugb-cta__title{text-align:center !important}.ugb-3130aae .ugb-cta__description{text-align:center !important}.ugb-3130aae .ugb-inner-block{text-align:center}}@media screen and (min-width:768px) and (max-width:1025px){.ugb-3130aae.ugb-cta{padding-left:0px !important}}@media screen and (-ms-high-contrast:active),screen and (-ms-high-contrast:none){.ugb-3130aae.ugb-cta{height:60vh}}<\/style><div class=\"ugb-inner-block ugb-inner-block--wide\"><div class=\"ugb-block-content\"><div class=\"ugb-cta__item\"><h2 class=\"ugb-cta__title\"><strong>PEDIDOS EN L\u00cdNEA<\/strong><br><span class=\"ugb-highlight\"><strong>PARA SU BAR O CERVECER\u00cdA<\/strong><\/span><\/h2><p class=\"ugb-cta__description\">Haz que tus pedidos de bar y cervecer\u00eda sea el alma de la fiesta en casa.<\/p><\/div><\/div><\/div><\/div>\n\n\n\n<div class=\"wp-block-ugb-feature ugb-feature ugb-42476d0 ugb-feature--v2 ugb-feature--design-basic ugb-main-block\"><style>.ugb-42476d0 .ugb-feature__title{font-size:33px !important}@media screen and (min-width:768px){.ugb-42476d0 .ugb-img{width:600px;height:auto !important}}<\/style><div class=\"ugb-inner-block\"><div class=\"ugb-block-content\"><div class=\"ugb-feature__item\"><div class=\"ugb-feature__content\"><h3 class=\"ugb-feature__title\"><strong>Las Ventas de Alcohol en L\u00ednea Est\u00e1n Creciendo. \u00bfY las Suyas?<\/strong><\/h3><p class=\"ugb-feature__description\">Las ventas de alcohol por Internet aumentaron un 22% en marzo de 2020. \u00bfQu\u00e9 parte de ese aumento ha experimentado su bar? Si tus ventas han disminuido, se han estancado o solo han aumentado ligeramente, podemos ayudarte.<br><br>Aumente los beneficios de su bar y cervecer\u00eda con pedidos y entregas en l\u00ednea de forma sencilla, MenuDrive facilita la venta de cerveza, licores, vino y otras bebidas alcoh\u00f3licas en l\u00ednea (\u00a1suponiendo que sea legal en su zona!).<\/p><\/div><div class=\"ugb-feature__image-side\"><img class=\"ugb-feature__image ugb-img wp-image-41712 ugb-image--shape-stretch\" src=\"https:\/\/www.menudrive.com\/wp-content\/uploads\/2021\/03\/pedidos1.jpg\" alt=\"\" title=\"\" height=\"397\" srcset=\"https:\/\/www.menudrive.com\/wp-content\/uploads\/2021\/03\/pedidos1.jpg 600w, https:\/\/www.menudrive.com\/wp-content\/uploads\/2021\/03\/pedidos1-500x331.jpg 500w, https:\/\/www.menudrive.com\/wp-content\/uploads\/2021\/03\/pedidos1-300x199.jpg 300w, https:\/\/www.menudrive.com\/wp-content\/uploads\/2021\/03\/pedidos1-227x150.jpg 227w\" sizes=\"(max-width: 600px) 100vw, 600px\" \/><\/div><\/div><\/div><\/div><\/div>\n\n\n\n<div class=\"wp-block-ugb-feature ugb-feature ugb-3a9d572 ugb-feature--v2 ugb-feature--design-basic ugb-main-block\"><style>.ugb-3a9d572 .ugb-feature__title{font-size:33px !important}@media screen and (min-width:768px){.ugb-3a9d572 .ugb-img{width:600px;height:auto !important}}<\/style><div class=\"ugb-inner-block\"><div class=\"ugb-block-content\"><div class=\"ugb-feature__item\"><div class=\"ugb-feature__content\"><h3 class=\"ugb-feature__title\"><strong>D\u00e9 a sus Clientes lo que Quieren<\/strong><\/h3><p class=\"ugb-feature__description\">Cerveza para las noches de Netflix de sus clientes.<br>Champ\u00e1n para sus fiestas de cumplea\u00f1os de Zoom.<br>Vino para las noches de cita en casa.<br>Bebidas espirituosas para celebraciones serias.<br>Cuando su bar o cervecer\u00eda ofrezca los productos, ofrecer\u00e1 la alegr\u00eda.<br><br><\/p><\/div><div class=\"ugb-feature__image-side\"><img class=\"ugb-feature__image ugb-img wp-image-41715 ugb-image--shape-stretch\" src=\"https:\/\/www.menudrive.com\/wp-content\/uploads\/2021\/03\/pedidos2.jpg\" alt=\"\" title=\"\" height=\"397\" srcset=\"https:\/\/www.menudrive.com\/wp-content\/uploads\/2021\/03\/pedidos2.jpg 600w, https:\/\/www.menudrive.com\/wp-content\/uploads\/2021\/03\/pedidos2-500x331.jpg 500w, https:\/\/www.menudrive.com\/wp-content\/uploads\/2021\/03\/pedidos2-300x199.jpg 300w, https:\/\/www.menudrive.com\/wp-content\/uploads\/2021\/03\/pedidos2-227x150.jpg 227w\" sizes=\"(max-width: 600px) 100vw, 600px\" \/><\/div><\/div><\/div><\/div><\/div>\n\n\n\n<div class=\"wp-block-ugb-feature ugb-feature ugb-04e9ae1 ugb-feature--v2 ugb-feature--design-basic ugb-main-block\"><style>.ugb-04e9ae1 .ugb-feature__title{font-size:33px !important}@media screen and (min-width:768px){.ugb-04e9ae1 .ugb-img{width:600px;height:auto !important}}<\/style><div class=\"ugb-inner-block\"><div class=\"ugb-block-content\"><div class=\"ugb-feature__item\"><div class=\"ugb-feature__content\"><h3 class=\"ugb-feature__title\"><strong>Controle sus Pedidos y Entregas<\/strong><\/h3><p class=\"ugb-feature__description\">Como propietario o gerente de un bar, est\u00e1s acostumbrado a estar al mando. Queremos que siga si\u00e9ndolo.<br><br>Con MenuDrive, usted tiene el control. Realice cambios en tiempo real en su sitio de pedidos en l\u00ednea, desde las im\u00e1genes hasta las actualizaciones del men\u00fa y los horarios de la tienda. Usted decide qu\u00e9 aspecto tiene su sitio de pedidos en l\u00ednea y qu\u00e9 pueden hacer los clientes cuando lo visitan.<\/p><\/div><div class=\"ugb-feature__image-side\"><img class=\"ugb-feature__image ugb-img wp-image-41718 ugb-image--shape-stretch\" src=\"https:\/\/www.menudrive.com\/wp-content\/uploads\/2021\/03\/pedidos3.jpg\" alt=\"\" title=\"\" height=\"397\" srcset=\"https:\/\/www.menudrive.com\/wp-content\/uploads\/2021\/03\/pedidos3.jpg 600w, https:\/\/www.menudrive.com\/wp-content\/uploads\/2021\/03\/pedidos3-500x331.jpg 500w, https:\/\/www.menudrive.com\/wp-content\/uploads\/2021\/03\/pedidos3-300x199.jpg 300w, https:\/\/www.menudrive.com\/wp-content\/uploads\/2021\/03\/pedidos3-227x150.jpg 227w\" sizes=\"(max-width: 600px) 100vw, 600px\" \/><\/div><\/div><\/div><\/div><\/div>\n\n\n\n<div class=\"alignwide wp-block-ugb-feature-grid ugb-feature-grid ugb-c0ac817 ugb-feature-grid--v2 ugb-feature-grid--columns-3 ugb-feature-grid--design-basic ugb-main-block\"><style>.ugb-c0ac817 .ugb-feature-grid__item{border-radius:0px !important}.ugb-c0ac817 .ugb-feature-grid__title{font-size:20px !important;text-align:center}.ugb-c0ac817 .ugb-feature-grid__description{text-align:center}.ugb-c0ac817 .ugb-inner-block{text-align:center}.ugb-c0ac817 .ugb-block-title{font-size:33px !important}@media screen and (min-width:768px){.ugb-c0ac817.ugb-feature-grid{padding-top:5% !important;padding-bottom:5% !important}}<\/style><div class=\"ugb-inner-block\"><h3 class=\"ugb-block-title\"><strong>Funciones de MenuDrive para su Cervecer\u00eda o bar<\/strong><\/h3><div class=\"ugb-block-content\"><div class=\"ugb-feature-grid__item ugb-feature-grid__item1 ugb--shadow-5\"><div class=\"ugb-feature-grid__content\"><h4 class=\"ugb-feature-grid__title\">Servicios de Marketing<\/h4><p class=\"ugb-feature-grid__description\">Env\u00ede correos electr\u00f3nicos automatizados con un toque personal, incluyendo felicitaciones de cumplea\u00f1os y aniversarios.<\/p><\/div><\/div><div class=\"ugb-feature-grid__item ugb-feature-grid__item2 ugb--shadow-5\"><div class=\"ugb-feature-grid__content\"><h4 class=\"ugb-feature-grid__title\">Cupones y Fidelidad<\/h4><p class=\"ugb-feature-grid__description\">Premie a los clientes por apoyar a su bar o cervecer\u00eda y por convertirse en clientes habituales.<\/p><\/div><\/div><div class=\"ugb-feature-grid__item ugb-feature-grid__item3 ugb--shadow-5\"><div class=\"ugb-feature-grid__content\"><h4 class=\"ugb-feature-grid__title\">Dise\u00f1o y Marca<\/h4><p class=\"ugb-feature-grid__description\">Haz que tu escaparate online sea tuyo. A\u00f1ada fotos, colores, su logotipo e im\u00e1genes de anuncios.<\/p><\/div><\/div><\/div><\/div><\/div>\n\n\n\n<div class=\"alignwide wp-block-ugb-feature-grid ugb-feature-grid ugb-0f48b13 ugb-feature-grid--v2 ugb-feature-grid--columns-3 ugb-feature-grid--design-basic ugb-main-block\"><style>.ugb-0f48b13 .ugb-feature-grid__item{border-radius:0px !important}.ugb-0f48b13 .ugb-feature-grid__title{font-size:20px !important;text-align:center}.ugb-0f48b13 .ugb-feature-grid__description{text-align:center}.ugb-0f48b13 .ugb-inner-block{text-align:center}@media screen and (min-width:768px){.ugb-0f48b13.ugb-feature-grid{padding-top:5% !important;padding-bottom:5% !important}}<\/style><div class=\"ugb-inner-block\"><div class=\"ugb-block-content\"><div class=\"ugb-feature-grid__item ugb-feature-grid__item1 ugb--shadow-5\"><div class=\"ugb-feature-grid__content\"><h4 class=\"ugb-feature-grid__title\">Informes y An\u00e1lisis<\/h4><p class=\"ugb-feature-grid__description\">Acceda a informes en tiempo real sobre ventas, art\u00edculos, fidelidad, cupones, clientes y mucho m\u00e1s.<\/p><\/div><\/div><div class=\"ugb-feature-grid__item ugb-feature-grid__item2 ugb--shadow-5\"><div class=\"ugb-feature-grid__content\"><h4 class=\"ugb-feature-grid__title\">Actualizaciones R\u00e1pidas del men\u00fa<\/h4><p class=\"ugb-feature-grid__description\">Realice cambios inmediatos en el men\u00fa desde cualquier lugar con Internet.<\/p><\/div><\/div><div class=\"ugb-feature-grid__item ugb-feature-grid__item3 ugb--shadow-5\"><div class=\"ugb-feature-grid__content\"><h4 class=\"ugb-feature-grid__title\">Datos del Cliente<\/h4><p class=\"ugb-feature-grid__description\">Recoge las direcciones de correo electr\u00f3nico y los n\u00fameros de tel\u00e9fono de los clientes, entre otras cosas, para establecer una relaci\u00f3n a largo plazo.<\/p><\/div><\/div><\/div><\/div><\/div>\n\n\n\n<div class=\"wp-block-ugb-cta ugb-cta ugb-9c461d4 ugb-cta ugb-cta--v2 ugb-main-block\"><style>.ugb-9c461d4 .ugb-button{background-color:var(--stk-global-color-15085,#f58025)}.ugb-9c461d4 .ugb-button .ugb-button--inner,.ugb-9c461d4 .ugb-button svg:not(.ugb-custom-icon){color:var(--stk-global-color-47760,#ffffff) !important}<\/style><div class=\"ugb-inner-block\"><div class=\"ugb-block-content\"><div class=\"ugb-cta__item\"><h3 class=\"ugb-cta__title\"><strong>Empezar con MenuDrive<\/strong><\/h3><div class=\"ugb-button-container\"><a class=\"ugb-button ugb-button--size-normal\" href=\"https:\/\/www.menudrive.com\/mx\/menudrive_spanish\" target=\"_blank\" rel=\"noopener noreferrer\" title=\"\"><span class=\"ugb-button--inner\"><strong>Empieza ya<\/strong><\/span><\/a><\/div><\/div><\/div><\/div><\/div>\n","protected":false},"excerpt":{"rendered":"<p>PEDIDOS EN L\u00cdNEAPARA SU BAR O CERVECER\u00cdA Haz que tus pedidos de bar y cervecer\u00eda sea el alma de la fiesta en casa. Las Ventas de Alcohol en L\u00ednea Est\u00e1n Creciendo. \u00bfY las Suyas? Las ventas de alcohol por Internet aumentaron un 22% en marzo de 2020. \u00bfQu\u00e9 parte de ese aumento ha experimentado su &hellip;<\/p>\n<p class=\"read-more\"> <a class=\"\" href=\"https:\/\/www.menudrive.com\/mx\/pedidos-en-linea-para-su-bar-o-cerveceria\/\"> <span class=\"screen-reader-text\">Pedidos en L\u00ednea para su bar o Cervecer\u00eda<\/span> Read More \u00bb<\/a><\/p>\n","protected":false},"author":15,"featured_media":28981,"parent":0,"menu_order":0,"comment_status":"closed","ping_status":"closed","template":"","meta":{"editor_plus_custom_animation_option_css":"{}","om_disable_all_campaigns":false,"editor_plus_custom_css":"{}","editor_plus_custom_css_file_version":"initial","editor_plus_custom_styling_options_file_version":"initial","editor_plus_custom_styling_options_css":"{}","editor_plus_copied_stylings":"{}","editor_plus_extended_blocks_css":"{}","editor_plus_post_options":"{}"},"categories":[],"tags":[],"featured_image_urls":{"full":["https:\/\/www.menudrive.com\/wp-content\/uploads\/2021\/01\/Online-Ordering-for-Bar-Brewery.jpg",600,400,false]},"post_excerpt_stackable":"<p>PEDIDOS EN L\u00cdNEAPARA SU BAR O CERVECER\u00cdAHaz que tus pedidos de bar y cervecer\u00eda sea el alma de la fiesta en casa. Las Ventas de Alcohol en L\u00ednea Est\u00e1n Creciendo. \u00bfY las Suyas?Las ventas de alcohol por Internet aumentaron un 22% en marzo de 2020. \u00bfQu\u00e9 parte de ese aumento ha experimentado su bar? Si tus ventas han disminuido, se han estancado o solo han aumentado ligeramente, podemos ayudarte.Aumente los beneficios de su bar y cervecer\u00eda con pedidos y entregas en l\u00ednea de forma sencilla, MenuDrive facilita la venta de cerveza, licores, vino y otras bebidas alcoh\u00f3licas en l\u00ednea (\u00a1suponiendo&hellip;<\/p>\n","category_list":"Sin categor\u00eda","author_info":{"name":"Sristi","url":"https:\/\/www.menudrive.com\/mx\/author\/sristi\/"},"comments_num":"0 comments","featured_image_urls_v2":{"full":["https:\/\/www.menudrive.com\/wp-content\/uploads\/2021\/01\/Online-Ordering-for-Bar-Brewery.jpg",600,400,false],"thumbnail":["https:\/\/www.menudrive.com\/wp-content\/uploads\/2021\/01\/Online-Ordering-for-Bar-Brewery-225x150.jpg",225,150,true],"medium":["https:\/\/www.menudrive.com\/wp-content\/uploads\/2021\/01\/Online-Ordering-for-Bar-Brewery-300x200.jpg",300,200,true],"medium_large":["https:\/\/www.menudrive.com\/wp-content\/uploads\/2021\/01\/Online-Ordering-for-Bar-Brewery.jpg",600,400,false],"large":["https:\/\/www.menudrive.com\/wp-content\/uploads\/2021\/01\/Online-Ordering-for-Bar-Brewery.jpg",600,400,false],"1536x1536":["https:\/\/www.menudrive.com\/wp-content\/uploads\/2021\/01\/Online-Ordering-for-Bar-Brewery.jpg",600,400,false],"2048x2048":["https:\/\/www.menudrive.com\/wp-content\/uploads\/2021\/01\/Online-Ordering-for-Bar-Brewery.jpg",600,400,false],"ab-block-post-grid-landscape":["https:\/\/www.menudrive.com\/wp-content\/uploads\/2021\/01\/Online-Ordering-for-Bar-Brewery-600x400.jpg",600,400,true],"ab-block-post-grid-square":["https:\/\/www.menudrive.com\/wp-content\/uploads\/2021\/01\/Online-Ordering-for-Bar-Brewery.jpg",600,400,false],"gb-block-post-grid-landscape":["https:\/\/www.menudrive.com\/wp-content\/uploads\/2021\/01\/Online-Ordering-for-Bar-Brewery.jpg",600,400,false],"gb-block-post-grid-square":["https:\/\/www.menudrive.com\/wp-content\/uploads\/2021\/01\/Online-Ordering-for-Bar-Brewery.jpg",600,400,false]},"post_excerpt_stackable_v2":"<p>PEDIDOS EN L\u00cdNEAPARA SU BAR O CERVECER\u00cdAHaz que tus pedidos de bar y cervecer\u00eda sea el alma de la fiesta en casa. Las Ventas de Alcohol en L\u00ednea Est\u00e1n Creciendo. \u00bfY las Suyas?Las ventas de alcohol por Internet aumentaron un 22% en marzo de 2020. \u00bfQu\u00e9 parte de ese aumento ha experimentado su bar? Si tus ventas han disminuido, se han estancado o solo han aumentado ligeramente, podemos ayudarte.Aumente los beneficios de su bar y cervecer\u00eda con pedidos y entregas en l\u00ednea de forma sencilla, MenuDrive facilita la venta de cerveza, licores, vino y otras bebidas alcoh\u00f3licas en l\u00ednea (\u00a1suponiendo&hellip;<\/p>\n","category_list_v2":"Sin categor\u00eda","author_info_v2":{"name":"Sristi","url":"https:\/\/www.menudrive.com\/mx\/author\/sristi\/"},"comments_num_v2":"0 comments","featured_image_src":"https:\/\/www.menudrive.com\/wp-content\/uploads\/2021\/01\/Online-Ordering-for-Bar-Brewery.jpg","featured_image_src_square":"https:\/\/www.menudrive.com\/wp-content\/uploads\/2021\/01\/Online-Ordering-for-Bar-Brewery.jpg","uagb_featured_image_src":{"full":["https:\/\/www.menudrive.com\/wp-content\/uploads\/2021\/01\/Online-Ordering-for-Bar-Brewery.jpg",600,400,false],"thumbnail":["https:\/\/www.menudrive.com\/wp-content\/uploads\/2021\/01\/Online-Ordering-for-Bar-Brewery-225x150.jpg",225,150,true],"medium":["https:\/\/www.menudrive.com\/wp-content\/uploads\/2021\/01\/Online-Ordering-for-Bar-Brewery-300x200.jpg",300,200,true],"medium_large":["https:\/\/www.menudrive.com\/wp-content\/uploads\/2021\/01\/Online-Ordering-for-Bar-Brewery.jpg",600,400,false],"large":["https:\/\/www.menudrive.com\/wp-content\/uploads\/2021\/01\/Online-Ordering-for-Bar-Brewery.jpg",600,400,false],"1536x1536":["https:\/\/www.menudrive.com\/wp-content\/uploads\/2021\/01\/Online-Ordering-for-Bar-Brewery.jpg",600,400,false],"2048x2048":["https:\/\/www.menudrive.com\/wp-content\/uploads\/2021\/01\/Online-Ordering-for-Bar-Brewery.jpg",600,400,false],"ab-block-post-grid-landscape":["https:\/\/www.menudrive.com\/wp-content\/uploads\/2021\/01\/Online-Ordering-for-Bar-Brewery-600x400.jpg",600,400,true],"ab-block-post-grid-square":["https:\/\/www.menudrive.com\/wp-content\/uploads\/2021\/01\/Online-Ordering-for-Bar-Brewery.jpg",600,400,false],"gb-block-post-grid-landscape":["https:\/\/www.menudrive.com\/wp-content\/uploads\/2021\/01\/Online-Ordering-for-Bar-Brewery.jpg",600,400,false],"gb-block-post-grid-square":["https:\/\/www.menudrive.com\/wp-content\/uploads\/2021\/01\/Online-Ordering-for-Bar-Brewery.jpg",600,400,false]},"uagb_author_info":{"display_name":"Sristi","author_link":"https:\/\/www.menudrive.com\/mx\/author\/sristi\/"},"uagb_comment_info":0,"uagb_excerpt":"PEDIDOS EN L\u00cdNEAPARA SU BAR O CERVECER\u00cdA Haz que tus pedidos de bar y cervecer\u00eda sea el alma de la fiesta en casa. Las Ventas de Alcohol en L\u00ednea Est\u00e1n Creciendo. \u00bfY las Suyas? Las ventas de alcohol por Internet aumentaron un 22% en marzo de 2020. \u00bfQu\u00e9 parte de ese aumento ha experimentado su&hellip;","_links":{"self":[{"href":"https:\/\/www.menudrive.com\/mx\/wp-json\/wp\/v2\/pages\/38639"}],"collection":[{"href":"https:\/\/www.menudrive.com\/mx\/wp-json\/wp\/v2\/pages"}],"about":[{"href":"https:\/\/www.menudrive.com\/mx\/wp-json\/wp\/v2\/types\/page"}],"author":[{"embeddable":true,"href":"https:\/\/www.menudrive.com\/mx\/wp-json\/wp\/v2\/users\/15"}],"replies":[{"embeddable":true,"href":"https:\/\/www.menudrive.com\/mx\/wp-json\/wp\/v2\/comments?post=38639"}],"version-history":[{"count":0,"href":"https:\/\/www.menudrive.com\/mx\/wp-json\/wp\/v2\/pages\/38639\/revisions"}],"wp:featuredmedia":[{"embeddable":true,"href":"https:\/\/www.menudrive.com\/mx\/wp-json\/wp\/v2\/media\/28981"}],"wp:attachment":[{"href":"https:\/\/www.menudrive.com\/mx\/wp-json\/wp\/v2\/media?parent=38639"}],"wp:term":[{"taxonomy":"category","embeddable":true,"href":"https:\/\/www.menudrive.com\/mx\/wp-json\/wp\/v2\/categories?post=38639"},{"taxonomy":"post_tag","embeddable":true,"href":"https:\/\/www.menudrive.com\/mx\/wp-json\/wp\/v2\/tags?post=38639"}],"curies":[{"name":"wp","href":"https:\/\/api.w.org\/{rel}","templated":true}]}}