{"id":38585,"date":"2021-02-27T07:54:07","date_gmt":"2021-02-27T12:54:07","guid":{"rendered":"https:\/\/www.menudrive.com\/politica-de-cookies\/"},"modified":"2021-03-31T15:21:01","modified_gmt":"2021-03-31T19:21:01","slug":"politica-de-cookies","status":"publish","type":"page","link":"https:\/\/www.menudrive.com\/mx\/politica-de-cookies\/","title":{"rendered":"Pol\u00edtica de Cookies"},"content":{"rendered":"\n<div class=\"wp-block-ugb-text ugb-text ugb-6d6187c ugb-text--design-plain ugb-text--columns-1 ugb-main-block\"><style>.ugb-6d6187c .ugb-text__title{font-size:35px !important;text-align:center}.ugb-6d6187c .ugb-inner-block{text-align:left}<\/style><div class=\"ugb-inner-block\"><div class=\"ugb-block-content\"><div class=\"ugb-text__title-wrapper\"><h1 class=\"ugb-text__title\">Pol\u00edtica de Cookies<\/h1><\/div><div class=\"ugb-text__text-wrapper\"><div class=\"ugb-text__text\"><p class=\"ugb-text__text-1\">Este sitio web o sus herramientas de terceros procesan datos personales (por ejemplo, datos de navegaci\u00f3n o direcciones IP) y utilizan cookies u otros identificadores, que son necesarios para su funcionamiento, para el an\u00e1lisis o seg\u00fan se requiera para lograr los fines se\u00f1alados en las secciones tituladas &#8220;Los tipos de informaci\u00f3n que podemos recopilar&#8221; y &#8220;Sus opciones con respecto a su informaci\u00f3n&#8221; en nuestra pol\u00edtica de privacidad. Usted acepta el uso de cookies u otros identificadores al cerrar o descartar este aviso, al hacer clic en un enlace o bot\u00f3n o al continuar navegando en este sitio web. Descripci\u00f3n de este bloque. Utilice este espacio para describir su bloque. Cualquier texto es suficiente. Descripci\u00f3n de este bloque. Puede utilizar este espacio para describir su bloque.<br>Traducci\u00f3n realizada con la versi\u00f3n gratuita del traductor.<\/p><\/div><\/div><\/div><\/div><\/div>\n","protected":false},"excerpt":{"rendered":"<p>Pol\u00edtica de Cookies Este sitio web o sus herramientas de terceros procesan datos personales (por ejemplo, datos de navegaci\u00f3n o direcciones IP) y utilizan cookies u otros identificadores, que son necesarios para su funcionamiento, para el an\u00e1lisis o seg\u00fan se requiera para lograr los fines se\u00f1alados en las secciones tituladas &#8220;Los tipos de informaci\u00f3n que &hellip;<\/p>\n<p class=\"read-more\"> <a class=\"\" href=\"https:\/\/www.menudrive.com\/mx\/politica-de-cookies\/\"> <span class=\"screen-reader-text\">Pol\u00edtica de Cookies<\/span> Read More \u00bb<\/a><\/p>\n","protected":false},"author":15,"featured_media":0,"parent":0,"menu_order":0,"comment_status":"closed","ping_status":"closed","template":"","meta":{"editor_plus_custom_animation_option_css":"{}","om_disable_all_campaigns":false,"editor_plus_custom_css":"{}","editor_plus_custom_css_file_version":"initial","editor_plus_custom_styling_options_file_version":"initial","editor_plus_custom_styling_options_css":"{}","editor_plus_copied_stylings":"{}","editor_plus_extended_blocks_css":"{}","editor_plus_post_options":"{}"},"categories":[],"tags":[],"featured_image_urls":{"full":""},"post_excerpt_stackable":"<p>Pol\u00edtica de CookiesEste sitio web o sus herramientas de terceros procesan datos personales (por ejemplo, datos de navegaci\u00f3n o direcciones IP) y utilizan cookies u otros identificadores, que son necesarios para su funcionamiento, para el an\u00e1lisis o seg\u00fan se requiera para lograr los fines se\u00f1alados en las secciones tituladas &#8220;Los tipos de informaci\u00f3n que podemos recopilar&#8221; y &#8220;Sus opciones con respecto a su informaci\u00f3n&#8221; en nuestra pol\u00edtica de privacidad. Usted acepta el uso de cookies u otros identificadores al cerrar o descartar este aviso, al hacer clic en un enlace o bot\u00f3n o al continuar navegando en este sitio web.&hellip;<\/p>\n","category_list":"Sin categor\u00eda","author_info":{"name":"Sristi","url":"https:\/\/www.menudrive.com\/mx\/author\/sristi\/"},"comments_num":"0 comments","featured_image_urls_v2":{"full":"","thumbnail":"","medium":"","medium_large":"","large":"","1536x1536":"","2048x2048":"","ab-block-post-grid-landscape":"","ab-block-post-grid-square":"","gb-block-post-grid-landscape":"","gb-block-post-grid-square":""},"post_excerpt_stackable_v2":"<p>Pol\u00edtica de CookiesEste sitio web o sus herramientas de terceros procesan datos personales (por ejemplo, datos de navegaci\u00f3n o direcciones IP) y utilizan cookies u otros identificadores, que son necesarios para su funcionamiento, para el an\u00e1lisis o seg\u00fan se requiera para lograr los fines se\u00f1alados en las secciones tituladas &#8220;Los tipos de informaci\u00f3n que podemos recopilar&#8221; y &#8220;Sus opciones con respecto a su informaci\u00f3n&#8221; en nuestra pol\u00edtica de privacidad. Usted acepta el uso de cookies u otros identificadores al cerrar o descartar este aviso, al hacer clic en un enlace o bot\u00f3n o al continuar navegando en este sitio web.&hellip;<\/p>\n","category_list_v2":"Sin categor\u00eda","author_info_v2":{"name":"Sristi","url":"https:\/\/www.menudrive.com\/mx\/author\/sristi\/"},"comments_num_v2":"0 comments","featured_image_src":null,"featured_image_src_square":null,"uagb_featured_image_src":{"full":false,"thumbnail":false,"medium":false,"medium_large":false,"large":false,"1536x1536":false,"2048x2048":false,"ab-block-post-grid-landscape":false,"ab-block-post-grid-square":false,"gb-block-post-grid-landscape":false,"gb-block-post-grid-square":false},"uagb_author_info":{"display_name":"Sristi","author_link":"https:\/\/www.menudrive.com\/mx\/author\/sristi\/"},"uagb_comment_info":0,"uagb_excerpt":"Pol\u00edtica de Cookies Este sitio web o sus herramientas de terceros procesan datos personales (por ejemplo, datos de navegaci\u00f3n o direcciones IP) y utilizan cookies u otros identificadores, que son necesarios para su funcionamiento, para el an\u00e1lisis o seg\u00fan se requiera para lograr los fines se\u00f1alados en las secciones tituladas &#8220;Los tipos de informaci\u00f3n que&hellip;","_links":{"self":[{"href":"https:\/\/www.menudrive.com\/mx\/wp-json\/wp\/v2\/pages\/38585"}],"collection":[{"href":"https:\/\/www.menudrive.com\/mx\/wp-json\/wp\/v2\/pages"}],"about":[{"href":"https:\/\/www.menudrive.com\/mx\/wp-json\/wp\/v2\/types\/page"}],"author":[{"embeddable":true,"href":"https:\/\/www.menudrive.com\/mx\/wp-json\/wp\/v2\/users\/15"}],"replies":[{"embeddable":true,"href":"https:\/\/www.menudrive.com\/mx\/wp-json\/wp\/v2\/comments?post=38585"}],"version-history":[{"count":0,"href":"https:\/\/www.menudrive.com\/mx\/wp-json\/wp\/v2\/pages\/38585\/revisions"}],"wp:attachment":[{"href":"https:\/\/www.menudrive.com\/mx\/wp-json\/wp\/v2\/media?parent=38585"}],"wp:term":[{"taxonomy":"category","embeddable":true,"href":"https:\/\/www.menudrive.com\/mx\/wp-json\/wp\/v2\/categories?post=38585"},{"taxonomy":"post_tag","embeddable":true,"href":"https:\/\/www.menudrive.com\/mx\/wp-json\/wp\/v2\/tags?post=38585"}],"curies":[{"name":"wp","href":"https:\/\/api.w.org\/{rel}","templated":true}]}}