{"id":38581,"date":"2021-02-27T07:54:29","date_gmt":"2021-02-27T12:54:29","guid":{"rendered":"https:\/\/www.menudrive.com\/caracteristicas\/"},"modified":"2021-04-14T16:18:53","modified_gmt":"2021-04-14T20:18:53","slug":"funciones","status":"publish","type":"page","link":"https:\/\/www.menudrive.com\/mx\/funciones\/","title":{"rendered":"Funciones"},"content":{"rendered":"\n<div class=\"alignfull wp-block-ugb-cta ugb-cta ugb-3130aae ugb-cta ugb-cta--v2 ugb-cta--design-plain ugb-main-block ugb-main-block--inner-wide ugb--has-block-background ugb--has-background-overlay\"><style>.ugb-3130aae .ugb-cta__title,.ugb-3130aae .ugb-cta__description,.ugb-3130aae .ugb-button-container{text-align:left !important}.ugb-3130aae .ugb-cta__title{font-size:38px !important;color:#ffffff}.ugb-3130aae .ugb-cta__description{color:#ffffff}.ugb-3130aae .ugb-button .ugb-button--inner{font-family:\"Open Sans\",Sans-serif !important;font-weight:400 !important}.ugb-3130aae .ugb-button{background-color:#f58025;padding-top:5px;padding-right:8px;padding-bottom:5px;padding-left:8px;border-radius:0px !important}.ugb-3130aae .ugb-button .ugb-button--inner,.ugb-3130aae .ugb-button svg:not(.ugb-custom-icon){color:#ffffff !important}.ugb-3130aae .ugb-button:before{border-radius:0px !important}.ugb-3130aae .ugb-inner-block{text-align:left}.ugb-3130aae.ugb-cta{min-height:60vh;background-color:var(--stk-global-color-10230,#000000);background-image:url(https:\/\/www.menudrive.com\/wp-content\/uploads\/2021\/04\/Featured.jpg);background-position:top center}.ugb-3130aae.ugb-cta:before{background-color:var(--stk-global-color-10230,#000000);opacity:0.5}@media screen and (max-width:1025px){.ugb-3130aae .ugb-cta__title,.ugb-3130aae .ugb-cta__description,.ugb-3130aae .ugb-button-container{text-align:center}.ugb-3130aae .ugb-cta__title{text-align:center !important}.ugb-3130aae .ugb-cta__description{text-align:center !important}.ugb-3130aae .ugb-button-container{text-align:center !important}.ugb-3130aae .ugb-inner-block{text-align:center}}@media screen and (min-width:768px) and (max-width:1025px){.ugb-3130aae.ugb-cta{padding-left:0px !important}}@media screen and (max-width:768px){.ugb-3130aae .ugb-cta__title{font-size:21px !important;text-align:center !important}}@media screen and (-ms-high-contrast:active),screen and (-ms-high-contrast:none){.ugb-3130aae.ugb-cta{height:60vh}}<\/style><div class=\"ugb-inner-block ugb-inner-block--wide\"><div class=\"ugb-block-content\"><div class=\"ugb-cta__item\"><h3 class=\"ugb-cta__title\"><strong>LA PLATAFORMA QUE FUNCIONA Y <br><span style=\"color: var(--stk-global-color-15085, #f58025);\" class=\"ugb-highlight\">CONVIERTE TU RESTAURANTE <\/span><\/strong><br><strong>EN UN MOTOR DE VENTAS<\/strong><\/h3><p class=\"ugb-cta__description\">Nuestras funciones est\u00e1n enfocadas en las ventas y en c\u00f3mo crear ganancias para tu restaurante<\/p><div class=\"ugb-button-container\"><a class=\"ugb-button ugb-button--size-large\" href=\"https:\/\/www.orderstart.com\/self_signon\/?lang=es\" target=\"_blank\" rel=\"noopener noreferrer\" title=\"\"><span class=\"ugb-button--inner\"><strong>Empieza a vender en l\u00ednea<\/strong><\/span><\/a><\/div><\/div><\/div><\/div><\/div>\n\n\n\n<div class=\"alignwide wp-block-ugb-feature-grid ugb-feature-grid ugb-c679916 ugb-feature-grid--v2 ugb-feature-grid--columns-3 ugb-feature-grid--design-basic ugb-main-block\"><style>.ugb-c679916 .ugb-feature-grid__item{border-radius:0px !important;background-color:rgba(255,255,255,1) !important}.ugb-c679916 .ugb-feature-grid__item:before{background-color:#ffffff !important}.ugb-c679916 .ugb-img{border-radius:0px;width:60px;height:auto !important}.ugb-c679916 .ugb-img,.ugb-c679916 .ugb-feature-grid__image{margin-left:auto !important;margin-right:auto !important}.ugb-c679916 .ugb-feature-grid__title{font-family:\"Open Sans\",Sans-serif !important;text-align:center}.ugb-c679916 .ugb-feature-grid__description{color:#313131;text-align:center}.ugb-c679916 .ugb-inner-block{text-align:center}.ugb-c679916.ugb-feature-grid{min-height:30vh}.ugb-c679916 .ugb-block-title{font-size:33px !important}@media screen and (max-width:768px){.ugb-c679916 .ugb-block-title{font-size:21px !important}}@media screen and (-ms-high-contrast:active),screen and (-ms-high-contrast:none){.ugb-c679916.ugb-feature-grid{height:30vh}}<\/style><div class=\"ugb-inner-block\"><h4 class=\"ugb-block-title\"><strong>Funciones de MenuDrive<\/strong><\/h4><div class=\"ugb-block-content\"><div class=\"ugb-feature-grid__item ugb-feature-grid__item1 ugb--shadow-4\"><div class=\"ugb-feature-grid__image\"><img class=\"ugb-img wp-image-43819\" src=\"https:\/\/www.menudrive.com\/wp-content\/uploads\/2021\/04\/F1-1.png\" alt=\"Feature 1\" width=\"60\"\/><\/div><div class=\"ugb-feature-grid__content\"><h4 class=\"ugb-feature-grid__title\">Manejo de tus ventas<\/h4><p class=\"ugb-feature-grid__description\">Control total de tu restaurante, no importa donde est\u00e9s<\/p><\/div><\/div><div class=\"ugb-feature-grid__item ugb-feature-grid__item2 ugb--shadow-4\"><div class=\"ugb-feature-grid__image\"><img class=\"ugb-img wp-image-43831\" src=\"https:\/\/www.menudrive.com\/wp-content\/uploads\/2021\/04\/F2-2.png\" alt=\"Feature 2\" width=\"60\" srcset=\"https:\/\/www.menudrive.com\/wp-content\/uploads\/2021\/04\/F2-2.png 209w, https:\/\/www.menudrive.com\/wp-content\/uploads\/2021\/04\/F2-2-130x150.png 130w\" sizes=\"(max-width: 209px) 100vw, 209px\" \/><\/div><div class=\"ugb-feature-grid__content\"><h4 class=\"ugb-feature-grid__title\">Marca y Estilo<\/h4><p class=\"ugb-feature-grid__description\">Personalizaci\u00f3n de tu tienda en l\u00ednea con tu logo y colores<\/p><\/div><\/div><div class=\"ugb-feature-grid__item ugb-feature-grid__item3 ugb--shadow-4\"><div class=\"ugb-feature-grid__image\"><img class=\"ugb-img wp-image-43843\" src=\"https:\/\/www.menudrive.com\/wp-content\/uploads\/2021\/04\/F3-1.jpg\" alt=\"Feature 3\" width=\"60\" srcset=\"https:\/\/www.menudrive.com\/wp-content\/uploads\/2021\/04\/F3-1.jpg 820w, https:\/\/www.menudrive.com\/wp-content\/uploads\/2021\/04\/F3-1-500x508.jpg 500w, https:\/\/www.menudrive.com\/wp-content\/uploads\/2021\/04\/F3-1-700x711.jpg 700w, https:\/\/www.menudrive.com\/wp-content\/uploads\/2021\/04\/F3-1-295x300.jpg 295w, https:\/\/www.menudrive.com\/wp-content\/uploads\/2021\/04\/F3-1-148x150.jpg 148w, https:\/\/www.menudrive.com\/wp-content\/uploads\/2021\/04\/F3-1-768x780.jpg 768w\" sizes=\"(max-width: 820px) 100vw, 820px\" \/><\/div><div class=\"ugb-feature-grid__content\"><h4 class=\"ugb-feature-grid__title\">Pedidos y Pagos<\/h4><p class=\"ugb-feature-grid__description\">Facilidad para hacer pedidos y pagos diarios a tu cuenta<\/p><\/div><\/div><\/div><\/div><\/div>\n\n\n\n<div class=\"alignwide wp-block-ugb-feature-grid ugb-feature-grid ugb-5f555ac ugb-feature-grid--v2 ugb-feature-grid--columns-3 ugb-feature-grid--design-basic ugb-main-block\"><style>.ugb-5f555ac .ugb-feature-grid__item{border-radius:0px !important;background-color:rgba(255,255,255,1) !important}.ugb-5f555ac .ugb-feature-grid__item:before{background-color:#ffffff !important}.ugb-5f555ac .ugb-img{border-radius:0px;width:60px;height:auto !important}.ugb-5f555ac .ugb-img,.ugb-5f555ac .ugb-feature-grid__image{margin-left:auto !important;margin-right:auto !important}.ugb-5f555ac .ugb-feature-grid__title{font-family:\"Open Sans\",Sans-serif !important;text-align:center}.ugb-5f555ac .ugb-feature-grid__description{color:#313131;text-align:center}.ugb-5f555ac .ugb-inner-block{text-align:center}.ugb-5f555ac.ugb-feature-grid{min-height:30vh}@media screen and (-ms-high-contrast:active),screen and (-ms-high-contrast:none){.ugb-5f555ac.ugb-feature-grid{height:30vh}}<\/style><div class=\"ugb-inner-block\"><div class=\"ugb-block-content\"><div class=\"ugb-feature-grid__item ugb-feature-grid__item1 ugb--shadow-4\"><div class=\"ugb-feature-grid__image\"><img class=\"ugb-img wp-image-43828\" src=\"https:\/\/www.menudrive.com\/wp-content\/uploads\/2021\/04\/F4.jpg\" alt=\"Feature 1\" width=\"60\" srcset=\"https:\/\/www.menudrive.com\/wp-content\/uploads\/2021\/04\/F4.jpg 924w, https:\/\/www.menudrive.com\/wp-content\/uploads\/2021\/04\/F4-500x500.jpg 500w, https:\/\/www.menudrive.com\/wp-content\/uploads\/2021\/04\/F4-100x100.jpg 100w, https:\/\/www.menudrive.com\/wp-content\/uploads\/2021\/04\/F4-700x700.jpg 700w, https:\/\/www.menudrive.com\/wp-content\/uploads\/2021\/04\/F4-300x300.jpg 300w, https:\/\/www.menudrive.com\/wp-content\/uploads\/2021\/04\/F4-150x150.jpg 150w, https:\/\/www.menudrive.com\/wp-content\/uploads\/2021\/04\/F4-768x768.jpg 768w, https:\/\/www.menudrive.com\/wp-content\/uploads\/2021\/04\/F4-600x600.jpg 600w\" sizes=\"(max-width: 924px) 100vw, 924px\" \/><\/div><div class=\"ugb-feature-grid__content\"><h4 class=\"ugb-feature-grid__title\">Marketing y Promociones<\/h4><p class=\"ugb-feature-grid__description\">El mejor boca a boca, de una manera digital<\/p><\/div><\/div><div class=\"ugb-feature-grid__item ugb-feature-grid__item2 ugb--shadow-4\"><div class=\"ugb-feature-grid__image\"><img class=\"ugb-img wp-image-43834\" src=\"https:\/\/www.menudrive.com\/wp-content\/uploads\/2021\/04\/F5.png\" alt=\"Feature 2\" width=\"60\" srcset=\"https:\/\/www.menudrive.com\/wp-content\/uploads\/2021\/04\/F5.png 225w, https:\/\/www.menudrive.com\/wp-content\/uploads\/2021\/04\/F5-100x100.png 100w, https:\/\/www.menudrive.com\/wp-content\/uploads\/2021\/04\/F5-150x150.png 150w\" sizes=\"(max-width: 225px) 100vw, 225px\" \/><\/div><div class=\"ugb-feature-grid__content\"><h4 class=\"ugb-feature-grid__title\">Cupones de descuento <\/h4><p class=\"ugb-feature-grid__description\">Encuentra clientes nuevos y convi\u00e9rtelos en clientes habituales <\/p><\/div><\/div><div class=\"ugb-feature-grid__item ugb-feature-grid__item3 ugb--shadow-4\"><div class=\"ugb-feature-grid__image\"><img class=\"ugb-img wp-image-43837\" src=\"https:\/\/www.menudrive.com\/wp-content\/uploads\/2021\/04\/F6.png\" alt=\"Feature 3\" width=\"60\" srcset=\"https:\/\/www.menudrive.com\/wp-content\/uploads\/2021\/04\/F6.png 247w, https:\/\/www.menudrive.com\/wp-content\/uploads\/2021\/04\/F6-182x150.png 182w\" sizes=\"(max-width: 247px) 100vw, 247px\" \/><\/div><div class=\"ugb-feature-grid__content\"><h4 class=\"ugb-feature-grid__title\">Reportes<\/h4><p class=\"ugb-feature-grid__description\">Toma acci\u00f3n basada en n\u00fameros reales<\/p><\/div><\/div><\/div><\/div><\/div>\n\n\n","protected":false},"excerpt":{"rendered":"<p>LA PLATAFORMA QUE FUNCIONA Y CONVIERTE TU RESTAURANTE EN UN MOTOR DE VENTAS Nuestras funciones est\u00e1n enfocadas en las ventas y en c\u00f3mo crear ganancias para tu restaurante Empieza a vender en l\u00ednea Funciones de MenuDrive Manejo de tus ventas Control total de tu restaurante, no importa donde est\u00e9s Marca y Estilo Personalizaci\u00f3n de tu &hellip;<\/p>\n<p class=\"read-more\"> <a class=\"\" href=\"https:\/\/www.menudrive.com\/mx\/funciones\/\"> <span class=\"screen-reader-text\">Funciones<\/span> Read More \u00bb<\/a><\/p>\n","protected":false},"author":15,"featured_media":0,"parent":0,"menu_order":0,"comment_status":"closed","ping_status":"closed","template":"","meta":{"editor_plus_custom_animation_option_css":"{}","om_disable_all_campaigns":false,"editor_plus_custom_css":"{\"5119d071-71df-4836-89c2-c0660efd9cc2\":\". { \\n\\n}\",\"640c553d-c214-4d88-a691-1a8a4109cbbb\":\".eplus-Fppq6b { \\n\\n}\",\"0766c06b-9e34-48f6-bdd4-56a45f49d101\":\".eplus-MH4uZD { \\n\\n}\"}","editor_plus_custom_css_file_version":"latest-617","editor_plus_custom_styling_options_file_version":"latest-2199","editor_plus_custom_styling_options_css":"{\"5119d071-71df-4836-89c2-c0660efd9cc2\":\"\",\"640c553d-c214-4d88-a691-1a8a4109cbbb\":\".eplus_styles .eplus-Fppq6b {\\n                position: relative;\\n                margin-top: 0% !important;\\nmargin-bottom: 2% !important;\\n            }\",\"0766c06b-9e34-48f6-bdd4-56a45f49d101\":\"\"}","editor_plus_copied_stylings":"{}","editor_plus_extended_blocks_css":"{}","editor_plus_post_options":"{}"},"categories":[],"tags":[],"featured_image_urls":{"full":""},"post_excerpt_stackable":"<p>LA PLATAFORMA QUE FUNCIONA Y CONVIERTE TU RESTAURANTE EN UN MOTOR DE VENTASNuestras funciones est\u00e1n enfocadas en las ventas y en c\u00f3mo crear ganancias para tu restauranteEmpieza a vender en l\u00ednea Funciones de MenuDriveManejo de tus ventasControl total de tu restaurante, no importa donde est\u00e9sMarca y EstiloPersonalizaci\u00f3n de tu tienda en l\u00ednea con tu logo y coloresPedidos y PagosFacilidad para hacer pedidos y pagos diarios a tu cuenta Marketing y PromocionesEl mejor boca a boca, de una manera digitalCupones de descuento Encuentra clientes nuevos y convi\u00e9rtelos en clientes habituales ReportesToma acci\u00f3n basada en n\u00fameros reales<\/p>\n","category_list":"Sin categor\u00eda","author_info":{"name":"Sristi","url":"https:\/\/www.menudrive.com\/mx\/author\/sristi\/"},"comments_num":"0 comments","featured_image_urls_v2":{"full":"","thumbnail":"","medium":"","medium_large":"","large":"","1536x1536":"","2048x2048":"","ab-block-post-grid-landscape":"","ab-block-post-grid-square":"","gb-block-post-grid-landscape":"","gb-block-post-grid-square":""},"post_excerpt_stackable_v2":"<p>LA PLATAFORMA QUE FUNCIONA Y CONVIERTE TU RESTAURANTE EN UN MOTOR DE VENTASNuestras funciones est\u00e1n enfocadas en las ventas y en c\u00f3mo crear ganancias para tu restauranteEmpieza a vender en l\u00ednea Funciones de MenuDriveManejo de tus ventasControl total de tu restaurante, no importa donde est\u00e9sMarca y EstiloPersonalizaci\u00f3n de tu tienda en l\u00ednea con tu logo y coloresPedidos y PagosFacilidad para hacer pedidos y pagos diarios a tu cuenta Marketing y PromocionesEl mejor boca a boca, de una manera digitalCupones de descuento Encuentra clientes nuevos y convi\u00e9rtelos en clientes habituales ReportesToma acci\u00f3n basada en n\u00fameros reales<\/p>\n","category_list_v2":"Sin categor\u00eda","author_info_v2":{"name":"Sristi","url":"https:\/\/www.menudrive.com\/mx\/author\/sristi\/"},"comments_num_v2":"0 comments","featured_image_src":null,"featured_image_src_square":null,"uagb_featured_image_src":{"full":false,"thumbnail":false,"medium":false,"medium_large":false,"large":false,"1536x1536":false,"2048x2048":false,"ab-block-post-grid-landscape":false,"ab-block-post-grid-square":false,"gb-block-post-grid-landscape":false,"gb-block-post-grid-square":false},"uagb_author_info":{"display_name":"Sristi","author_link":"https:\/\/www.menudrive.com\/mx\/author\/sristi\/"},"uagb_comment_info":0,"uagb_excerpt":"LA PLATAFORMA QUE FUNCIONA Y CONVIERTE TU RESTAURANTE EN UN MOTOR DE VENTAS Nuestras funciones est\u00e1n enfocadas en las ventas y en c\u00f3mo crear ganancias para tu restaurante Empieza a vender en l\u00ednea Funciones de MenuDrive Manejo de tus ventas Control total de tu restaurante, no importa donde est\u00e9s Marca y Estilo Personalizaci\u00f3n de tu&hellip;","_links":{"self":[{"href":"https:\/\/www.menudrive.com\/mx\/wp-json\/wp\/v2\/pages\/38581"}],"collection":[{"href":"https:\/\/www.menudrive.com\/mx\/wp-json\/wp\/v2\/pages"}],"about":[{"href":"https:\/\/www.menudrive.com\/mx\/wp-json\/wp\/v2\/types\/page"}],"author":[{"embeddable":true,"href":"https:\/\/www.menudrive.com\/mx\/wp-json\/wp\/v2\/users\/15"}],"replies":[{"embeddable":true,"href":"https:\/\/www.menudrive.com\/mx\/wp-json\/wp\/v2\/comments?post=38581"}],"version-history":[{"count":0,"href":"https:\/\/www.menudrive.com\/mx\/wp-json\/wp\/v2\/pages\/38581\/revisions"}],"wp:attachment":[{"href":"https:\/\/www.menudrive.com\/mx\/wp-json\/wp\/v2\/media?parent=38581"}],"wp:term":[{"taxonomy":"category","embeddable":true,"href":"https:\/\/www.menudrive.com\/mx\/wp-json\/wp\/v2\/categories?post=38581"},{"taxonomy":"post_tag","embeddable":true,"href":"https:\/\/www.menudrive.com\/mx\/wp-json\/wp\/v2\/tags?post=38581"}],"curies":[{"name":"wp","href":"https:\/\/api.w.org\/{rel}","templated":true}]}}