{"id":38580,"date":"2021-02-27T07:54:31","date_gmt":"2021-02-27T12:54:31","guid":{"rendered":"https:\/\/www.menudrive.com\/menudrive-pagos\/"},"modified":"2021-04-19T18:15:09","modified_gmt":"2021-04-19T22:15:09","slug":"mdpay","status":"publish","type":"page","link":"https:\/\/www.menudrive.com\/mx\/mdpay\/","title":{"rendered":"Pagos de Menudrive"},"content":{"rendered":"\n<div class=\"alignfull wp-block-ugb-cta ugb-cta ugb-3130aae ugb-cta ugb-cta--v2 ugb-cta--design-plain ugb-main-block ugb-main-block--inner-wide ugb--has-block-background ugb--has-background-overlay\"><style>.ugb-3130aae .ugb-cta__title,.ugb-3130aae .ugb-cta__description,.ugb-3130aae .ugb-button-container{text-align:left !important}.ugb-3130aae .ugb-cta__title{font-size:40px !important;color:#ffffff}.ugb-3130aae .ugb-cta__description{color:#ffffff}.ugb-3130aae .ugb-button .ugb-button--inner{font-family:\"Open Sans\",Sans-serif !important}.ugb-3130aae .ugb-button{background-color:#f58025;border-radius:35px !important}.ugb-3130aae .ugb-button .ugb-button--inner,.ugb-3130aae .ugb-button svg:not(.ugb-custom-icon){color:#ffffff !important}.ugb-3130aae .ugb-button:before{border-radius:35px !important}.ugb-3130aae .ugb-inner-block{text-align:left}.ugb-3130aae.ugb-cta{min-height:60vh;background-color:#000000;background-image:url(https:\/\/www.menudrive.com\/wp-content\/uploads\/2021\/04\/Website-slide-2.jpg);background-position:top center}.ugb-3130aae.ugb-cta:before{background-color:#000000;opacity:0.2}@media screen and (max-width:1025px){.ugb-3130aae .ugb-cta__title,.ugb-3130aae .ugb-cta__description,.ugb-3130aae .ugb-button-container{text-align:center}.ugb-3130aae .ugb-cta__title{text-align:center !important}.ugb-3130aae .ugb-cta__description{text-align:center !important}.ugb-3130aae .ugb-button-container{text-align:center !important}.ugb-3130aae .ugb-inner-block{text-align:center}}@media screen and (min-width:768px) and (max-width:1025px){.ugb-3130aae.ugb-cta{padding-left:0px !important}}@media screen and (-ms-high-contrast:active),screen and (-ms-high-contrast:none){.ugb-3130aae.ugb-cta{height:60vh}}<\/style><div class=\"ugb-inner-block ugb-inner-block--wide\"><div class=\"ugb-block-content\"><div class=\"ugb-cta__item\"><h2 class=\"ugb-cta__title\"><strong>La Mejor Infraestructura de <\/strong><br><strong><span style=\"color: var(--stk-global-color-15085, #f58025);\" class=\"ugb-highlight\">Pagos en L\u00ednea<\/span><\/strong><\/h2><p class=\"ugb-cta__description\">Usa MenuDrive Pay mejor sistema para recibir pagos diarios<\/p><div class=\"ugb-button-container\"><a class=\"ugb-button ugb-button--size-large\" href=\"https:\/\/www.orderstart.com\/self_signon\/?lang=es\" target=\"_blank\" rel=\"noopener noreferrer\" title=\"\"><span class=\"ugb-button--inner\"><strong>Empieza tu prueba GRATIS<\/strong><\/span><\/a><\/div><\/div><\/div><\/div><\/div>\n\n\n\n<div class=\"aligncenter wp-block-ugb-columns ugb-columns ugb-90afd3c ugb-columns--design-plain ugb-columns--columns-2 ugb-main-block\"><div class=\"ugb-inner-block\"><div class=\"ugb-block-content\"><div class=\"ugb-columns__item ugb-90afd3c-content-wrapper\">\n<div class=\"wp-block-ugb-column ugb-column ugb-ffadf3a ugb-column--design-plain ugb-main-block\"><div class=\"ugb-inner-block\"><div class=\"ugb-block-content\"><div class=\"ugb-column__item ugb-ffadf3a-column-wrapper\"><div class=\"ugb-column__content-wrapper\">\n<div class=\"wp-block-ugb-container ugb-container ugb-d080878 ugb-container--v2 ugb-container--design-basic ugb-main-block\"><div class=\"ugb-inner-block\"><div class=\"ugb-block-content\"><div class=\"ugb-container__wrapper ugb-d080878-wrapper\"><div class=\"ugb-container__side\"><div class=\"ugb-container__content-wrapper ugb-d080878-content-wrapper\">\n<h2 class=\"eplus-Feqalv\" id=\"h-una-tienda-en-l-nea-completamente-integrada-para-recibir-pagos\" data-block-type=\"core\"><strong><span style=\"color: var(--stk-global-color-57337, #176796);\" class=\"ugb-highlight\">Una Tienda en L\u00ednea Completamente Integrada para Recibir Pagos<\/span><\/strong><\/h2>\n\n\n\n<p class=\"eplus-HPOljl\" data-block-type=\"core\">MenuDrive Pay te ofrece todo lo necesario para que puedas aceptar pagos en tu tienda en l\u00ednea.<\/p>\n\n\n\n<p class=\"eplus-0Etuau\" data-block-type=\"core\">Con MenuDrive Pay, tu restaurante puede cobrar sin complicaciones, sin fronteras y de manera programable como el resto de Internet. Nuestras tarifas ya est\u00e1n integradas en cada transacci\u00f3n y nunca tendr\u00e1s comisiones ocultas.<\/p>\n<\/div><\/div><\/div><\/div><\/div><\/div>\n<\/div><\/div><\/div><\/div><\/div>\n\n\n\n<div class=\"wp-block-ugb-column ugb-column ugb-9d5caa6 ugb-column--design-plain ugb-main-block\"><div class=\"ugb-inner-block\"><div class=\"ugb-block-content\"><div class=\"ugb-column__item ugb-9d5caa6-column-wrapper\"><div class=\"ugb-column__content-wrapper\">\n<figure class=\"wp-block-image size-large eplus-YJd3ir\" data-block-type=\"core\"><img src=\"https:\/\/www.menudrive.com\/wp-content\/uploads\/2021\/04\/seo1.png\" alt=\"\" class=\"wp-image-43855\"\/><\/figure>\n<\/div><\/div><\/div><\/div><\/div>\n<\/div><\/div><\/div><\/div>\n\n\n\n<div class=\"wp-container-2 wp-block-columns eplus-GCTJRm\" data-block-type=\"core\">\n<div class=\"wp-container-1 wp-block-column eplus-gvCHRi\" style=\"flex-basis:100%\" data-block-type=\"core\">\n<div class=\"alignwide wp-block-ugb-feature-grid ugb-feature-grid ugb-f77d870 ugb-feature-grid--v2 ugb-feature-grid--columns-4 ugb-feature-grid--design-basic ugb-main-block\"><style>.ugb-f77d870 .ugb-feature-grid__item{border-radius:6px !important}.ugb-f77d870 .ugb-feature-grid__title{color:var(--stk-global-color-52325,#111111);text-align:center}.ugb-f77d870 .ugb-feature-grid__description{color:var(--stk-global-color-52325,#111111);text-align:center}.ugb-f77d870 .ugb-inner-block{text-align:center}<\/style><div class=\"ugb-inner-block\"><div class=\"ugb-block-content\"><div class=\"ugb-feature-grid__item ugb-feature-grid__item1 ugb--shadow-5\"><div class=\"ugb-feature-grid__content\"><h3 class=\"ugb-feature-grid__title\"><strong>F\u00e1cil de usar<\/strong><\/h3><p class=\"ugb-feature-grid__description\">El procesamiento de pagos debe ser f\u00e1cil de usar pero altamente seguro<\/p><\/div><\/div><div class=\"ugb-feature-grid__item ugb-feature-grid__item2 ugb--shadow-5\"><div class=\"ugb-feature-grid__content\"><h3 class=\"ugb-feature-grid__title\"><strong>Comisiones Bajas<\/strong><\/h3><p class=\"ugb-feature-grid__description\">Los pagos en l\u00ednea deben incrementar tus ganancias, no agotarlas<\/p><\/div><\/div><div class=\"ugb-feature-grid__item ugb-feature-grid__item3 ugb--shadow-5\"><div class=\"ugb-feature-grid__content\"><h3 class=\"ugb-feature-grid__title\"><strong>Pagos Diarios<\/strong><\/h3><p class=\"ugb-feature-grid__description\">Sabemos que no quieres esperar para recibir pagos. Nosotros tampoco<\/p><\/div><\/div><div class=\"ugb-feature-grid__item ugb-feature-grid__item4 ugb--shadow-5\"><div class=\"ugb-feature-grid__content\"><h3 class=\"ugb-feature-grid__title\"><strong>Ventas sin L\u00edmites <\/strong><\/h3><p class=\"ugb-feature-grid__description\">Acepte tantos pagos en l\u00ednea como tus clientes quieran realizar<\/p><\/div><\/div><\/div><\/div><\/div>\n<\/div>\n<\/div>\n\n\n\n<div class=\"wp-block-ugb-container ugb-container ugb-ce637d3 ugb-container--v2 ugb-container--design-basic ugb-main-block\"><div class=\"ugb-inner-block\"><div class=\"ugb-block-content\"><div class=\"ugb-container__wrapper ugb-ce637d3-wrapper\"><div class=\"ugb-container__side\"><div class=\"ugb-container__content-wrapper ugb-ce637d3-content-wrapper\">\n<div class=\"wp-block-ugb-columns ugb-columns ugb-05d0cc5 ugb-columns--design-plain ugb-columns--columns-2 ugb-main-block\"><div class=\"ugb-inner-block\"><div class=\"ugb-block-content\"><div class=\"ugb-columns__item ugb-05d0cc5-content-wrapper\">\n<div class=\"wp-block-ugb-column ugb-column ugb-e02e97c ugb-column--design-plain ugb-main-block\"><div class=\"ugb-inner-block\"><div class=\"ugb-block-content\"><div class=\"ugb-column__item ugb-e02e97c-column-wrapper\"><div class=\"ugb-column__content-wrapper\">\n<div class=\"wistia_responsive_padding\" style=\"padding:56.25% 0 0 0;position:relative;\"><div class=\"wistia_responsive_wrapper\" style=\"height:100%;left:0;position:absolute;top:0;width:100%;\"><iframe loading=\"lazy\" src=\"https:\/\/fast.wistia.net\/embed\/iframe\/6j040qijkp?videoFoam=true\" title=\"\u00bfQue\u0301 es MenuDrive Pay? Video\" allow=\"autoplay; fullscreen\" allowtransparency=\"true\" scrolling=\"no\" class=\"wistia_embed\" name=\"wistia_embed\" allowfullscreen=\"\" msallowfullscreen=\"\" width=\"100%\" height=\"100%\" frameborder=\"0\"><\/iframe><\/div><\/div>\n<\/div><\/div><\/div><\/div><\/div>\n\n\n\n<div class=\"wp-block-ugb-column ugb-column ugb-ad3b4b0 ugb-column--design-plain ugb-main-block\"><div class=\"ugb-inner-block\"><div class=\"ugb-block-content\"><div class=\"ugb-column__item ugb-ad3b4b0-column-wrapper\"><div class=\"ugb-column__content-wrapper\">\n<h2 class=\"eplus-JusZpv\" id=\"h-menudrive-pay\" data-block-type=\"core\"><strong>MenuDrive Pay<\/strong><\/h2>\n\n\n\n<p class=\"eplus-uBFaNQ\" data-block-type=\"core\">MenuDrive Pay es nuestro sistema de pago impulsado por Stripe, la mejor infraestructura de comercio electr\u00f3nico creada para Internet.<\/p>\n\n\n\n<p class=\"eplus-srVxmg\" data-block-type=\"core\">A diferencia de los sistemas que comenzaron como procesadores en la tienda y luego pasaron a estar en l\u00ednea, Stripe siempre ha sido digital.<\/p>\n<\/div><\/div><\/div><\/div><\/div>\n<\/div><\/div><\/div><\/div>\n\n\n\n<ul class=\"eplus-6QGUDw\" data-block-type=\"core\"><li>Proceso de aplicaci\u00f3n r\u00e1pido (toma minutos, no d\u00edas) proceso de solicitud<\/li><li>Dep\u00f3sitos diarios a tu cuenta bancaria<\/li><li>Acepta pagos hechos en l\u00ednea y desde celulares<\/li><li>Tarifas integradas por transacci\u00f3n sin comisiones ocultas.<\/li><li>Colaboraci\u00f3n con entidades financieras, entidades reguladoras<\/li><\/ul>\n<\/div><\/div><\/div><\/div><\/div><\/div>\n\n\n\n<div class=\"alignfull wp-block-ugb-cta ugb-cta ugb-6e475f8 ugb-cta ugb-cta--v2 ugb-cta--design-plain ugb-main-block ugb-main-block--inner-wide ugb--has-block-background ugb--has-background-overlay\"><style>.ugb-6e475f8 .ugb-cta__title{font-size:33px !important;color:#ffffff}.ugb-6e475f8 .ugb-cta__description{font-size:16px !important;color:#ffffff}.ugb-6e475f8 .ugb-button .ugb-button--inner{font-family:\"Lato\",Sans-serif !important}.ugb-6e475f8 .ugb-button{background-color:var(--stk-global-color-15085,#f58025);border-radius:100px !important}.ugb-6e475f8 .ugb-button .ugb-button--inner,.ugb-6e475f8 .ugb-button svg:not(.ugb-custom-icon){color:var(--stk-global-color-47760,#ffffff) !important}.ugb-6e475f8 .ugb-button:before{border-radius:100px !important}.ugb-6e475f8.ugb-cta{background-color:var(--stk-global-color-15404,#fee5d1)}.ugb-6e475f8.ugb-cta:before{background-image:linear-gradient(90deg,var(--stk-global-color-15404,#fee5d1) 0%,var(--stk-global-color-72853,#003f5f) 100%)}<\/style><div class=\"ugb-inner-block ugb-inner-block--wide\"><div class=\"ugb-block-content\"><div class=\"ugb-cta__item\"><h3 class=\"ugb-cta__title\"><strong>\u00bfPor qu\u00e9 MenuDrive Pay?<\/strong><\/h3><p class=\"ugb-cta__description\">Si eres propietario(a) de un restaurante y est\u00e1s listo(a) para comenzar a vender en l\u00ednea hoy, MenuDrive Pay es una excelente opci\u00f3n para ti. Es r\u00e1pido, f\u00e1cil y confiable. Con su r\u00e1pido proceso de solicitud y pagos diarios, MenuDrive Pay sienta una base s\u00f3lida para el \u00e9xito de tu restaurante.<\/p><div class=\"ugb-button-container\"><a class=\"ugb-button ugb-button--size-large\" href=\"https:\/\/calendly.com\/menudrive-mexico\/demo\" target=\"_blank\" rel=\"noopener noreferrer\" title=\"\"><span class=\"ugb-button--inner\"><strong>Reg\u00edstrate  para una DEMO en vivo<\/strong><\/span><\/a><\/div><\/div><\/div><\/div><\/div>\n\n\n\n<div class=\"alignwide wp-block-ugb-feature-grid ugb-feature-grid ugb-3229341 ugb-feature-grid--v2 ugb-feature-grid--columns-3 ugb-feature-grid--design-plain ugb-main-block\"><style>.ugb-3229341 .ugb-img,.ugb-3229341 .ugb-feature-grid__image{margin-left:auto !important;margin-right:auto !important}.ugb-3229341 .ugb-feature-grid__title{text-align:center}.ugb-3229341 .ugb-feature-grid__description{font-size:16px !important;text-align:center}.ugb-3229341 .ugb-inner-block{text-align:center}.ugb-3229341 .ugb-block-title{font-size:33px !important}@media screen and (min-width:768px){.ugb-3229341.ugb-feature-grid{padding-bottom:96px !important}}<\/style><div class=\"ugb-inner-block\"><h3 class=\"ugb-block-title ugb-block-title--with-subtitle\">Las Funciones de <strong>MenuDrive Pay<\/strong><\/h3><p class=\"ugb-block-description\">MenuDrive Pay ofrece funciones clave para proteger y respaldar tu restaurante<\/p><div class=\"ugb-block-content\"><div class=\"ugb-feature-grid__item ugb-feature-grid__item1\"><div class=\"ugb-feature-grid__image\"><img loading=\"lazy\" width=\"157\" height=\"150\" class=\"ugb-img wp-image-43858\" src=\"https:\/\/www.menudrive.com\/wp-content\/uploads\/2021\/04\/seo2.png\" alt=\"Feature 1\"\/><\/div><div class=\"ugb-feature-grid__content\"><h3 class=\"ugb-feature-grid__title\"><strong>Regulaciones Financieras<\/strong><\/h3><p class=\"ugb-feature-grid__description\">Sigue las reglas, sin preocuparse por ellas.<\/p><\/div><\/div><div class=\"ugb-feature-grid__item ugb-feature-grid__item2\"><div class=\"ugb-feature-grid__image\"><img loading=\"lazy\" width=\"178\" height=\"150\" class=\"ugb-img wp-image-43910\" src=\"https:\/\/www.menudrive.com\/wp-content\/uploads\/2021\/04\/seo3-1.png\" alt=\"Feature 2\"\/><\/div><div class=\"ugb-feature-grid__content\"><h3 class=\"ugb-feature-grid__title\"><strong>Seguridad Extremo a Extremo<\/strong><\/h3><p class=\"ugb-feature-grid__description\">Mant\u00e9n a los hackers lejos y tus datos seguros.<\/p><\/div><\/div><div class=\"ugb-feature-grid__item ugb-feature-grid__item3\"><div class=\"ugb-feature-grid__image\"><img loading=\"lazy\" width=\"150\" height=\"150\" class=\"ugb-img wp-image-43906\" src=\"https:\/\/www.menudrive.com\/wp-content\/uploads\/2021\/04\/seo2-2.png\" alt=\"Feature 3\" srcset=\"https:\/\/www.menudrive.com\/wp-content\/uploads\/2021\/04\/seo2-2.png 150w, https:\/\/www.menudrive.com\/wp-content\/uploads\/2021\/04\/seo2-2-100x100.png 100w\" sizes=\"(max-width: 150px) 100vw, 150px\" \/><\/div><div class=\"ugb-feature-grid__content\"><h3 class=\"ugb-feature-grid__title\"><strong>Detecci\u00f3n de Fraude<\/strong><\/h3><p class=\"ugb-feature-grid__description\">Seguridad&nbsp;en l\u00ednea de forma m\u00e1s&nbsp;r\u00e1pida<\/p><\/div><\/div><\/div><\/div><\/div>\n\n\n\n<div class=\"alignwide wp-block-ugb-feature-grid ugb-feature-grid ugb-e5152a5 ugb-feature-grid--v2 ugb-feature-grid--columns-3 ugb-feature-grid--design-plain ugb-main-block\"><style>.ugb-e5152a5 .ugb-img,.ugb-e5152a5 .ugb-feature-grid__image{margin-left:auto !important;margin-right:auto !important}.ugb-e5152a5 .ugb-feature-grid__title{font-size:25px !important;text-align:center}.ugb-e5152a5 .ugb-feature-grid__description{font-size:16px !important;text-align:center}.ugb-e5152a5 .ugb-inner-block{text-align:center}@media screen and (min-width:768px){.ugb-e5152a5.ugb-feature-grid{padding-bottom:96px !important}}<\/style><div class=\"ugb-inner-block\"><div class=\"ugb-block-content\"><div class=\"ugb-feature-grid__item ugb-feature-grid__item1\"><div class=\"ugb-feature-grid__image\"><img loading=\"lazy\" width=\"178\" height=\"150\" class=\"ugb-img wp-image-43907\" src=\"https:\/\/www.menudrive.com\/wp-content\/uploads\/2021\/04\/seo4.png\" alt=\"R\u00e1pido proceso de alta\"\/><\/div><div class=\"ugb-feature-grid__content\"><h3 class=\"ugb-feature-grid__title\"><strong>R\u00e1pido Proceso de alta<\/strong><\/h3><p class=\"ugb-feature-grid__description\">Da de alta tu restaurante en solo minutos, no d\u00edas<\/p><\/div><\/div><div class=\"ugb-feature-grid__item ugb-feature-grid__item2\"><div class=\"ugb-feature-grid__image\"><img loading=\"lazy\" width=\"150\" height=\"150\" class=\"ugb-img wp-image-43870\" src=\"https:\/\/www.menudrive.com\/wp-content\/uploads\/2021\/04\/seo5.png\" alt=\"Feature 2\" srcset=\"https:\/\/www.menudrive.com\/wp-content\/uploads\/2021\/04\/seo5.png 150w, https:\/\/www.menudrive.com\/wp-content\/uploads\/2021\/04\/seo5-100x100.png 100w\" sizes=\"(max-width: 150px) 100vw, 150px\" \/><\/div><div class=\"ugb-feature-grid__content\"><h3 class=\"ugb-feature-grid__title\"><strong>Reportes Detallados<\/strong><\/h3><p class=\"ugb-feature-grid__description\">Obt\u00e9n informaci\u00f3n y datos completos.<\/p><\/div><\/div><div class=\"ugb-feature-grid__item ugb-feature-grid__item3\"><div class=\"ugb-feature-grid__image\"><img loading=\"lazy\" width=\"150\" height=\"150\" class=\"ugb-img wp-image-43908\" src=\"https:\/\/www.menudrive.com\/wp-content\/uploads\/2021\/04\/seo9.png\" alt=\"Feature 3\" srcset=\"https:\/\/www.menudrive.com\/wp-content\/uploads\/2021\/04\/seo9.png 150w, https:\/\/www.menudrive.com\/wp-content\/uploads\/2021\/04\/seo9-100x100.png 100w\" sizes=\"(max-width: 150px) 100vw, 150px\" \/><\/div><div class=\"ugb-feature-grid__content\"><h3 class=\"ugb-feature-grid__title\"><strong>Cargos y Reembolsos<\/strong><\/h3><p class=\"ugb-feature-grid__description\">Emite reembolsos y anula transacciones.<\/p><\/div><\/div><\/div><\/div><\/div>\n\n\n","protected":false},"excerpt":{"rendered":"<p>La Mejor Infraestructura de Pagos en L\u00ednea Usa MenuDrive Pay mejor sistema para recibir pagos diarios Empieza tu prueba GRATIS Una Tienda en L\u00ednea Completamente Integrada para Recibir Pagos MenuDrive Pay te ofrece todo lo necesario para que puedas aceptar pagos en tu tienda en l\u00ednea. Con MenuDrive Pay, tu restaurante puede cobrar sin complicaciones, &hellip;<\/p>\n<p class=\"read-more\"> <a class=\"\" href=\"https:\/\/www.menudrive.com\/mx\/mdpay\/\"> <span class=\"screen-reader-text\">Pagos de Menudrive<\/span> Read More \u00bb<\/a><\/p>\n","protected":false},"author":26,"featured_media":0,"parent":0,"menu_order":0,"comment_status":"closed","ping_status":"closed","template":"","meta":{"editor_plus_custom_animation_option_css":"{}","om_disable_all_campaigns":false,"editor_plus_custom_css":"{\"f2460fc4-e8e6-47dd-ba0d-0e78041030a2\":\".eplus-Feqalv { \\n\\n}\",\"6289f419-1d0b-4eff-8311-90fe4b88ddef\":\".eplus-HPOljl { \\n\\n}\",\"b905d1e0-a5b5-44ba-b2d6-73bef902a349\":\".eplus-0Etuau { \\n\\n}\",\"5ca6d935-225c-477a-9047-67ce82bfa2ee\":\".eplus-YJd3ir { \\n\\n}\",\"8891a828-7fc2-4b2a-aadb-0db29d10919f\":\".eplus-gvCHRi { \\n\\n}\",\"16229f05-7bf9-403c-8396-8bea3708fb4d\":\".eplus-GCTJRm { \\n\\n}\",\"9e47bf15-12e6-4cf5-a182-0408caac5fbd\":\". { \\n\\n}\",\"6d26c4ee-be06-4e7c-9e7c-04e8eff16d08\":\".eplus-JusZpv { \\n\\n}\",\"493e3295-c085-4415-82a6-918841426010\":\".eplus-uBFaNQ { \\n\\n}\",\"c74faa64-ffa9-4ac1-b133-4dfa40959c20\":\".eplus-srVxmg { \\n\\n}\",\"85c21a66-3500-47fa-af3d-0e9ff444db86\":\".eplus-6QGUDw { \\n\\n}\",\"b8af8982-9938-4ecb-887d-b00903457da2\":\". { \\n\\n}\"}","editor_plus_custom_css_file_version":"latest-622","editor_plus_custom_styling_options_file_version":"latest-7945","editor_plus_custom_styling_options_css":"{\"f2460fc4-e8e6-47dd-ba0d-0e78041030a2\":\".eplus_styles .eplus-Feqalv {\\n                position: relative;\\n                font-size: 36px !important;\\n            }\",\"6289f419-1d0b-4eff-8311-90fe4b88ddef\":\".eplus_styles .eplus-HPOljl {\\n                position: relative;\\n                font-size: 18px ;\\n            }\",\"b905d1e0-a5b5-44ba-b2d6-73bef902a349\":\".eplus_styles .eplus-0Etuau {\\n                position: relative;\\n                font-size: 18px !important;\\n            }\",\"5ca6d935-225c-477a-9047-67ce82bfa2ee\":\"\",\"8891a828-7fc2-4b2a-aadb-0db29d10919f\":\"\",\"16229f05-7bf9-403c-8396-8bea3708fb4d\":\"\",\"9e47bf15-12e6-4cf5-a182-0408caac5fbd\":\"\",\"6d26c4ee-be06-4e7c-9e7c-04e8eff16d08\":\"\",\"493e3295-c085-4415-82a6-918841426010\":\"\",\"c74faa64-ffa9-4ac1-b133-4dfa40959c20\":\"\",\"85c21a66-3500-47fa-af3d-0e9ff444db86\":\"\",\"b8af8982-9938-4ecb-887d-b00903457da2\":\"\"}","editor_plus_copied_stylings":"{}","editor_plus_extended_blocks_css":"{}","editor_plus_post_options":"{}"},"categories":[],"tags":[],"featured_image_urls":{"full":""},"post_excerpt_stackable":"<p>La Mejor Infraestructura de Pagos en L\u00edneaUsa MenuDrive Pay mejor sistema para recibir pagos diariosEmpieza tu prueba GRATIS Una Tienda en L\u00ednea Completamente Integrada para Recibir Pagos MenuDrive Pay te ofrece todo lo necesario para que puedas aceptar pagos en tu tienda en l\u00ednea. Con MenuDrive Pay, tu restaurante puede cobrar sin complicaciones, sin fronteras y de manera programable como el resto de Internet. Nuestras tarifas ya est\u00e1n integradas en cada transacci\u00f3n y nunca tendr\u00e1s comisiones ocultas. F\u00e1cil de usarEl procesamiento de pagos debe ser f\u00e1cil de usar pero altamente seguroComisiones BajasLos pagos en l\u00ednea deben incrementar tus ganancias, no&hellip;<\/p>\n","category_list":"Sin categor\u00eda","author_info":{"name":"mrwordpress","url":"https:\/\/www.menudrive.com\/mx\/author\/mrwordpress\/"},"comments_num":"0 comments","featured_image_urls_v2":{"full":"","thumbnail":"","medium":"","medium_large":"","large":"","1536x1536":"","2048x2048":"","ab-block-post-grid-landscape":"","ab-block-post-grid-square":"","gb-block-post-grid-landscape":"","gb-block-post-grid-square":""},"post_excerpt_stackable_v2":"<p>La Mejor Infraestructura de Pagos en L\u00edneaUsa MenuDrive Pay mejor sistema para recibir pagos diariosEmpieza tu prueba GRATIS Una Tienda en L\u00ednea Completamente Integrada para Recibir Pagos MenuDrive Pay te ofrece todo lo necesario para que puedas aceptar pagos en tu tienda en l\u00ednea. Con MenuDrive Pay, tu restaurante puede cobrar sin complicaciones, sin fronteras y de manera programable como el resto de Internet. Nuestras tarifas ya est\u00e1n integradas en cada transacci\u00f3n y nunca tendr\u00e1s comisiones ocultas. F\u00e1cil de usarEl procesamiento de pagos debe ser f\u00e1cil de usar pero altamente seguroComisiones BajasLos pagos en l\u00ednea deben incrementar tus ganancias, no&hellip;<\/p>\n","category_list_v2":"Sin categor\u00eda","author_info_v2":{"name":"mrwordpress","url":"https:\/\/www.menudrive.com\/mx\/author\/mrwordpress\/"},"comments_num_v2":"0 comments","featured_image_src":null,"featured_image_src_square":null,"uagb_featured_image_src":{"full":false,"thumbnail":false,"medium":false,"medium_large":false,"large":false,"1536x1536":false,"2048x2048":false,"ab-block-post-grid-landscape":false,"ab-block-post-grid-square":false,"gb-block-post-grid-landscape":false,"gb-block-post-grid-square":false},"uagb_author_info":{"display_name":"mrwordpress","author_link":"https:\/\/www.menudrive.com\/mx\/author\/mrwordpress\/"},"uagb_comment_info":0,"uagb_excerpt":"La Mejor Infraestructura de Pagos en L\u00ednea Usa MenuDrive Pay mejor sistema para recibir pagos diarios Empieza tu prueba GRATIS Una Tienda en L\u00ednea Completamente Integrada para Recibir Pagos MenuDrive Pay te ofrece todo lo necesario para que puedas aceptar pagos en tu tienda en l\u00ednea. Con MenuDrive Pay, tu restaurante puede cobrar sin complicaciones,&hellip;","_links":{"self":[{"href":"https:\/\/www.menudrive.com\/mx\/wp-json\/wp\/v2\/pages\/38580"}],"collection":[{"href":"https:\/\/www.menudrive.com\/mx\/wp-json\/wp\/v2\/pages"}],"about":[{"href":"https:\/\/www.menudrive.com\/mx\/wp-json\/wp\/v2\/types\/page"}],"author":[{"embeddable":true,"href":"https:\/\/www.menudrive.com\/mx\/wp-json\/wp\/v2\/users\/26"}],"replies":[{"embeddable":true,"href":"https:\/\/www.menudrive.com\/mx\/wp-json\/wp\/v2\/comments?post=38580"}],"version-history":[{"count":0,"href":"https:\/\/www.menudrive.com\/mx\/wp-json\/wp\/v2\/pages\/38580\/revisions"}],"wp:attachment":[{"href":"https:\/\/www.menudrive.com\/mx\/wp-json\/wp\/v2\/media?parent=38580"}],"wp:term":[{"taxonomy":"category","embeddable":true,"href":"https:\/\/www.menudrive.com\/mx\/wp-json\/wp\/v2\/categories?post=38580"},{"taxonomy":"post_tag","embeddable":true,"href":"https:\/\/www.menudrive.com\/mx\/wp-json\/wp\/v2\/tags?post=38580"}],"curies":[{"name":"wp","href":"https:\/\/api.w.org\/{rel}","templated":true}]}}