{"id":38563,"date":"2021-02-27T08:16:08","date_gmt":"2021-02-27T13:16:08","guid":{"rendered":"https:\/\/www.menudrive.com\/precios\/"},"modified":"2022-03-09T16:59:52","modified_gmt":"2022-03-09T21:59:52","slug":"precios","status":"publish","type":"page","link":"https:\/\/www.menudrive.com\/mx\/precios\/","title":{"rendered":"Precios"},"content":{"rendered":"\n<div class=\"alignfull wp-block-ugb-cta ugb-cta ugb-3130aae ugb-cta ugb-cta--v2 ugb-cta--design-plain ugb-main-block ugb-main-block--inner-wide ugb--has-block-background ugb--has-background-overlay\"><style>.ugb-3130aae .ugb-cta__title,.ugb-3130aae .ugb-cta__description,.ugb-3130aae .ugb-button-container{text-align:left !important}.ugb-3130aae .ugb-cta__title{font-size:40px !important;color:#ffffff}.ugb-3130aae .ugb-button .ugb-button--inner{font-family:\"Poppins\",Sans-serif !important}.ugb-3130aae .ugb-button{background-color:#f58025;border-radius:0px !important}.ugb-3130aae .ugb-button .ugb-button--inner,.ugb-3130aae .ugb-button svg:not(.ugb-custom-icon){color:#ffffff !important}.ugb-3130aae .ugb-button:before{border-radius:0px !important}.ugb-3130aae .ugb-inner-block{text-align:left}.ugb-3130aae.ugb-cta{min-height:60vh;background-color:#000000;background-image:url(https:\/\/www.menudrive.com\/wp-content\/uploads\/2021\/04\/Untitled-design-1-1.jpg);background-position:top center}.ugb-3130aae.ugb-cta:before{background-color:#000000;opacity:0.6}@media screen and (max-width:1025px){.ugb-3130aae .ugb-cta__title,.ugb-3130aae .ugb-cta__description,.ugb-3130aae .ugb-button-container{text-align:center}.ugb-3130aae .ugb-cta__title{text-align:center !important}.ugb-3130aae .ugb-button-container{text-align:center !important}.ugb-3130aae .ugb-inner-block{text-align:center}}@media screen and (min-width:768px) and (max-width:1025px){.ugb-3130aae.ugb-cta{padding-left:0px !important}}@media screen and (-ms-high-contrast:active),screen and (-ms-high-contrast:none){.ugb-3130aae.ugb-cta{height:60vh}}<\/style><div class=\"ugb-inner-block ugb-inner-block--wide\"><div class=\"ugb-block-content\"><div class=\"ugb-cta__item\"><h2 class=\"ugb-cta__title\"><strong>PEDIDOS ILIMITADOS<\/strong><br><strong><span class=\"ugb-highlight\">SIN COMISIONES O TARIFAS OCULTAS<\/span><\/strong><\/h2><div class=\"ugb-button-container\"><a class=\"ugb-button ugb-button--size-normal\" href=\"https:\/\/www.orderstart.com\/self_signon\/?lang=es\" rel=\"\" title=\"\"><span class=\"ugb-button--inner\">EMPIEZA A VENDER EN L\u00cdNEA HOY<\/span><\/a><\/div><\/div><\/div><\/div><\/div>\n\n\n\n<div class=\"wp-block-ugb-spacer ugb-spacer ugb-6383e8c ugb-spacer--v2 ugb-main-block\"><div class=\"ugb-inner-block\"><div class=\"ugb-block-content\"><div class=\"ugb-spacer--inner\"><\/div><\/div><\/div><\/div>\n\n\n\n<figure class=\"wp-block-table eplus-Y0ZzNN is-style-regular\" data-block-type=\"core\"><table><tbody><tr><td><\/td><td><strong>Tarifas de MenuDrive<\/strong><\/td><td class=\"has-text-align-right\" data-align=\"right\"><strong>Plan B\u00e1sico<\/strong><\/td><td><strong>Plan de empresa<\/strong><\/td><\/tr><tr><td><\/td><td>Tarifa mensual de software<\/td><td class=\"has-text-align-right\" data-align=\"right\"> $79 d\u00f3lares\/mes<\/td><td>$79 d\u00f3lares\/mes<\/td><\/tr><tr><td><\/td><td>Tarifa \u00fanica de instalaci\u00f3n<\/td><td class=\"has-text-align-right\" data-align=\"right\"><strong><s><s><strong>$2499 MXN<\/strong><\/s><\/s><\/strong>  GRATIS al activar tu cuenta<\/td><td><s><strong>$2499 MXN<\/strong> <\/s>GRATIS al activar tu cuenta<\/td><\/tr><tr><td><\/td><td>Tarifa de cancelaci\u00f3n<\/td><td class=\"has-text-align-right\" data-align=\"right\">$0<\/td><td>$0<\/td><\/tr><tr><td><\/td><td><\/td><td class=\"has-text-align-right\" data-align=\"right\"><strong><a href=\"https:\/\/www.orderstart.com\/self_signon\/?lang=es\" target=\"_blank\" rel=\"noreferrer noopener\"><strong>ACCESO GRATIS, pru\u00e9balo hasta por 14 d\u00edas<\/strong><\/a><\/strong><a href=\"https:\/\/www.orderstart.com\/self_signon\/?lang=es\" target=\"_blank\" rel=\"noreferrer noopener\"><\/a><\/td><td><span data-style=\"{\" style=\"border-radius:0px\" class=\"eplus-icon eplusicon-calendar1\"><\/span> <span class=\"ugb-highlight\"><strong><a href=\"https:\/\/www.menudrive.com\/mx\/contacto\/\">Habla con un especialista  <\/a><\/strong><\/span><\/td><\/tr><tr><td><\/td><td><\/td><td class=\"has-text-align-right\" data-align=\"right\"><\/td><td><\/td><\/tr><tr><td><\/td><td><strong>Tarifa de transacci\u00f3n por tarjetas de cr\u00e9dito<\/strong><\/td><td class=\"has-text-align-right\" data-align=\"right\"><\/td><td><\/td><\/tr><tr><td><\/td><td>Tasa de transacci\u00f3n a tanto alzado<\/td><td class=\"has-text-align-right\" data-align=\"right\">3.95% + 3 pesos por transacci\u00f3n*<\/td><td>3.95% + 3 pesos por transacci\u00f3n*<\/td><\/tr><tr><td><\/td><td><strong>Incluye<\/strong><\/td><td class=\"has-text-align-right\" data-align=\"right\"><\/td><td><\/td><\/tr><tr><td><\/td><td>Gesti\u00f3n de tienda en l\u00ednea  <\/td><td class=\"has-text-align-right\" data-align=\"right\">1 Sucursal<\/td><td>Multi-sucursal<\/td><\/tr><tr><td><\/td><td>Creaci\u00f3n de Men\u00fa<\/td><td class=\"has-text-align-right\" data-align=\"right\">Incluido <\/td><td>Incluido<\/td><\/tr><tr><td><\/td><td>Panel de control de MenuDrive<\/td><td class=\"has-text-align-right\" data-align=\"right\">Incluido<\/td><td>Incluido<\/td><\/tr><tr><td><\/td><td>Informes de MenuDrive<\/td><td class=\"has-text-align-right\" data-align=\"right\">Incluido<\/td><td>Incluido<\/td><\/tr><tr><td><\/td><td>Marca y personalizaci\u00f3n<\/td><td class=\"has-text-align-right\" data-align=\"right\">Incluido<\/td><td>Incluido<\/td><\/tr><tr><td><\/td><td>Alojamiento del sitio web<\/td><td class=\"has-text-align-right\" data-align=\"right\">Incluido<\/td><td>Incluido<\/td><\/tr><tr><td><\/td><td>Integraci\u00f3n con Lavu Punto de venta (POS) *opcional<\/td><td class=\"has-text-align-right\" data-align=\"right\">Incluido<\/td><td>Incluido<\/td><\/tr><tr><td><\/td><td><strong>Pedidos y entregas en l\u00ednea<\/strong><\/td><td class=\"has-text-align-right\" data-align=\"right\"><\/td><td><\/td><\/tr><tr><td><\/td><td>Pedidos ilimitados<\/td><td class=\"has-text-align-right\" data-align=\"right\">Ilimitados<\/td><td>Ilimitados<\/td><\/tr><tr><td><\/td><td>Pedidos hechos por dispositivo m\u00f3vil<\/td><td class=\"has-text-align-right\" data-align=\"right\">Ilimitados<\/td><td>Ilimitados<\/td><\/tr><tr><td><\/td><td>Pedidos en grupo<\/td><td class=\"has-text-align-right\" data-align=\"right\">Incluido<\/td><td>Incluido<\/td><\/tr><tr><td><\/td><td>Notificaci\u00f3n por correo electr\u00f3nico y tablero de pedidos<\/td><td class=\"has-text-align-right\" data-align=\"right\">Incluido<\/td><td>Incluido<\/td><\/tr><tr><td><\/td><td>Zonas de entregas personalizadas<\/td><td class=\"has-text-align-right\" data-align=\"right\">Incluido<\/td><td>Incluido<\/td><\/tr><tr><td><\/td><td><strong>Servicios de marketing<\/strong><\/td><td class=\"has-text-align-right\" data-align=\"right\"><\/td><td><\/td><\/tr><tr><td><\/td><td>Marketing por correo electr\u00f3nico<\/td><td class=\"has-text-align-right\" data-align=\"right\">Ilimitado<\/td><td>Ilimitado<\/td><\/tr><tr><td><\/td><td>Fidelizaci\u00f3n y premios<\/td><td class=\"has-text-align-right\" data-align=\"right\">Incluido<\/td><td>Incluido<\/td><\/tr><tr><td><\/td><td>Biblioteca de cupones (disponible pronto)<\/td><td class=\"has-text-align-right\" data-align=\"right\">Incluido<\/td><td>Incluido<\/td><\/tr><tr><td><\/td><td>Anuncios<\/td><td class=\"has-text-align-right\" data-align=\"right\">Incluido<\/td><td>Incluido<\/td><\/tr><tr><td><\/td><td><strong>Servicio de atenci\u00f3n al cliente<\/strong><\/td><td class=\"has-text-align-right\" data-align=\"right\"><\/td><td><\/td><\/tr><tr><td><\/td><td>24\/7\/365<\/td><td class=\"has-text-align-right\" data-align=\"right\">Incluido<\/td><td>Incluido<\/td><\/tr><\/tbody><\/table><figcaption>*Comisiones mas IVA<\/figcaption><\/figure>\n\n\n\n<div class=\"wp-block-ugb-cta ugb-cta ugb-9c461d4 ugb-cta ugb-cta--v2 ugb-main-block\"><style>.ugb-9c461d4 .ugb-button{background-color:var(--stk-global-color-15085,#f58025)}.ugb-9c461d4 .ugb-button .ugb-button--inner,.ugb-9c461d4 .ugb-button svg:not(.ugb-custom-icon){color:var(--stk-global-color-47760,#ffffff) !important}<\/style><div class=\"ugb-inner-block\"><div class=\"ugb-block-content\"><div class=\"ugb-cta__item\"><h3 class=\"ugb-cta__title\"><strong>Empieza tu Prueba GRATIS de MenuDrive<\/strong><\/h3><div class=\"ugb-button-container\"><a class=\"ugb-button ugb-button--size-normal\" href=\"https:\/\/www.menudrive.com\/mx\/menudrive_spanish\" target=\"_blank\" rel=\"noopener noreferrer\" title=\"\"><span class=\"ugb-button--inner\">Empieza ya<\/span><\/a><\/div><\/div><\/div><\/div><\/div>\n","protected":false},"excerpt":{"rendered":"<p>PEDIDOS ILIMITADOSSIN COMISIONES O TARIFAS OCULTAS EMPIEZA A VENDER EN L\u00cdNEA HOY Tarifas de MenuDrive Plan B\u00e1sico Plan de empresa Tarifa mensual de software $79 d\u00f3lares\/mes $79 d\u00f3lares\/mes Tarifa \u00fanica de instalaci\u00f3n $2499 MXN GRATIS al activar tu cuenta $2499 MXN GRATIS al activar tu cuenta Tarifa de cancelaci\u00f3n $0 $0 ACCESO GRATIS, pru\u00e9balo hasta &hellip;<\/p>\n<p class=\"read-more\"> <a class=\"\" href=\"https:\/\/www.menudrive.com\/mx\/precios\/\"> <span class=\"screen-reader-text\">Precios<\/span> Read More \u00bb<\/a><\/p>\n","protected":false},"author":32,"featured_media":45854,"parent":0,"menu_order":0,"comment_status":"closed","ping_status":"closed","template":"","meta":{"editor_plus_custom_animation_option_css":"{}","om_disable_all_campaigns":false,"editor_plus_custom_css":"{\"cb08a141-7311-48d7-9d2d-d8b5450cb5e6\":\".eplus-Y0ZzNN.is-style-regular { \\n\\n}\"}","editor_plus_custom_css_file_version":"latest-737","editor_plus_custom_styling_options_file_version":"latest-8537","editor_plus_custom_styling_options_css":"{\"cb08a141-7311-48d7-9d2d-d8b5450cb5e6\":\".eplus_styles .eplus-Y0ZzNN {\\n                position: relative;\\n                border: 0px solid rgb(49, 49, 49) ;\\n            }\"}","editor_plus_copied_stylings":"{}","editor_plus_extended_blocks_css":"{}","editor_plus_post_options":"{}"},"categories":[],"tags":[],"featured_image_urls":{"full":["https:\/\/www.menudrive.com\/wp-content\/uploads\/2021\/05\/restaurant-online-ordering.jpg",1200,628,false]},"post_excerpt_stackable":"<p>PEDIDOS ILIMITADOSSIN COMISIONES O TARIFAS OCULTASEMPIEZA A VENDER EN L\u00cdNEA HOY Tarifas de MenuDrivePlan B\u00e1sicoPlan de empresaTarifa mensual de software $79 d\u00f3lares\/mes$79 d\u00f3lares\/mesTarifa \u00fanica de instalaci\u00f3n$2499 MXN GRATIS al activar tu cuenta$2499 MXN GRATIS al activar tu cuentaTarifa de cancelaci\u00f3n$0$0ACCESO GRATIS, pru\u00e9balo hasta por 14 d\u00edas Habla con un especialista Tarifa de transacci\u00f3n por tarjetas de cr\u00e9ditoTasa de transacci\u00f3n a tanto alzado3.95% + 3 pesos por transacci\u00f3n*3.95% + 3 pesos por transacci\u00f3n*IncluyeGesti\u00f3n de tienda en l\u00ednea 1 SucursalMulti-sucursalCreaci\u00f3n de Men\u00faIncluido IncluidoPanel de control de MenuDriveIncluidoIncluidoInformes de MenuDriveIncluidoIncluidoMarca y personalizaci\u00f3nIncluidoIncluidoAlojamiento del sitio webIncluidoIncluidoIntegraci\u00f3n con Lavu Punto de venta (POS) *opcionalIncluidoIncluidoPedidos y&hellip;<\/p>\n","category_list":"Sin categor\u00eda","author_info":{"name":"ibtehaj akhter","url":"https:\/\/www.menudrive.com\/mx\/author\/ibtehaj\/"},"comments_num":"0 comments","featured_image_urls_v2":{"full":["https:\/\/www.menudrive.com\/wp-content\/uploads\/2021\/05\/restaurant-online-ordering.jpg",1200,628,false],"thumbnail":["https:\/\/www.menudrive.com\/wp-content\/uploads\/2021\/05\/restaurant-online-ordering-287x150.jpg",287,150,true],"medium":["https:\/\/www.menudrive.com\/wp-content\/uploads\/2021\/05\/restaurant-online-ordering-300x157.jpg",300,157,true],"medium_large":["https:\/\/www.menudrive.com\/wp-content\/uploads\/2021\/05\/restaurant-online-ordering-768x402.jpg",768,402,true],"large":["https:\/\/www.menudrive.com\/wp-content\/uploads\/2021\/05\/restaurant-online-ordering-1024x536.jpg",1024,536,true],"1536x1536":["https:\/\/www.menudrive.com\/wp-content\/uploads\/2021\/05\/restaurant-online-ordering.jpg",1200,628,false],"2048x2048":["https:\/\/www.menudrive.com\/wp-content\/uploads\/2021\/05\/restaurant-online-ordering.jpg",1200,628,false],"ab-block-post-grid-landscape":["https:\/\/www.menudrive.com\/wp-content\/uploads\/2021\/05\/restaurant-online-ordering-600x400.jpg",600,400,true],"ab-block-post-grid-square":["https:\/\/www.menudrive.com\/wp-content\/uploads\/2021\/05\/restaurant-online-ordering-600x600.jpg",600,600,true],"gb-block-post-grid-landscape":["https:\/\/www.menudrive.com\/wp-content\/uploads\/2021\/05\/restaurant-online-ordering.jpg",600,314,false],"gb-block-post-grid-square":["https:\/\/www.menudrive.com\/wp-content\/uploads\/2021\/05\/restaurant-online-ordering.jpg",600,314,false]},"post_excerpt_stackable_v2":"<p>PEDIDOS ILIMITADOSSIN COMISIONES O TARIFAS OCULTASEMPIEZA A VENDER EN L\u00cdNEA HOY Tarifas de MenuDrivePlan B\u00e1sicoPlan de empresaTarifa mensual de software $79 d\u00f3lares\/mes$79 d\u00f3lares\/mesTarifa \u00fanica de instalaci\u00f3n$2499 MXN GRATIS al activar tu cuenta$2499 MXN GRATIS al activar tu cuentaTarifa de cancelaci\u00f3n$0$0ACCESO GRATIS, pru\u00e9balo hasta por 14 d\u00edas Habla con un especialista Tarifa de transacci\u00f3n por tarjetas de cr\u00e9ditoTasa de transacci\u00f3n a tanto alzado3.95% + 3 pesos por transacci\u00f3n*3.95% + 3 pesos por transacci\u00f3n*IncluyeGesti\u00f3n de tienda en l\u00ednea 1 SucursalMulti-sucursalCreaci\u00f3n de Men\u00faIncluido IncluidoPanel de control de MenuDriveIncluidoIncluidoInformes de MenuDriveIncluidoIncluidoMarca y personalizaci\u00f3nIncluidoIncluidoAlojamiento del sitio webIncluidoIncluidoIntegraci\u00f3n con Lavu Punto de venta (POS) *opcionalIncluidoIncluidoPedidos y&hellip;<\/p>\n","category_list_v2":"Sin categor\u00eda","author_info_v2":{"name":"ibtehaj akhter","url":"https:\/\/www.menudrive.com\/mx\/author\/ibtehaj\/"},"comments_num_v2":"0 comments","featured_image_src":"https:\/\/www.menudrive.com\/wp-content\/uploads\/2021\/05\/restaurant-online-ordering.jpg","featured_image_src_square":"https:\/\/www.menudrive.com\/wp-content\/uploads\/2021\/05\/restaurant-online-ordering.jpg","uagb_featured_image_src":{"full":["https:\/\/www.menudrive.com\/wp-content\/uploads\/2021\/05\/restaurant-online-ordering.jpg",1200,628,false],"thumbnail":["https:\/\/www.menudrive.com\/wp-content\/uploads\/2021\/05\/restaurant-online-ordering-287x150.jpg",287,150,true],"medium":["https:\/\/www.menudrive.com\/wp-content\/uploads\/2021\/05\/restaurant-online-ordering-300x157.jpg",300,157,true],"medium_large":["https:\/\/www.menudrive.com\/wp-content\/uploads\/2021\/05\/restaurant-online-ordering-768x402.jpg",768,402,true],"large":["https:\/\/www.menudrive.com\/wp-content\/uploads\/2021\/05\/restaurant-online-ordering-1024x536.jpg",1024,536,true],"1536x1536":["https:\/\/www.menudrive.com\/wp-content\/uploads\/2021\/05\/restaurant-online-ordering.jpg",1200,628,false],"2048x2048":["https:\/\/www.menudrive.com\/wp-content\/uploads\/2021\/05\/restaurant-online-ordering.jpg",1200,628,false],"ab-block-post-grid-landscape":["https:\/\/www.menudrive.com\/wp-content\/uploads\/2021\/05\/restaurant-online-ordering-600x400.jpg",600,400,true],"ab-block-post-grid-square":["https:\/\/www.menudrive.com\/wp-content\/uploads\/2021\/05\/restaurant-online-ordering-600x600.jpg",600,600,true],"gb-block-post-grid-landscape":["https:\/\/www.menudrive.com\/wp-content\/uploads\/2021\/05\/restaurant-online-ordering.jpg",600,314,false],"gb-block-post-grid-square":["https:\/\/www.menudrive.com\/wp-content\/uploads\/2021\/05\/restaurant-online-ordering.jpg",600,314,false]},"uagb_author_info":{"display_name":"ibtehaj akhter","author_link":"https:\/\/www.menudrive.com\/mx\/author\/ibtehaj\/"},"uagb_comment_info":0,"uagb_excerpt":"PEDIDOS ILIMITADOSSIN COMISIONES O TARIFAS OCULTAS EMPIEZA A VENDER EN L\u00cdNEA HOY Tarifas de MenuDrive Plan B\u00e1sico Plan de empresa Tarifa mensual de software $79 d\u00f3lares\/mes $79 d\u00f3lares\/mes Tarifa \u00fanica de instalaci\u00f3n $2499 MXN GRATIS al activar tu cuenta $2499 MXN GRATIS al activar tu cuenta Tarifa de cancelaci\u00f3n $0 $0 ACCESO GRATIS, pru\u00e9balo hasta&hellip;","_links":{"self":[{"href":"https:\/\/www.menudrive.com\/mx\/wp-json\/wp\/v2\/pages\/38563"}],"collection":[{"href":"https:\/\/www.menudrive.com\/mx\/wp-json\/wp\/v2\/pages"}],"about":[{"href":"https:\/\/www.menudrive.com\/mx\/wp-json\/wp\/v2\/types\/page"}],"author":[{"embeddable":true,"href":"https:\/\/www.menudrive.com\/mx\/wp-json\/wp\/v2\/users\/32"}],"replies":[{"embeddable":true,"href":"https:\/\/www.menudrive.com\/mx\/wp-json\/wp\/v2\/comments?post=38563"}],"version-history":[{"count":0,"href":"https:\/\/www.menudrive.com\/mx\/wp-json\/wp\/v2\/pages\/38563\/revisions"}],"wp:featuredmedia":[{"embeddable":true,"href":"https:\/\/www.menudrive.com\/mx\/wp-json\/wp\/v2\/media\/45854"}],"wp:attachment":[{"href":"https:\/\/www.menudrive.com\/mx\/wp-json\/wp\/v2\/media?parent=38563"}],"wp:term":[{"taxonomy":"category","embeddable":true,"href":"https:\/\/www.menudrive.com\/mx\/wp-json\/wp\/v2\/categories?post=38563"},{"taxonomy":"post_tag","embeddable":true,"href":"https:\/\/www.menudrive.com\/mx\/wp-json\/wp\/v2\/tags?post=38563"}],"curies":[{"name":"wp","href":"https:\/\/api.w.org\/{rel}","templated":true}]}}